{"id":99971,"date":"2026-02-15T20:32:36","date_gmt":"2026-02-15T17:32:36","guid":{"rendered":"https:\/\/benerly.com.tr\/urun\/kadin-kayik-yaka-kolsuz-terrycotton-skater-midi-elbise\/"},"modified":"2026-02-26T17:34:55","modified_gmt":"2026-02-26T14:34:55","slug":"kadin-kayik-yaka-kolsuz-terrycotton-skater-midi-elbise","status":"publish","type":"product","link":"https:\/\/benerly.com.tr\/?product=kadin-kayik-yaka-kolsuz-terrycotton-skater-midi-elbise","title":{"rendered":"Kad\u0131n Kay\u0131k Yaka Kolsuz Terrycotton Skater Midi Elbise"},"content":{"rendered":"<p>Bu midi boy elbise, rahat ve \u015f\u0131k bir g\u00f6r\u00fcn\u00fcm sunan skater kal\u0131b\u0131yla \u00f6ne \u00e7\u0131k\u0131yor.; D\u00fcz deseni ve terrycotton dokumas\u0131, kuma\u015fa ho\u015f bir doku kat\u0131yor.; Elbisenin materyal bile\u015feni %66 polyester, %24 pamuk, %8 viskoz ve %2 elastan olup, bu kar\u0131\u015f\u0131m hem dayan\u0131kl\u0131l\u0131k hem de esneklik sa\u011fl\u0131yor.; G\u00fcnl\u00fck kullan\u0131ma uygun olan bu elbise, serin tutan yap\u0131s\u0131yla yaz aylar\u0131 i\u00e7in ideal bir se\u00e7enek olarak tasarlanm\u0131\u015ft\u0131r.; Astars\u0131z olmas\u0131 da hafifli\u011fini destekliyor ve hareket \u00f6zg\u00fcrl\u00fc\u011f\u00fc sunuyor.; Kay\u0131k yaka tasar\u0131m\u0131 zarif bir g\u00f6r\u00fcn\u00fcm sunarken, kolsuz kesimi s\u0131cak havalarda ferahl\u0131k sa\u011fl\u0131yor.; Elbisenin genel silueti, v\u00fccuda oturan \u00fcst k\u0131sm\u0131 ve geni\u015fleyen etek k\u0131sm\u0131 ile dikkat \u00e7ekiyor.; Bu kesim, hem rahat bir kullan\u0131m sunuyor hem de feminen bir duru\u015f sergiliyor.; Terrycotton dokumas\u0131, kuma\u015f\u0131n yumu\u015fakl\u0131\u011f\u0131n\u0131 ve nefes alabilirli\u011fini art\u0131rarak g\u00fcn boyu konfor sa\u011fl\u0131yor.; Esnek yap\u0131s\u0131 sayesinde hareketlerinizi k\u0131s\u0131tlamadan rahat\u00e7a kullanabilirsiniz.; Bu elbise, yaz mevsimi i\u00e7in m\u00fckemmel bir se\u00e7imdir.; G\u00fcnl\u00fck hayatta jean pantolonlar, \u015fortlar veya eteklerle rahatl\u0131kla kombinlenebilir.; Daha \u015f\u0131k bir g\u00f6r\u00fcn\u00fcm i\u00e7in topuklu sandaletler veya espadriller ile tamamlanabilir.; Spor ayakkab\u0131larla ise daha rahat ve spor bir stil elde edilebilir.; Bak\u0131m\u0131 kolay olan bu elbise, uzun \u00f6m\u00fcrl\u00fc kullan\u0131m\u0131 i\u00e7in \u00f6zel y\u0131kama talimatlar\u0131na dikkat edilerek temizlenmelidir.<\/p>\n","protected":false},"excerpt":{"rendered":"<p>Bu midi boy elbise, rahat ve \u015f\u0131k bir g\u00f6r\u00fcn\u00fcm sunan skater kal\u0131b\u0131yla \u00f6ne \u00e7\u0131k\u0131yor.; D\u00fcz deseni ve terrycotton dokumas\u0131, kuma\u015fa ho\u015f bir doku kat\u0131yor.; Elbisenin materyal bile\u015feni %66 polyester, %24 pamuk, %8 viskoz ve %2 elastan olup, bu kar\u0131\u015f\u0131m hem dayan\u0131kl\u0131l\u0131k hem de esneklik sa\u011fl\u0131yor.; G\u00fcnl\u00fck kullan\u0131ma uygun olan bu elbise, serin tutan yap\u0131s\u0131yla yaz [&#8230;]\n","protected":false},"featured_media":99977,"comment_status":"open","ping_status":"closed","template":"","meta":[],"product_brand":[321],"product_cat":[753],"product_tag":[],"class_list":{"0":"post-99971","1":"product","2":"type-product","3":"status-publish","4":"has-post-thumbnail","6":"product_brand-benerly","7":"product_cat-elbise-kadin-giyim","9":"first","10":"instock","11":"taxable","12":"shipping-taxable","13":"purchasable","14":"product-type-variable"},"_links":{"self":[{"href":"https:\/\/benerly.com.tr\/index.php?rest_route=\/wp\/v2\/product\/99971","targetHints":{"allow":["GET"]}}],"collection":[{"href":"https:\/\/benerly.com.tr\/index.php?rest_route=\/wp\/v2\/product"}],"about":[{"href":"https:\/\/benerly.com.tr\/index.php?rest_route=\/wp\/v2\/types\/product"}],"replies":[{"embeddable":true,"href":"https:\/\/benerly.com.tr\/index.php?rest_route=%2Fwp%2Fv2%2Fcomments&post=99971"}],"wp:featuredmedia":[{"embeddable":true,"href":"https:\/\/benerly.com.tr\/index.php?rest_route=\/wp\/v2\/media\/99977"}],"wp:attachment":[{"href":"https:\/\/benerly.com.tr\/index.php?rest_route=%2Fwp%2Fv2%2Fmedia&parent=99971"}],"wp:term":[{"taxonomy":"product_brand","embeddable":true,"href":"https:\/\/benerly.com.tr\/index.php?rest_route=%2Fwp%2Fv2%2Fproduct_brand&post=99971"},{"taxonomy":"product_cat","embeddable":true,"href":"https:\/\/benerly.com.tr\/index.php?rest_route=%2Fwp%2Fv2%2Fproduct_cat&post=99971"},{"taxonomy":"product_tag","embeddable":true,"href":"https:\/\/benerly.com.tr\/index.php?rest_route=%2Fwp%2Fv2%2Fproduct_tag&post=99971"}],"curies":[{"name":"wp","href":"https:\/\/api.w.org\/{rel}","templated":true}]}}