{"id":98672,"date":"2026-02-15T20:11:49","date_gmt":"2026-02-15T17:11:49","guid":{"rendered":"https:\/\/benerly.com.tr\/urun\/erkek-bagcikli-kalin-taban-deri-ayakkabi-fonksiyonel-dayanikli-kaliteli-konforlu-estetik-sik\/"},"modified":"2026-02-26T16:49:41","modified_gmt":"2026-02-26T13:49:41","slug":"erkek-bagcikli-kalin-taban-deri-ayakkabi-fonksiyonel-dayanikli-kaliteli-konforlu-estetik-sik","status":"publish","type":"product","link":"https:\/\/benerly.com.tr\/?product=erkek-bagcikli-kalin-taban-deri-ayakkabi-fonksiyonel-dayanikli-kaliteli-konforlu-estetik-sik","title":{"rendered":"Erkek Ba\u011fc\u0131kl\u0131 Kal\u0131n Taban Deri Ayakkab\u0131 Fonksiyonel Dayan\u0131kl\u0131 Kaliteli Konforlu Estetik \u015e\u0131k"},"content":{"rendered":"<p>Bu erkek ayakkab\u0131s\u0131, %100 suni deri saya materyali ile \u00fcretilmi\u015ftir.; D\u00fcz deseni ve klasik g\u00f6r\u00fcn\u00fcm\u00fc, her tarza uyum sa\u011flar.; Ayakkab\u0131n\u0131n i\u00e7 taban\u0131 da suni deriden yap\u0131lm\u0131\u015ft\u0131r, bu da uzun s\u00fcreli kullan\u0131mlarda dahi konfor sunar.; Kal\u0131n taban\u0131 ve dayan\u0131kl\u0131 yap\u0131s\u0131, g\u00fcnl\u00fck kullan\u0131ma uygunlu\u011funu peki\u015ftirir.; Ayakkab\u0131n\u0131n genel tasar\u0131m\u0131, modern bir estetik sunarken, ayn\u0131 zamanda zamans\u0131z bir \u015f\u0131kl\u0131\u011f\u0131 da beraberinde getirir.; Suni deri materyali, kolay temizlenebilirli\u011fi ve dayan\u0131kl\u0131l\u0131\u011f\u0131 ile \u00f6ne \u00e7\u0131karak \u00fcr\u00fcn\u00fcn uzun \u00f6m\u00fcrl\u00fc olmas\u0131n\u0131 sa\u011flar.; Bu ayakkab\u0131, hem \u015f\u0131k hem de rahat bir se\u00e7enek arayan erkekler i\u00e7in idealdir.; Ayakkab\u0131n\u0131n yaka k\u0131sm\u0131 ba\u011fc\u0131kl\u0131d\u0131r, bu da ki\u015fiye \u00f6zel bir uyum sa\u011flar.; Kolay giyilip \u00e7\u0131kar\u0131labilen yap\u0131s\u0131, g\u00fcnl\u00fck ko\u015fu\u015fturmacada pratiklik sunar.; Kal\u0131n taban kesimi, hem modern bir g\u00f6r\u00fcn\u00fcm katarken hem de zeminden gelen darbeleri emerek ekstra konfor sa\u011flar.; Suni deri i\u00e7 taban, ayaklar\u0131n nefes almas\u0131na yard\u0131mc\u0131 olur ve g\u00fcn boyu ferahl\u0131k hissi verir.; Ba\u011fc\u0131kl\u0131 tasar\u0131m\u0131, ayakkab\u0131n\u0131n aya\u011fa tam oturmas\u0131n\u0131 sa\u011flayarak hareket \u00f6zg\u00fcrl\u00fc\u011f\u00fcn\u00fc art\u0131r\u0131r.; Bu ayakkab\u0131, hem i\u015f hem de sosyal ortamlar i\u00e7in uygun bir se\u00e7enektir.; Bu ayakkab\u0131 k\u0131\u015f mevsimi i\u00e7in uygundur.; Kot pantolonlar, chino pantolonlar veya kanvas pantolonlarla rahatl\u0131kla kombinlenebilir.; Ayr\u0131ca, kuma\u015f pantolonlarla da \u015f\u0131k bir g\u00f6r\u00fcn\u00fcm elde edilebilir.; Ayakkab\u0131n\u0131n rengi ve tasar\u0131m\u0131, farkl\u0131 renklerdeki k\u0131yafetlerle uyum sa\u011flamas\u0131na olanak tan\u0131r.; Kombinlerinizi bir sneaker veya daha klasik bir loafer ile tamamlayabilirsiniz.; Ayakkab\u0131n\u0131n bak\u0131m\u0131 i\u00e7in nemli bir bezle silinmesi yeterlidir.<\/p>\n","protected":false},"excerpt":{"rendered":"<p>Bu erkek ayakkab\u0131s\u0131, %100 suni deri saya materyali ile \u00fcretilmi\u015ftir.; D\u00fcz deseni ve klasik g\u00f6r\u00fcn\u00fcm\u00fc, her tarza uyum sa\u011flar.; Ayakkab\u0131n\u0131n i\u00e7 taban\u0131 da suni deriden yap\u0131lm\u0131\u015ft\u0131r, bu da uzun s\u00fcreli kullan\u0131mlarda dahi konfor sunar.; Kal\u0131n taban\u0131 ve dayan\u0131kl\u0131 yap\u0131s\u0131, g\u00fcnl\u00fck kullan\u0131ma uygunlu\u011funu peki\u015ftirir.; Ayakkab\u0131n\u0131n genel tasar\u0131m\u0131, modern bir estetik sunarken, ayn\u0131 zamanda zamans\u0131z bir \u015f\u0131kl\u0131\u011f\u0131 [&#8230;]\n","protected":false},"featured_media":98678,"comment_status":"open","ping_status":"closed","template":"","meta":[],"product_brand":[321],"product_cat":[744],"product_tag":[],"class_list":{"0":"post-98672","1":"product","2":"type-product","3":"status-publish","4":"has-post-thumbnail","6":"product_brand-benerly","7":"product_cat-klasik-ayakkabi-kadin-ayakkabi","9":"first","10":"outofstock","11":"taxable","12":"shipping-taxable","13":"purchasable","14":"product-type-variable"},"_links":{"self":[{"href":"https:\/\/benerly.com.tr\/index.php?rest_route=\/wp\/v2\/product\/98672","targetHints":{"allow":["GET"]}}],"collection":[{"href":"https:\/\/benerly.com.tr\/index.php?rest_route=\/wp\/v2\/product"}],"about":[{"href":"https:\/\/benerly.com.tr\/index.php?rest_route=\/wp\/v2\/types\/product"}],"replies":[{"embeddable":true,"href":"https:\/\/benerly.com.tr\/index.php?rest_route=%2Fwp%2Fv2%2Fcomments&post=98672"}],"wp:featuredmedia":[{"embeddable":true,"href":"https:\/\/benerly.com.tr\/index.php?rest_route=\/wp\/v2\/media\/98678"}],"wp:attachment":[{"href":"https:\/\/benerly.com.tr\/index.php?rest_route=%2Fwp%2Fv2%2Fmedia&parent=98672"}],"wp:term":[{"taxonomy":"product_brand","embeddable":true,"href":"https:\/\/benerly.com.tr\/index.php?rest_route=%2Fwp%2Fv2%2Fproduct_brand&post=98672"},{"taxonomy":"product_cat","embeddable":true,"href":"https:\/\/benerly.com.tr\/index.php?rest_route=%2Fwp%2Fv2%2Fproduct_cat&post=98672"},{"taxonomy":"product_tag","embeddable":true,"href":"https:\/\/benerly.com.tr\/index.php?rest_route=%2Fwp%2Fv2%2Fproduct_tag&post=98672"}],"curies":[{"name":"wp","href":"https:\/\/api.w.org\/{rel}","templated":true}]}}