{"id":98139,"date":"2026-02-15T20:04:06","date_gmt":"2026-02-15T17:04:06","guid":{"rendered":"https:\/\/benerly.com.tr\/urun\/kadin-maxi-etek-firfir-detayli-0-pamuk-a-kesim-duz-desenli-fonksiyonel-dayanikli-modern\/"},"modified":"2026-02-27T02:16:04","modified_gmt":"2026-02-26T23:16:04","slug":"kadin-maxi-etek-firfir-detayli-0-pamuk-a-kesim-duz-desenli-fonksiyonel-dayanikli-modern","status":"publish","type":"product","link":"https:\/\/benerly.com.tr\/?product=kadin-maxi-etek-firfir-detayli-0-pamuk-a-kesim-duz-desenli-fonksiyonel-dayanikli-modern","title":{"rendered":"Kad\u0131n Maxi Etek F\u0131rf\u0131r Detayl\u0131 0 Pamuk A Kesim D\u00fcz Desenli Fonksiyonel Dayan\u0131kl\u0131 Modern"},"content":{"rendered":"<p>Bu kad\u0131n maxi etek, %100 pamuk m\u00fcslin kuma\u015f\u0131yla \u00fcretilmi\u015ftir.; A kesim kal\u0131b\u0131 sayesinde rahat bir kullan\u0131m sunarken, d\u00fcz deseni ve etek ucundaki zarif f\u0131rf\u0131r detay\u0131 \u00fcr\u00fcne ho\u015f bir dokunu\u015f katmaktad\u0131r.; Astarl\u0131 yap\u0131s\u0131 sayesinde \u015feffaf olmayan bir kullan\u0131m deneyimi sa\u011flar.; Hafif ve nefes alabilen dokusuyla g\u00fcn boyu konforlu bir his verir.; Bu etek, hem \u015f\u0131k hem de rahat bir g\u00f6r\u00fcn\u00fcm arayan kad\u0131nlar i\u00e7in ideal bir se\u00e7enektir.; G\u00fcnl\u00fck kullan\u0131m i\u00e7in tasarlanm\u0131\u015f olup, cool ve konforlu bir persona yans\u0131t\u0131r.; \u00dcr\u00fcn\u00fcn yaka detay\u0131 bulunmamaktad\u0131r.; Kolsuz bir tasar\u0131ma sahiptir.; Kesimi A-line olup, etek ucunda belirgin bir f\u0131rf\u0131r detay\u0131 mevcuttur.; Y\u00fcksek bel modeli ve ayarlanabilir ku\u015fak detay\u0131 ile v\u00fccuda uyum sa\u011flar.; Kuma\u015f\u0131n do\u011fal yap\u0131s\u0131 sayesinde cilde dosttur ve hava ge\u00e7irgenli\u011fi y\u00fcksektir.; Bu \u00f6zellikler, uzun s\u00fcreli kullan\u0131mlarda bile maksimum konfor sunar.; G\u00fcnl\u00fck aktivitelerinizde veya \u00f6zel g\u00fcnlerinizde rahatl\u0131kla tercih edebilece\u011finiz bu etek, hareket \u00f6zg\u00fcrl\u00fc\u011f\u00fc sunan kesimiyle \u00f6ne \u00e7\u0131kar.; Yaz mevsimi i\u00e7in ideal olan bu etek, basic bir ti\u015f\u00f6rt, keten bir g\u00f6mlek veya \u015f\u0131k bir bluz ile kolayca kombinlenebilir.; Alt\u0131na beyaz spor ayakkab\u0131lar, sandaletler veya espadriller tercih edilebilir.; Kot ceket veya ince bir h\u0131rka ile serin ak\u015famlar i\u00e7in tamamlanabilir.; Bu etek, jean pantolonlar, \u015fortlar veya taytlar ile de farkl\u0131 kombinler yaratmak i\u00e7in kullan\u0131labilir.; \u00dcr\u00fcn\u00fcn bak\u0131m\u0131 i\u00e7in d\u00fc\u015f\u00fck s\u0131cakl\u0131kta elde y\u0131kama \u00f6nerilir.; A\u011fart\u0131c\u0131 kullan\u0131lmamal\u0131 ve sererek kurutulmas\u0131 tavsiye edilir.<\/p>\n","protected":false},"excerpt":{"rendered":"<p>Bu kad\u0131n maxi etek, %100 pamuk m\u00fcslin kuma\u015f\u0131yla \u00fcretilmi\u015ftir.; A kesim kal\u0131b\u0131 sayesinde rahat bir kullan\u0131m sunarken, d\u00fcz deseni ve etek ucundaki zarif f\u0131rf\u0131r detay\u0131 \u00fcr\u00fcne ho\u015f bir dokunu\u015f katmaktad\u0131r.; Astarl\u0131 yap\u0131s\u0131 sayesinde \u015feffaf olmayan bir kullan\u0131m deneyimi sa\u011flar.; Hafif ve nefes alabilen dokusuyla g\u00fcn boyu konforlu bir his verir.; Bu etek, hem \u015f\u0131k hem [&#8230;]\n","protected":false},"featured_media":98144,"comment_status":"open","ping_status":"closed","template":"","meta":[],"product_brand":[321],"product_cat":[761],"product_tag":[],"class_list":{"0":"post-98139","1":"product","2":"type-product","3":"status-publish","4":"has-post-thumbnail","6":"product_brand-benerly","7":"product_cat-etek-alt-giyim-kadin-giyim","9":"first","10":"instock","11":"taxable","12":"shipping-taxable","13":"purchasable","14":"product-type-variable"},"_links":{"self":[{"href":"https:\/\/benerly.com.tr\/index.php?rest_route=\/wp\/v2\/product\/98139","targetHints":{"allow":["GET"]}}],"collection":[{"href":"https:\/\/benerly.com.tr\/index.php?rest_route=\/wp\/v2\/product"}],"about":[{"href":"https:\/\/benerly.com.tr\/index.php?rest_route=\/wp\/v2\/types\/product"}],"replies":[{"embeddable":true,"href":"https:\/\/benerly.com.tr\/index.php?rest_route=%2Fwp%2Fv2%2Fcomments&post=98139"}],"wp:featuredmedia":[{"embeddable":true,"href":"https:\/\/benerly.com.tr\/index.php?rest_route=\/wp\/v2\/media\/98144"}],"wp:attachment":[{"href":"https:\/\/benerly.com.tr\/index.php?rest_route=%2Fwp%2Fv2%2Fmedia&parent=98139"}],"wp:term":[{"taxonomy":"product_brand","embeddable":true,"href":"https:\/\/benerly.com.tr\/index.php?rest_route=%2Fwp%2Fv2%2Fproduct_brand&post=98139"},{"taxonomy":"product_cat","embeddable":true,"href":"https:\/\/benerly.com.tr\/index.php?rest_route=%2Fwp%2Fv2%2Fproduct_cat&post=98139"},{"taxonomy":"product_tag","embeddable":true,"href":"https:\/\/benerly.com.tr\/index.php?rest_route=%2Fwp%2Fv2%2Fproduct_tag&post=98139"}],"curies":[{"name":"wp","href":"https:\/\/api.w.org\/{rel}","templated":true}]}}