{"id":97901,"date":"2026-02-15T20:00:26","date_gmt":"2026-02-15T17:00:26","guid":{"rendered":"https:\/\/benerly.com.tr\/urun\/kadin-gomlek-yaka-standart-kol-maxi-elbise-fonksiyonel-dayanikli-sik\/"},"modified":"2026-02-27T02:53:29","modified_gmt":"2026-02-26T23:53:29","slug":"kadin-gomlek-yaka-standart-kol-maxi-elbise-fonksiyonel-dayanikli-sik","status":"publish","type":"product","link":"https:\/\/benerly.com.tr\/?product=kadin-gomlek-yaka-standart-kol-maxi-elbise-fonksiyonel-dayanikli-sik","title":{"rendered":"Kad\u0131n G\u00f6mlek Yaka Standart Kol Maxi Elbise Fonksiyonel Dayan\u0131kl\u0131 \u015e\u0131k"},"content":{"rendered":"<p>Bu elbise, rahat ve \u015f\u0131k bir g\u00f6r\u00fcn\u00fcm sunan shift kal\u0131b\u0131yla \u00f6ne \u00e7\u0131k\u0131yor.; %60 pamuk ve %40 polyester kar\u0131\u015f\u0131m\u0131ndan olu\u015fan dokuma kuma\u015f\u0131, hem nefes alabilirli\u011fi hem de dayan\u0131kl\u0131l\u0131\u011f\u0131 bir araya getiriyor.; Kuma\u015f\u0131n terrycotton dokumas\u0131, yumu\u015fak bir dokunu\u015f sa\u011flarken, d\u00fcz deseni ile zamans\u0131z bir stil vadediyor.; Elbisenin genel sil\u00fceti basic olup, uzun boyu ile zarif bir duru\u015f sergiliyor.; Yar\u0131m patl\u0131 \u00f6n detay\u0131 ve ku\u015fakl\u0131 bel k\u0131sm\u0131, elbiseye modern bir dokunu\u015f kat\u0131yor.; Bu elbise, g\u00fcnl\u00fck kullan\u0131m i\u00e7in ideal bir se\u00e7enek olup, rahatl\u0131\u011f\u0131ndan \u00f6d\u00fcn vermek istemeyenler i\u00e7in tasarlanm\u0131\u015ft\u0131r.; Koleksiyonun par\u00e7as\u0131 olarak, hem \u015f\u0131kl\u0131\u011f\u0131 hem de konforu bir arada sunmay\u0131 hedefliyor.<\/p>\n","protected":false},"excerpt":{"rendered":"<p>Bu elbise, rahat ve \u015f\u0131k bir g\u00f6r\u00fcn\u00fcm sunan shift kal\u0131b\u0131yla \u00f6ne \u00e7\u0131k\u0131yor.; %60 pamuk ve %40 polyester kar\u0131\u015f\u0131m\u0131ndan olu\u015fan dokuma kuma\u015f\u0131, hem nefes alabilirli\u011fi hem de dayan\u0131kl\u0131l\u0131\u011f\u0131 bir araya getiriyor.; Kuma\u015f\u0131n terrycotton dokumas\u0131, yumu\u015fak bir dokunu\u015f sa\u011flarken, d\u00fcz deseni ile zamans\u0131z bir stil vadediyor.; Elbisenin genel sil\u00fceti basic olup, uzun boyu ile zarif bir duru\u015f [&#8230;]\n","protected":false},"featured_media":97907,"comment_status":"open","ping_status":"closed","template":"","meta":[],"product_brand":[321],"product_cat":[753],"product_tag":[],"class_list":{"0":"post-97901","1":"product","2":"type-product","3":"status-publish","4":"has-post-thumbnail","6":"product_brand-benerly","7":"product_cat-elbise-kadin-giyim","9":"first","10":"instock","11":"taxable","12":"shipping-taxable","13":"purchasable","14":"product-type-variable"},"_links":{"self":[{"href":"https:\/\/benerly.com.tr\/index.php?rest_route=\/wp\/v2\/product\/97901","targetHints":{"allow":["GET"]}}],"collection":[{"href":"https:\/\/benerly.com.tr\/index.php?rest_route=\/wp\/v2\/product"}],"about":[{"href":"https:\/\/benerly.com.tr\/index.php?rest_route=\/wp\/v2\/types\/product"}],"replies":[{"embeddable":true,"href":"https:\/\/benerly.com.tr\/index.php?rest_route=%2Fwp%2Fv2%2Fcomments&post=97901"}],"wp:featuredmedia":[{"embeddable":true,"href":"https:\/\/benerly.com.tr\/index.php?rest_route=\/wp\/v2\/media\/97907"}],"wp:attachment":[{"href":"https:\/\/benerly.com.tr\/index.php?rest_route=%2Fwp%2Fv2%2Fmedia&parent=97901"}],"wp:term":[{"taxonomy":"product_brand","embeddable":true,"href":"https:\/\/benerly.com.tr\/index.php?rest_route=%2Fwp%2Fv2%2Fproduct_brand&post=97901"},{"taxonomy":"product_cat","embeddable":true,"href":"https:\/\/benerly.com.tr\/index.php?rest_route=%2Fwp%2Fv2%2Fproduct_cat&post=97901"},{"taxonomy":"product_tag","embeddable":true,"href":"https:\/\/benerly.com.tr\/index.php?rest_route=%2Fwp%2Fv2%2Fproduct_tag&post=97901"}],"curies":[{"name":"wp","href":"https:\/\/api.w.org\/{rel}","templated":true}]}}