{"id":97194,"date":"2026-02-15T19:49:56","date_gmt":"2026-02-15T16:49:56","guid":{"rendered":"https:\/\/benerly.com.tr\/urun\/kadin-tuvit-dokuma-ekose-desenli-kalem-mini-etek-yuksek-bel-fonksiyonel-dayanikli-kaliteli\/"},"modified":"2026-02-27T03:22:36","modified_gmt":"2026-02-27T00:22:36","slug":"kadin-tuvit-dokuma-ekose-desenli-kalem-mini-etek-yuksek-bel-fonksiyonel-dayanikli-kaliteli","status":"publish","type":"product","link":"https:\/\/benerly.com.tr\/?product=kadin-tuvit-dokuma-ekose-desenli-kalem-mini-etek-yuksek-bel-fonksiyonel-dayanikli-kaliteli","title":{"rendered":"Kad\u0131n T\u00fcvit Dokuma Ekose Desenli Kalem Mini Etek Y\u00fcksek Bel Fonksiyonel Dayan\u0131kl\u0131 Kaliteli"},"content":{"rendered":"<p>Bu kalem kesim mini etek, %100 pamuk i\u00e7eri\u011fiyle hem \u015f\u0131k hem de rahat bir kullan\u0131m sunar.; Dokuma t\u00fcvit kuma\u015f\u0131, ekose deseninin dokusunu belirginle\u015ftirerek \u00fcr\u00fcne derinlik katar.; \u00dczerindeki ekose desen, klasik bir g\u00f6r\u00fcn\u00fcm sa\u011flarken, modern kesimiyle de dikkat \u00e7eker.; Astars\u0131z tasar\u0131m\u0131 sayesinde hafif ve kullan\u0131\u015fl\u0131d\u0131r.; Bel y\u00fcksekli\u011fi, v\u00fccut hatlar\u0131n\u0131 g\u00fczelce vurgulayarak zarif bir siluet olu\u015fturur.; Bu etek, g\u00fcnl\u00fck kullan\u0131m i\u00e7in ideal olup, her dolapta bulunmas\u0131 gereken zamans\u0131z bir par\u00e7ad\u0131r.; \u00dcr\u00fcn\u00fcn bel k\u0131sm\u0131 y\u00fcksek olarak tasarlanm\u0131\u015ft\u0131r, bu da v\u00fccudunuzu daha iyi sararak konforlu bir uyum sa\u011flar.; Kalem kesim, bacaklar\u0131 zarif\u00e7e saran bir form sunarken, mini boyu ise gen\u00e7 ve dinamik bir hava katar.; T\u00fcvit dokuma kuma\u015f\u0131n kendine \u00f6zg\u00fc dokusu, ete\u011fe hem dokusal bir zenginlik hem de dayan\u0131kl\u0131l\u0131k kazand\u0131r\u0131r.; Ekose deseni, klasik bir stil \u00f6\u011fesi olarak \u00f6ne \u00e7\u0131kar ve farkl\u0131 kombinlere uyum sa\u011flama potansiyeli ta\u015f\u0131r.; Bu etek, rahatl\u0131\u011f\u0131 ve \u015f\u0131kl\u0131\u011f\u0131 bir arada arayanlar i\u00e7in \u00f6zenle tasarlanm\u0131\u015ft\u0131r.; Bu etek, \u00f6zellikle sonbahar ve k\u0131\u015f aylar\u0131 i\u00e7in uygundur.; Kot pantolonlar, dar kesim pantolonlar veya taytlarla rahatl\u0131kla kombinlenebilir.; \u00dczerine giyilecek bir bal\u0131k\u00e7\u0131 yaka kazak veya basic bir ti\u015f\u00f6rt ile \u015f\u0131k bir g\u00fcnl\u00fck g\u00f6r\u00fcn\u00fcm elde edilebilir.; Ayakkab\u0131 olarak ise botlar, \u00e7izmeler veya loaferlar tercih edilebilir.; \u00dcr\u00fcn\u00fcn bak\u0131m\u0131 i\u00e7in d\u00fc\u015f\u00fck s\u0131cakl\u0131kta elde y\u0131kama \u00f6nerilir.<\/p>\n","protected":false},"excerpt":{"rendered":"<p>Bu kalem kesim mini etek, %100 pamuk i\u00e7eri\u011fiyle hem \u015f\u0131k hem de rahat bir kullan\u0131m sunar.; Dokuma t\u00fcvit kuma\u015f\u0131, ekose deseninin dokusunu belirginle\u015ftirerek \u00fcr\u00fcne derinlik katar.; \u00dczerindeki ekose desen, klasik bir g\u00f6r\u00fcn\u00fcm sa\u011flarken, modern kesimiyle de dikkat \u00e7eker.; Astars\u0131z tasar\u0131m\u0131 sayesinde hafif ve kullan\u0131\u015fl\u0131d\u0131r.; Bel y\u00fcksekli\u011fi, v\u00fccut hatlar\u0131n\u0131 g\u00fczelce vurgulayarak zarif bir siluet olu\u015fturur.; Bu [&#8230;]\n","protected":false},"featured_media":97200,"comment_status":"open","ping_status":"closed","template":"","meta":[],"product_brand":[321],"product_cat":[761],"product_tag":[],"class_list":{"0":"post-97194","1":"product","2":"type-product","3":"status-publish","4":"has-post-thumbnail","6":"product_brand-benerly","7":"product_cat-etek-alt-giyim-kadin-giyim","9":"first","10":"instock","11":"taxable","12":"shipping-taxable","13":"purchasable","14":"product-type-variable"},"_links":{"self":[{"href":"https:\/\/benerly.com.tr\/index.php?rest_route=\/wp\/v2\/product\/97194","targetHints":{"allow":["GET"]}}],"collection":[{"href":"https:\/\/benerly.com.tr\/index.php?rest_route=\/wp\/v2\/product"}],"about":[{"href":"https:\/\/benerly.com.tr\/index.php?rest_route=\/wp\/v2\/types\/product"}],"replies":[{"embeddable":true,"href":"https:\/\/benerly.com.tr\/index.php?rest_route=%2Fwp%2Fv2%2Fcomments&post=97194"}],"wp:featuredmedia":[{"embeddable":true,"href":"https:\/\/benerly.com.tr\/index.php?rest_route=\/wp\/v2\/media\/97200"}],"wp:attachment":[{"href":"https:\/\/benerly.com.tr\/index.php?rest_route=%2Fwp%2Fv2%2Fmedia&parent=97194"}],"wp:term":[{"taxonomy":"product_brand","embeddable":true,"href":"https:\/\/benerly.com.tr\/index.php?rest_route=%2Fwp%2Fv2%2Fproduct_brand&post=97194"},{"taxonomy":"product_cat","embeddable":true,"href":"https:\/\/benerly.com.tr\/index.php?rest_route=%2Fwp%2Fv2%2Fproduct_cat&post=97194"},{"taxonomy":"product_tag","embeddable":true,"href":"https:\/\/benerly.com.tr\/index.php?rest_route=%2Fwp%2Fv2%2Fproduct_tag&post=97194"}],"curies":[{"name":"wp","href":"https:\/\/api.w.org\/{rel}","templated":true}]}}