{"id":95824,"date":"2026-02-15T19:28:32","date_gmt":"2026-02-15T16:28:32","guid":{"rendered":"https:\/\/benerly.com.tr\/urun\/kadin-gomlek-yaka-standart-kol-regular-kalip-pijama-takimi-fonksiyonel-modern\/"},"modified":"2026-02-27T02:36:50","modified_gmt":"2026-02-26T23:36:50","slug":"kadin-gomlek-yaka-standart-kol-regular-kalip-pijama-takimi-fonksiyonel-modern","status":"publish","type":"product","link":"https:\/\/benerly.com.tr\/?product=kadin-gomlek-yaka-standart-kol-regular-kalip-pijama-takimi-fonksiyonel-modern","title":{"rendered":"Kad\u0131n G\u00f6mlek Yaka Standart Kol Regular Kal\u0131p Pijama Tak\u0131m\u0131 Fonksiyonel Modern"},"content":{"rendered":"<p>Bu pijama tak\u0131m\u0131, %100 pamuk i\u00e7eri\u011fiyle cildinize nefes ald\u0131ran bir konfor sunar.; \u00d6rme kuma\u015f dokusu sayesinde yumu\u015fak bir dokunu\u015f hissi verirken, regular kal\u0131b\u0131 hareket \u00f6zg\u00fcrl\u00fc\u011f\u00fcn\u00fcz\u00fc k\u0131s\u0131tlamaz.; \u00dczerindeki bask\u0131l\u0131 desen, tak\u0131ma e\u011flenceli ve feminen bir hava katmaktad\u0131r.; S\u00fcprem dokuma tipi, dayan\u0131kl\u0131l\u0131\u011f\u0131n\u0131 art\u0131r\u0131rken, metraj bask\u0131 tekni\u011fi desenin canl\u0131l\u0131\u011f\u0131n\u0131 korumas\u0131n\u0131 sa\u011flar.; Bu tak\u0131m, evde ge\u00e7irdi\u011finiz zamanlar\u0131 daha keyifli hale getirmek i\u00e7in tasarlanm\u0131\u015ft\u0131r.; \u00dcst k\u0131s\u0131mda g\u00f6mlek yaka ve standart kol detay\u0131 bulunurken, alt k\u0131s\u0131mda normal bel ve geni\u015f pa\u00e7a pantolon yer al\u0131r.; Bu tasar\u0131m, hem \u015f\u0131k hem de rahat bir g\u00f6r\u00fcn\u00fcm sunar.; Uzun kollu yap\u0131s\u0131 sayesinde k\u0131\u015f aylar\u0131nda s\u0131cak tutar.; Yumu\u015fak dokusu ve rahat kal\u0131b\u0131, g\u00fcn boyu s\u00fcren bir konfor deneyimi ya\u015fat\u0131r.; Evde dinlenirken veya uyurken maksimum rahatl\u0131k sa\u011flamak \u00fczere \u00f6zenle \u00fcretilmi\u015ftir.; K\u0131\u015f mevsimi i\u00e7in ideal olan bu pijama tak\u0131m\u0131, ev terlikleri ve rahat ev giysileriyle m\u00fckemmel bir uyum i\u00e7indedir.; \u0130sterseniz \u015f\u0131k bir ev h\u0131rkas\u0131 ile de kombinleyebilirsiniz.; Tak\u0131m\u0131n bak\u0131m\u0131 olduk\u00e7a kolayd\u0131r, makinede y\u0131kanabilir ve d\u00fc\u015f\u00fck \u0131s\u0131da \u00fct\u00fclenebilir.; Bu sayede uzun y\u0131llar ilk g\u00fcnk\u00fc gibi kalacakt\u0131r.<\/p>\n","protected":false},"excerpt":{"rendered":"<p>Bu pijama tak\u0131m\u0131, %100 pamuk i\u00e7eri\u011fiyle cildinize nefes ald\u0131ran bir konfor sunar.; \u00d6rme kuma\u015f dokusu sayesinde yumu\u015fak bir dokunu\u015f hissi verirken, regular kal\u0131b\u0131 hareket \u00f6zg\u00fcrl\u00fc\u011f\u00fcn\u00fcz\u00fc k\u0131s\u0131tlamaz.; \u00dczerindeki bask\u0131l\u0131 desen, tak\u0131ma e\u011flenceli ve feminen bir hava katmaktad\u0131r.; S\u00fcprem dokuma tipi, dayan\u0131kl\u0131l\u0131\u011f\u0131n\u0131 art\u0131r\u0131rken, metraj bask\u0131 tekni\u011fi desenin canl\u0131l\u0131\u011f\u0131n\u0131 korumas\u0131n\u0131 sa\u011flar.; Bu tak\u0131m, evde ge\u00e7irdi\u011finiz zamanlar\u0131 daha keyifli [&#8230;]\n","protected":false},"featured_media":95831,"comment_status":"open","ping_status":"closed","template":"","meta":[],"product_brand":[321],"product_cat":[763],"product_tag":[],"class_list":{"0":"post-95824","1":"product","2":"type-product","3":"status-publish","4":"has-post-thumbnail","6":"product_brand-benerly","7":"product_cat-pijama-takimi-ev-giyim-kadin-giyim","9":"first","10":"instock","11":"taxable","12":"shipping-taxable","13":"purchasable","14":"product-type-variable"},"_links":{"self":[{"href":"https:\/\/benerly.com.tr\/index.php?rest_route=\/wp\/v2\/product\/95824","targetHints":{"allow":["GET"]}}],"collection":[{"href":"https:\/\/benerly.com.tr\/index.php?rest_route=\/wp\/v2\/product"}],"about":[{"href":"https:\/\/benerly.com.tr\/index.php?rest_route=\/wp\/v2\/types\/product"}],"replies":[{"embeddable":true,"href":"https:\/\/benerly.com.tr\/index.php?rest_route=%2Fwp%2Fv2%2Fcomments&post=95824"}],"wp:featuredmedia":[{"embeddable":true,"href":"https:\/\/benerly.com.tr\/index.php?rest_route=\/wp\/v2\/media\/95831"}],"wp:attachment":[{"href":"https:\/\/benerly.com.tr\/index.php?rest_route=%2Fwp%2Fv2%2Fmedia&parent=95824"}],"wp:term":[{"taxonomy":"product_brand","embeddable":true,"href":"https:\/\/benerly.com.tr\/index.php?rest_route=%2Fwp%2Fv2%2Fproduct_brand&post=95824"},{"taxonomy":"product_cat","embeddable":true,"href":"https:\/\/benerly.com.tr\/index.php?rest_route=%2Fwp%2Fv2%2Fproduct_cat&post=95824"},{"taxonomy":"product_tag","embeddable":true,"href":"https:\/\/benerly.com.tr\/index.php?rest_route=%2Fwp%2Fv2%2Fproduct_tag&post=95824"}],"curies":[{"name":"wp","href":"https:\/\/api.w.org\/{rel}","templated":true}]}}