{"id":95184,"date":"2026-02-15T19:19:01","date_gmt":"2026-02-15T16:19:01","guid":{"rendered":"https:\/\/benerly.com.tr\/urun\/kadin-bisiklet-yaka-kisa-kol-shift-kalip-duz-orme-mini-elbise-fonksiyonel-dayanikli-sik\/"},"modified":"2026-02-27T03:24:32","modified_gmt":"2026-02-27T00:24:32","slug":"kadin-bisiklet-yaka-kisa-kol-shift-kalip-duz-orme-mini-elbise-fonksiyonel-dayanikli-sik","status":"publish","type":"product","link":"https:\/\/benerly.com.tr\/?product=kadin-bisiklet-yaka-kisa-kol-shift-kalip-duz-orme-mini-elbise-fonksiyonel-dayanikli-sik","title":{"rendered":"Kad\u0131n Bisiklet Yaka K\u0131sa Kol Shift Kal\u0131p D\u00fcz \u00d6rme Mini Elbise Fonksiyonel Dayan\u0131kl\u0131 \u015e\u0131k"},"content":{"rendered":"<p>Bu \u015f\u0131k elbise, %96 polyester ve %4 elastan i\u00e7eren \u00f6zel bir s\u00fcet \u00f6rme kuma\u015ftan \u00fcretilmi\u015ftir.; Kuma\u015f\u0131n yumu\u015fak dokusu ve hafif esnekli\u011fi, g\u00fcn boyu konforlu bir kullan\u0131m sunar.; D\u00fcz deseni ve rengi ile zamans\u0131z bir g\u00f6r\u00fcn\u00fcm yakalayan bu mini elbise, shift kal\u0131b\u0131 sayesinde v\u00fccuda yap\u0131\u015fmadan zarif bir siluet \u00e7izer.; \u00dczerindeki ta\u015f detayl\u0131 cepler, elbiseye sofistike bir dokunu\u015f katarken, astars\u0131z yap\u0131s\u0131 ile \u00f6zellikle s\u0131cak havalarda ferah bir his verir.; Bu elbise, hem g\u00fcnl\u00fck kullan\u0131mda hem de daha \u00f6zel davetlerde rahatl\u0131kla tercih edilebilir.; Kalitesi ve modern tasar\u0131m\u0131 ile gard\u0131robunuzun vazge\u00e7ilmez par\u00e7alar\u0131ndan biri olacakt\u0131r.; Elbisenin bisiklet yaka tasar\u0131m\u0131, klasik ve zarif bir g\u00f6r\u00fcn\u00fcm sa\u011flarken, standart kesim k\u0131sa kollar\u0131 hareket \u00f6zg\u00fcrl\u00fc\u011f\u00fc sunar.; Shift kal\u0131b\u0131, v\u00fccut hatlar\u0131n\u0131 belli etmeden rahat bir kullan\u0131m sunarak, her v\u00fccut tipine uyum sa\u011flar.; S\u00fcet \u00f6rme kuma\u015f\u0131n dokusu, elbiseye ho\u015f bir dokunu\u015f katarken, ta\u015f detayl\u0131 cepler ise \u00fcr\u00fcne \u00f6zg\u00fcnl\u00fck ve dikkat \u00e7ekici bir detay ekler.; Bu elbise, \u015f\u0131kl\u0131\u011f\u0131 ve konforu bir arada arayan kad\u0131nlar i\u00e7in ideal bir se\u00e7enektir.; \u0130\u015f ortam\u0131ndan g\u00fcnl\u00fck ya\u015fama kadar geni\u015f bir kullan\u0131m alan\u0131na sahip olan bu par\u00e7a, kolay kombinlenebilirli\u011fi ile \u00f6ne \u00e7\u0131kar.; Yaz mevsimi i\u00e7in ideal olan bu elbise, spor ayakkab\u0131larla kombinlendi\u011finde rahat ve \u015f\u0131k bir g\u00fcnl\u00fck g\u00f6r\u00fcn\u00fcm elde etmenizi sa\u011flar.; Daha \u015f\u0131k bir g\u00f6r\u00fcn\u00fcm i\u00e7in topuklu sandaletler ve \u015f\u0131k bir clutch \u00e7anta ile tamamlayabilirsiniz.; Pantolon veya eteklerle de\u011fil, tek ba\u015f\u0131na bir elbise olarak tasarlanm\u0131\u015ft\u0131r.; Bu nedenle, alt\u0131na giyilecek herhangi bir alt giyim \u00fcr\u00fcn\u00fc yerine, kendi ba\u015f\u0131na bir stil ifadesi olu\u015fturur.; Elbisenin bak\u0131m\u0131nda, kuma\u015f\u0131n dokusunu ve \u00fczerindeki ta\u015f detaylar\u0131n\u0131 korumak i\u00e7in nazik y\u0131kama y\u00f6ntemleri \u00f6nerilir.<\/p>\n","protected":false},"excerpt":{"rendered":"<p>Bu \u015f\u0131k elbise, %96 polyester ve %4 elastan i\u00e7eren \u00f6zel bir s\u00fcet \u00f6rme kuma\u015ftan \u00fcretilmi\u015ftir.; Kuma\u015f\u0131n yumu\u015fak dokusu ve hafif esnekli\u011fi, g\u00fcn boyu konforlu bir kullan\u0131m sunar.; D\u00fcz deseni ve rengi ile zamans\u0131z bir g\u00f6r\u00fcn\u00fcm yakalayan bu mini elbise, shift kal\u0131b\u0131 sayesinde v\u00fccuda yap\u0131\u015fmadan zarif bir siluet \u00e7izer.; \u00dczerindeki ta\u015f detayl\u0131 cepler, elbiseye sofistike bir [&#8230;]\n","protected":false},"featured_media":95201,"comment_status":"open","ping_status":"closed","template":"","meta":[],"product_brand":[321],"product_cat":[753],"product_tag":[],"class_list":{"0":"post-95184","1":"product","2":"type-product","3":"status-publish","4":"has-post-thumbnail","6":"product_brand-benerly","7":"product_cat-elbise-kadin-giyim","9":"first","10":"instock","11":"taxable","12":"shipping-taxable","13":"purchasable","14":"product-type-variable"},"_links":{"self":[{"href":"https:\/\/benerly.com.tr\/index.php?rest_route=\/wp\/v2\/product\/95184","targetHints":{"allow":["GET"]}}],"collection":[{"href":"https:\/\/benerly.com.tr\/index.php?rest_route=\/wp\/v2\/product"}],"about":[{"href":"https:\/\/benerly.com.tr\/index.php?rest_route=\/wp\/v2\/types\/product"}],"replies":[{"embeddable":true,"href":"https:\/\/benerly.com.tr\/index.php?rest_route=%2Fwp%2Fv2%2Fcomments&post=95184"}],"wp:featuredmedia":[{"embeddable":true,"href":"https:\/\/benerly.com.tr\/index.php?rest_route=\/wp\/v2\/media\/95201"}],"wp:attachment":[{"href":"https:\/\/benerly.com.tr\/index.php?rest_route=%2Fwp%2Fv2%2Fmedia&parent=95184"}],"wp:term":[{"taxonomy":"product_brand","embeddable":true,"href":"https:\/\/benerly.com.tr\/index.php?rest_route=%2Fwp%2Fv2%2Fproduct_brand&post=95184"},{"taxonomy":"product_cat","embeddable":true,"href":"https:\/\/benerly.com.tr\/index.php?rest_route=%2Fwp%2Fv2%2Fproduct_cat&post=95184"},{"taxonomy":"product_tag","embeddable":true,"href":"https:\/\/benerly.com.tr\/index.php?rest_route=%2Fwp%2Fv2%2Fproduct_tag&post=95184"}],"curies":[{"name":"wp","href":"https:\/\/api.w.org\/{rel}","templated":true}]}}