{"id":95113,"date":"2026-02-15T19:18:01","date_gmt":"2026-02-15T16:18:01","guid":{"rendered":"https:\/\/benerly.com.tr\/urun\/kadin-buklet-iplik-dokulu-dugme-detayli-bisiklet-yaka-reglan-kol-uzun-kollu-triko-alt-ust-takim\/"},"modified":"2026-02-27T03:23:44","modified_gmt":"2026-02-27T00:23:44","slug":"kadin-buklet-iplik-dokulu-dugme-detayli-bisiklet-yaka-reglan-kol-uzun-kollu-triko-alt-ust-takim","status":"publish","type":"product","link":"https:\/\/benerly.com.tr\/?product=kadin-buklet-iplik-dokulu-dugme-detayli-bisiklet-yaka-reglan-kol-uzun-kollu-triko-alt-ust-takim","title":{"rendered":"Kad\u0131n Buklet \u0130plik Dokulu D\u00fc\u011fme Detayl\u0131 Bisiklet Yaka Reglan Kol Uzun Kollu Triko Alt \u00dcst Tak\u0131m"},"content":{"rendered":"<p>Bu kad\u0131n alt \u00fcst triko tak\u0131m, rahatl\u0131\u011f\u0131 ve \u015f\u0131kl\u0131\u011f\u0131 bir araya getiren \u00f6zel bir par\u00e7ad\u0131r.; Regular kal\u0131b\u0131 sayesinde g\u00fcn boyu konforlu bir kullan\u0131m sunar ve v\u00fccuda oturan ancak hareket \u00f6zg\u00fcrl\u00fc\u011f\u00fcn\u00fc k\u0131s\u0131tlamayan bir yap\u0131ya sahiptir.; Tak\u0131m\u0131n \u00fcst par\u00e7as\u0131 kazak, alt par\u00e7as\u0131 ise pantolondan olu\u015fmaktad\u0131r.; \u00dcr\u00fcn, %73 Akrilik %27 Polyester materyal bile\u015fimi ile \u00fcretilmi\u015ftir, bu sayede yumu\u015fak bir dokunu\u015f ve s\u0131cak tutma \u00f6zelli\u011fi ta\u015f\u0131r.; D\u00fcz deseni, buklet iplik dokusuyla zenginle\u015ftirilerek sade ama dikkat \u00e7ekici bir g\u00f6r\u00fcn\u00fcm kazan\u0131r.; Bu tak\u0131m, g\u00fcnl\u00fck kullan\u0131m i\u00e7in ideal bir se\u00e7enektir.; Bu kad\u0131n triko tak\u0131m\u0131n \u00fcst par\u00e7as\u0131nda yer alan bisiklet yaka, boyun b\u00f6lgesinde konforlu bir duru\u015f sa\u011flarken, reglan kol kesimi omuzlara modern ve estetik bir hava katmaktad\u0131r.; Uzun kollu yap\u0131s\u0131, \u00f6zellikle so\u011fuk havalarda s\u0131cak tutma \u00f6zelli\u011fi sunarak g\u00fcn boyu rahatl\u0131k vadeder.; Tak\u0131m\u0131n orta kal\u0131nl\u0131ktaki dokusu, k\u0131\u015f aylar\u0131nda d\u0131\u015f giyimle kolayca kombinlenebilir veya tek ba\u015f\u0131na giyilerek \u015f\u0131k bir g\u00f6r\u00fcn\u00fcm elde edilebilir.; \u00dcst par\u00e7adaki inci g\u00f6r\u00fcn\u00fcml\u00fc d\u00fc\u011fme detaylar\u0131, tak\u0131ma sofistike ve zarif bir dokunu\u015f ekler.; Esnek yap\u0131s\u0131 sayesinde hareket \u00f6zg\u00fcrl\u00fc\u011f\u00fc sunan bu tak\u0131m, g\u00fcn i\u00e7inde rahat etmenizi sa\u011flar.; Hem evde dinlenirken hem de d\u0131\u015far\u0131da casual bir g\u00f6r\u00fcn\u00fcm elde etmek istedi\u011finizde tercih edilebilir, dokulu yap\u0131s\u0131 ile farkl\u0131 bir his sunar ve kullan\u0131m kolayl\u0131\u011f\u0131 sa\u011flar.; K\u0131\u015f sezonu i\u00e7in ideal olan bu tak\u0131m, stilinizi tamamlamak i\u00e7in \u00e7e\u015fitli kombinasyonlara olanak tan\u0131r.; Siyah rengi sayesinde spor ayakkab\u0131larla g\u00fcnl\u00fck, botlarla ise daha \u015f\u0131k bir g\u00f6r\u00fcn\u00fcm elde edilebilir.; D\u00fcz kesim bir kaban veya \u015fi\u015fme mont ile tamamlanabilir.; Uzun bir palto ile de uyumlu bir stil olu\u015fturur.; \u00dcr\u00fcn\u00fcn uzun \u00f6m\u00fcrl\u00fc kullan\u0131m\u0131 i\u00e7in d\u00fc\u015f\u00fck \u0131s\u0131da hassas y\u0131kama \u00f6nerilir.<\/p>\n","protected":false},"excerpt":{"rendered":"<p>Bu kad\u0131n alt \u00fcst triko tak\u0131m, rahatl\u0131\u011f\u0131 ve \u015f\u0131kl\u0131\u011f\u0131 bir araya getiren \u00f6zel bir par\u00e7ad\u0131r.; Regular kal\u0131b\u0131 sayesinde g\u00fcn boyu konforlu bir kullan\u0131m sunar ve v\u00fccuda oturan ancak hareket \u00f6zg\u00fcrl\u00fc\u011f\u00fcn\u00fc k\u0131s\u0131tlamayan bir yap\u0131ya sahiptir.; Tak\u0131m\u0131n \u00fcst par\u00e7as\u0131 kazak, alt par\u00e7as\u0131 ise pantolondan olu\u015fmaktad\u0131r.; \u00dcr\u00fcn, %73 Akrilik %27 Polyester materyal bile\u015fimi ile \u00fcretilmi\u015ftir, bu sayede yumu\u015fak [&#8230;]\n","protected":false},"featured_media":95122,"comment_status":"open","ping_status":"closed","template":"","meta":[],"product_brand":[321],"product_cat":[755],"product_tag":[],"class_list":{"0":"post-95113","1":"product","2":"type-product","3":"status-publish","4":"has-post-thumbnail","6":"product_brand-benerly","7":"product_cat-alt-ust-takim-takimlar-kadin-giyim","9":"first","10":"instock","11":"taxable","12":"shipping-taxable","13":"purchasable","14":"product-type-variable"},"_links":{"self":[{"href":"https:\/\/benerly.com.tr\/index.php?rest_route=\/wp\/v2\/product\/95113","targetHints":{"allow":["GET"]}}],"collection":[{"href":"https:\/\/benerly.com.tr\/index.php?rest_route=\/wp\/v2\/product"}],"about":[{"href":"https:\/\/benerly.com.tr\/index.php?rest_route=\/wp\/v2\/types\/product"}],"replies":[{"embeddable":true,"href":"https:\/\/benerly.com.tr\/index.php?rest_route=%2Fwp%2Fv2%2Fcomments&post=95113"}],"wp:featuredmedia":[{"embeddable":true,"href":"https:\/\/benerly.com.tr\/index.php?rest_route=\/wp\/v2\/media\/95122"}],"wp:attachment":[{"href":"https:\/\/benerly.com.tr\/index.php?rest_route=%2Fwp%2Fv2%2Fmedia&parent=95113"}],"wp:term":[{"taxonomy":"product_brand","embeddable":true,"href":"https:\/\/benerly.com.tr\/index.php?rest_route=%2Fwp%2Fv2%2Fproduct_brand&post=95113"},{"taxonomy":"product_cat","embeddable":true,"href":"https:\/\/benerly.com.tr\/index.php?rest_route=%2Fwp%2Fv2%2Fproduct_cat&post=95113"},{"taxonomy":"product_tag","embeddable":true,"href":"https:\/\/benerly.com.tr\/index.php?rest_route=%2Fwp%2Fv2%2Fproduct_tag&post=95113"}],"curies":[{"name":"wp","href":"https:\/\/api.w.org\/{rel}","templated":true}]}}