{"id":94792,"date":"2026-02-15T19:13:26","date_gmt":"2026-02-15T16:13:26","guid":{"rendered":"https:\/\/benerly.com.tr\/urun\/kadin-bisiklet-yaka-dusuk-kol-uzun-kollu-regular-kalip-orme-sweatshirt-fonksiyonel-estetik\/"},"modified":"2026-02-27T03:30:09","modified_gmt":"2026-02-27T00:30:09","slug":"kadin-bisiklet-yaka-dusuk-kol-uzun-kollu-regular-kalip-orme-sweatshirt-fonksiyonel-estetik","status":"publish","type":"product","link":"https:\/\/benerly.com.tr\/?product=kadin-bisiklet-yaka-dusuk-kol-uzun-kollu-regular-kalip-orme-sweatshirt-fonksiyonel-estetik","title":{"rendered":"Kad\u0131n Bisiklet Yaka D\u00fc\u015f\u00fck Kol Uzun Kollu Regular Kal\u0131p \u00d6rme Sweatshirt Fonksiyonel Estetik"},"content":{"rendered":"<p>Bu sweatshirt, %68 pamuk ve %32 polyester kar\u0131\u015f\u0131m\u0131 ile \u00fcretilmi\u015ftir.; Yumu\u015fak dokusu ve dayan\u0131kl\u0131 yap\u0131s\u0131 sayesinde uzun s\u00fcreli kullan\u0131ma uygundur.; Regular kal\u0131b\u0131, rahat bir oturu\u015f sa\u011flarken, bisiklet yaka ve d\u00fc\u015f\u00fck kol detay\u0131 modern bir g\u00f6r\u00fcn\u00fcm sunar.; \u00dczerindeki slogan bask\u0131s\u0131, \u00fcr\u00fcne \u00f6zg\u00fcn bir karakter katmaktad\u0131r.; \u00dc\u00e7 iplik penye \u015fardonlu dokumas\u0131, k\u0131\u015f aylar\u0131nda ekstra s\u0131cakl\u0131k ve konfor sa\u011flar.; Bu sweatshirt, g\u00fcnl\u00fck kullan\u0131m i\u00e7in idealdir ve cool bir stil yaratman\u0131za yard\u0131mc\u0131 olur.; \u00dcr\u00fcn\u00fcn \u00f6ne \u00e7\u0131kan \u00f6zellikleri aras\u0131nda bisiklet yaka ve d\u00fc\u015f\u00fck kol kesimi yer al\u0131r.; Bu tasar\u0131m, rahat hareket etmenizi sa\u011flarken ayn\u0131 zamanda \u015f\u0131k bir sil\u00fcet olu\u015fturur.; Uzun kollu yap\u0131s\u0131, so\u011fuk havalarda sizi s\u0131cak tutar.; Regular kal\u0131b\u0131, v\u00fccuda tam oturarak hem konforlu bir deneyim sunar hem de farkl\u0131 beden tiplerine uyum sa\u011flar.; \u00d6rme kuma\u015f yap\u0131s\u0131, nefes alabilirli\u011fi sayesinde g\u00fcn boyu rahatl\u0131k hissi verir.; \u00dczerindeki slogan detay\u0131, s\u0131radan bir sweatshirt&#8217;\u00fc daha dikkat \u00e7ekici hale getirir.; Bu sweatshirt, \u00f6zellikle k\u0131\u015f mevsimi i\u00e7in tasarlanm\u0131\u015ft\u0131r.; Jean pantolonlar, taytlar veya rahat kesim e\u015fofman altlar\u0131 ile m\u00fckemmel bir uyum yakalar.; Ayakkab\u0131 olarak spor ayakkab\u0131lar veya botlar tercih edilebilir.; \u00dcr\u00fcn\u00fcn bak\u0131m\u0131nda a\u011fart\u0131c\u0131 kullanmaktan ka\u00e7\u0131n\u0131lmal\u0131 ve d\u00fc\u015f\u00fck \u0131s\u0131da \u00fct\u00fclenmelidir.; Bu sweatshirt, hem rahatl\u0131\u011f\u0131 hem de stil sahibi g\u00f6r\u00fcn\u00fcm\u00fc bir arada sunarak gard\u0131robunuzun vazge\u00e7ilmez bir par\u00e7as\u0131 olacakt\u0131r.<\/p>\n","protected":false},"excerpt":{"rendered":"<p>Bu sweatshirt, %68 pamuk ve %32 polyester kar\u0131\u015f\u0131m\u0131 ile \u00fcretilmi\u015ftir.; Yumu\u015fak dokusu ve dayan\u0131kl\u0131 yap\u0131s\u0131 sayesinde uzun s\u00fcreli kullan\u0131ma uygundur.; Regular kal\u0131b\u0131, rahat bir oturu\u015f sa\u011flarken, bisiklet yaka ve d\u00fc\u015f\u00fck kol detay\u0131 modern bir g\u00f6r\u00fcn\u00fcm sunar.; \u00dczerindeki slogan bask\u0131s\u0131, \u00fcr\u00fcne \u00f6zg\u00fcn bir karakter katmaktad\u0131r.; \u00dc\u00e7 iplik penye \u015fardonlu dokumas\u0131, k\u0131\u015f aylar\u0131nda ekstra s\u0131cakl\u0131k ve konfor [&#8230;]\n","protected":false},"featured_media":94798,"comment_status":"open","ping_status":"closed","template":"","meta":[],"product_brand":[321],"product_cat":[766],"product_tag":[],"class_list":{"0":"post-94792","1":"product","2":"type-product","3":"status-publish","4":"has-post-thumbnail","6":"product_brand-benerly","7":"product_cat-sweatshirt","9":"first","10":"instock","11":"taxable","12":"shipping-taxable","13":"purchasable","14":"product-type-variable"},"_links":{"self":[{"href":"https:\/\/benerly.com.tr\/index.php?rest_route=\/wp\/v2\/product\/94792","targetHints":{"allow":["GET"]}}],"collection":[{"href":"https:\/\/benerly.com.tr\/index.php?rest_route=\/wp\/v2\/product"}],"about":[{"href":"https:\/\/benerly.com.tr\/index.php?rest_route=\/wp\/v2\/types\/product"}],"replies":[{"embeddable":true,"href":"https:\/\/benerly.com.tr\/index.php?rest_route=%2Fwp%2Fv2%2Fcomments&post=94792"}],"wp:featuredmedia":[{"embeddable":true,"href":"https:\/\/benerly.com.tr\/index.php?rest_route=\/wp\/v2\/media\/94798"}],"wp:attachment":[{"href":"https:\/\/benerly.com.tr\/index.php?rest_route=%2Fwp%2Fv2%2Fmedia&parent=94792"}],"wp:term":[{"taxonomy":"product_brand","embeddable":true,"href":"https:\/\/benerly.com.tr\/index.php?rest_route=%2Fwp%2Fv2%2Fproduct_brand&post=94792"},{"taxonomy":"product_cat","embeddable":true,"href":"https:\/\/benerly.com.tr\/index.php?rest_route=%2Fwp%2Fv2%2Fproduct_cat&post=94792"},{"taxonomy":"product_tag","embeddable":true,"href":"https:\/\/benerly.com.tr\/index.php?rest_route=%2Fwp%2Fv2%2Fproduct_tag&post=94792"}],"curies":[{"name":"wp","href":"https:\/\/api.w.org\/{rel}","templated":true}]}}