{"id":93272,"date":"2026-02-15T18:52:06","date_gmt":"2026-02-15T15:52:06","guid":{"rendered":"https:\/\/benerly.com.tr\/urun\/kadin-firfir-yaka-detayli-ajurlu-orgu-triko-hirka-dugmeli-on-kapanis-uzun-kollu-rahat-kalip\/"},"modified":"2026-02-27T03:27:19","modified_gmt":"2026-02-27T00:27:19","slug":"kadin-firfir-yaka-detayli-ajurlu-orgu-triko-hirka-dugmeli-on-kapanis-uzun-kollu-rahat-kalip","status":"publish","type":"product","link":"https:\/\/benerly.com.tr\/?product=kadin-firfir-yaka-detayli-ajurlu-orgu-triko-hirka-dugmeli-on-kapanis-uzun-kollu-rahat-kalip","title":{"rendered":"Kad\u0131n F\u0131rf\u0131r Yaka Detayl\u0131 Ajurlu \u00d6rg\u00fc Triko H\u0131rka D\u00fc\u011fmeli \u00d6n Kapan\u0131\u015f Uzun Kollu Rahat Kal\u0131p"},"content":{"rendered":"<p>Kad\u0131nlar i\u00e7in tasarlanan bu \u015f\u0131k triko h\u0131rka, casual ve g\u00fcnl\u00fck kombinlerinize zarif bir dokunu\u015f kat\u0131yor.; Regular kal\u0131b\u0131 sayesinde v\u00fccuda rahat\u00e7a oturan bu par\u00e7a, g\u00fcn boyu konfor sunar.; \u00dcr\u00fcn\u00fcn materyal bile\u015feni 80% Akrilik ve 20% Polyester olup, yumu\u015fak dokusuyla cildinize ho\u015f bir his verir.; Ajurlu \u00f6rg\u00fc deseni, h\u0131rkaya \u00f6zg\u00fcn ve estetik bir g\u00f6r\u00fcn\u00fcm kazand\u0131r\u0131rken, antrasit tonlar\u0131ndaki rengi farkl\u0131 giysilerle kolayca uyum sa\u011flar.; Bu triko h\u0131rka, hem s\u0131cak tutan hem de stil sahibi bir se\u00e7enek arayan kad\u0131nlar i\u00e7in idealdir.; Bu triko h\u0131rka, dik yaka tasar\u0131m\u0131yla boyun b\u00f6lgenizi s\u0131cak tutarken, omuzlardan ba\u015flay\u0131p \u00f6n k\u0131sma do\u011fru inen f\u0131rf\u0131r detaylar\u0131yla feminen bir hava kat\u0131yor.; Standart kol kesimi, hareket \u00f6zg\u00fcrl\u00fc\u011f\u00fcn\u00fcz\u00fc k\u0131s\u0131tlamadan rahat bir kullan\u0131m sunar.; \u00d6n k\u0131sm\u0131nda yer alan zarif d\u00fc\u011fmeler, h\u0131rkan\u0131n kolayca giyilip \u00e7\u0131kar\u0131lmas\u0131n\u0131 sa\u011flarken, ayn\u0131 zamanda \u015f\u0131k bir detay olarak \u00f6ne \u00e7\u0131kar.; Orta kal\u0131nl\u0131ktaki yap\u0131s\u0131 sayesinde hem i\u00e7 mekanlarda hem de d\u0131\u015far\u0131da katmanl\u0131 giyim i\u00e7in uygundur.; Esnek yap\u0131s\u0131, g\u00fcn boyu s\u00fcren aktivitelerinizde size e\u015flik ederken, rahatl\u0131\u011f\u0131 ve \u015f\u0131kl\u0131\u011f\u0131 bir arada sunar.; K\u0131\u015f sezonunun so\u011fuk g\u00fcnlerinde vazge\u00e7ilmez bir par\u00e7a olacak bu h\u0131rka, s\u0131cak tutan yap\u0131s\u0131yla \u00f6ne \u00e7\u0131kar.; KOMB\u0130N \u00d6NER\u0130S\u0130 olarak, y\u00fcksek bel bir kuma\u015f pantolon ve topuklu botlarla ofis \u015f\u0131kl\u0131\u011f\u0131 yaratabilir, dar kesim jean pantolon ve spor ayakkab\u0131larla g\u00fcnl\u00fck rahat bir stil olu\u015fturabilirsiniz.; Ayr\u0131ca, midi boy etekler ve loafer ayakkab\u0131larla da uyumlu bir g\u00f6r\u00fcn\u00fcm elde edilebilir.; \u00dcr\u00fcn\u00fcn uzun \u00f6m\u00fcrl\u00fc kullan\u0131m\u0131 i\u00e7in etiketindeki bak\u0131m talimatlar\u0131na uyman\u0131z \u00f6nerilir.<\/p>\n","protected":false},"excerpt":{"rendered":"<p>Kad\u0131nlar i\u00e7in tasarlanan bu \u015f\u0131k triko h\u0131rka, casual ve g\u00fcnl\u00fck kombinlerinize zarif bir dokunu\u015f kat\u0131yor.; Regular kal\u0131b\u0131 sayesinde v\u00fccuda rahat\u00e7a oturan bu par\u00e7a, g\u00fcn boyu konfor sunar.; \u00dcr\u00fcn\u00fcn materyal bile\u015feni 80% Akrilik ve 20% Polyester olup, yumu\u015fak dokusuyla cildinize ho\u015f bir his verir.; Ajurlu \u00f6rg\u00fc deseni, h\u0131rkaya \u00f6zg\u00fcn ve estetik bir g\u00f6r\u00fcn\u00fcm kazand\u0131r\u0131rken, antrasit tonlar\u0131ndaki [&#8230;]\n","protected":false},"featured_media":93276,"comment_status":"open","ping_status":"closed","template":"","meta":[],"product_brand":[321],"product_cat":[759],"product_tag":[],"class_list":{"0":"post-93272","1":"product","2":"type-product","3":"status-publish","4":"has-post-thumbnail","6":"product_brand-benerly","7":"product_cat-hirka-ust-giyim-kadin-giyim","9":"first","10":"instock","11":"taxable","12":"shipping-taxable","13":"purchasable","14":"product-type-variable"},"_links":{"self":[{"href":"https:\/\/benerly.com.tr\/index.php?rest_route=\/wp\/v2\/product\/93272","targetHints":{"allow":["GET"]}}],"collection":[{"href":"https:\/\/benerly.com.tr\/index.php?rest_route=\/wp\/v2\/product"}],"about":[{"href":"https:\/\/benerly.com.tr\/index.php?rest_route=\/wp\/v2\/types\/product"}],"replies":[{"embeddable":true,"href":"https:\/\/benerly.com.tr\/index.php?rest_route=%2Fwp%2Fv2%2Fcomments&post=93272"}],"wp:featuredmedia":[{"embeddable":true,"href":"https:\/\/benerly.com.tr\/index.php?rest_route=\/wp\/v2\/media\/93276"}],"wp:attachment":[{"href":"https:\/\/benerly.com.tr\/index.php?rest_route=%2Fwp%2Fv2%2Fmedia&parent=93272"}],"wp:term":[{"taxonomy":"product_brand","embeddable":true,"href":"https:\/\/benerly.com.tr\/index.php?rest_route=%2Fwp%2Fv2%2Fproduct_brand&post=93272"},{"taxonomy":"product_cat","embeddable":true,"href":"https:\/\/benerly.com.tr\/index.php?rest_route=%2Fwp%2Fv2%2Fproduct_cat&post=93272"},{"taxonomy":"product_tag","embeddable":true,"href":"https:\/\/benerly.com.tr\/index.php?rest_route=%2Fwp%2Fv2%2Fproduct_tag&post=93272"}],"curies":[{"name":"wp","href":"https:\/\/api.w.org\/{rel}","templated":true}]}}