{"id":91330,"date":"2026-02-15T18:23:38","date_gmt":"2026-02-15T15:23:38","guid":{"rendered":"https:\/\/benerly.com.tr\/urun\/kadin-kare-burun-duz-taban-deri-babet-fonksiyonel-dayanikli-kaliteli-konforlu-estetik-spor\/"},"modified":"2026-02-27T03:19:02","modified_gmt":"2026-02-27T00:19:02","slug":"kadin-kare-burun-duz-taban-deri-babet-fonksiyonel-dayanikli-kaliteli-konforlu-estetik-spor","status":"publish","type":"product","link":"https:\/\/benerly.com.tr\/?product=kadin-kare-burun-duz-taban-deri-babet-fonksiyonel-dayanikli-kaliteli-konforlu-estetik-spor","title":{"rendered":"Kad\u0131n Kare Burun D\u00fcz Taban Deri Babet Fonksiyonel Dayan\u0131kl\u0131 Kaliteli Konforlu Estetik Spor"},"content":{"rendered":"<p>Bu kad\u0131n babet, %100 hakiki deri materyali ile \u00f6ne \u00e7\u0131k\u0131yor.; \u00dcr\u00fcn, yumu\u015fak yap\u0131s\u0131 ve esnek taban\u0131 sayesinde g\u00fcn boyu konfor sunuyor.; Kare burun kesimi modern bir g\u00f6r\u00fcn\u00fcm katarken, zarif toka detay\u0131 klasik bir dokunu\u015f ekliyor.; \u00dcr\u00fcn\u00fcn kal\u0131b\u0131 standart olup, her ayak tipine uyum sa\u011flayacak \u015fekilde tasarlanm\u0131\u015ft\u0131r.; Minimalist ve \u015f\u0131k tasar\u0131m\u0131, her t\u00fcrl\u00fc k\u0131yafetle kolayca uyum sa\u011flamas\u0131na olanak tan\u0131yor.; Bu babet, hem g\u00fcnl\u00fck kullan\u0131m hem de \u00f6zel g\u00fcnler i\u00e7in ideal bir se\u00e7enektir.; \u00dcr\u00fcn\u00fcn yaka k\u0131sm\u0131 klasik babet formundad\u0131r ve ayakkab\u0131n\u0131n genel esteti\u011fini tamamlar.; Kolsuz bir \u00fcr\u00fcn olmamakla birlikte, bilekte biten tasar\u0131m\u0131yla rahat bir kullan\u0131m sunar.; Kesimi, aya\u011f\u0131n do\u011fal formunu takip ederek maksimum konforu hedefler.; D\u00fcz taban yap\u0131s\u0131, uzun s\u00fcreli kullan\u0131mlarda bile ayak yorgunlu\u011funu en aza indirir.; Derinin nefes alabilen yap\u0131s\u0131, ayaklar\u0131n g\u00fcn i\u00e7inde ferah kalmas\u0131n\u0131 sa\u011flar.; Bu babet, \u015f\u0131kl\u0131\u011f\u0131 ve rahatl\u0131\u011f\u0131 bir arada arayan kad\u0131nlar i\u00e7in tasarlanm\u0131\u015ft\u0131r.; \u0130lkbahar ve sonbahar mevsimlerinde rahatl\u0131kla kullanabilece\u011finiz bu babet, jean pantolonlar, etekler ve elbiselerle harika bir uyum sergiler.; Spor ayakkab\u0131 g\u00f6r\u00fcn\u00fcm\u00fcnden uzakla\u015fmak istedi\u011finizde veya daha klasik bir stil yaratmak istedi\u011finizde tercih edebilirsiniz.; Kombinlerinizi topuksuz babetlerle tamamlayarak zarif bir duru\u015f sergileyebilirsiniz.; Ayakkab\u0131n\u0131n bak\u0131m\u0131 i\u00e7in nemli bir bezle silinmesi ve deri bak\u0131m \u00fcr\u00fcnleri kullan\u0131lmas\u0131 \u00f6nerilir.<\/p>\n","protected":false},"excerpt":{"rendered":"<p>Bu kad\u0131n babet, %100 hakiki deri materyali ile \u00f6ne \u00e7\u0131k\u0131yor.; \u00dcr\u00fcn, yumu\u015fak yap\u0131s\u0131 ve esnek taban\u0131 sayesinde g\u00fcn boyu konfor sunuyor.; Kare burun kesimi modern bir g\u00f6r\u00fcn\u00fcm katarken, zarif toka detay\u0131 klasik bir dokunu\u015f ekliyor.; \u00dcr\u00fcn\u00fcn kal\u0131b\u0131 standart olup, her ayak tipine uyum sa\u011flayacak \u015fekilde tasarlanm\u0131\u015ft\u0131r.; Minimalist ve \u015f\u0131k tasar\u0131m\u0131, her t\u00fcrl\u00fc k\u0131yafetle kolayca uyum [&#8230;]\n","protected":false},"featured_media":91336,"comment_status":"open","ping_status":"closed","template":"","meta":[],"product_brand":[321],"product_cat":[745],"product_tag":[],"class_list":{"0":"post-91330","1":"product","2":"type-product","3":"status-publish","4":"has-post-thumbnail","6":"product_brand-benerly","7":"product_cat-babet-kadin-ayakkabi","9":"first","10":"instock","11":"taxable","12":"shipping-taxable","13":"purchasable","14":"product-type-variable"},"_links":{"self":[{"href":"https:\/\/benerly.com.tr\/index.php?rest_route=\/wp\/v2\/product\/91330","targetHints":{"allow":["GET"]}}],"collection":[{"href":"https:\/\/benerly.com.tr\/index.php?rest_route=\/wp\/v2\/product"}],"about":[{"href":"https:\/\/benerly.com.tr\/index.php?rest_route=\/wp\/v2\/types\/product"}],"replies":[{"embeddable":true,"href":"https:\/\/benerly.com.tr\/index.php?rest_route=%2Fwp%2Fv2%2Fcomments&post=91330"}],"wp:featuredmedia":[{"embeddable":true,"href":"https:\/\/benerly.com.tr\/index.php?rest_route=\/wp\/v2\/media\/91336"}],"wp:attachment":[{"href":"https:\/\/benerly.com.tr\/index.php?rest_route=%2Fwp%2Fv2%2Fmedia&parent=91330"}],"wp:term":[{"taxonomy":"product_brand","embeddable":true,"href":"https:\/\/benerly.com.tr\/index.php?rest_route=%2Fwp%2Fv2%2Fproduct_brand&post=91330"},{"taxonomy":"product_cat","embeddable":true,"href":"https:\/\/benerly.com.tr\/index.php?rest_route=%2Fwp%2Fv2%2Fproduct_cat&post=91330"},{"taxonomy":"product_tag","embeddable":true,"href":"https:\/\/benerly.com.tr\/index.php?rest_route=%2Fwp%2Fv2%2Fproduct_tag&post=91330"}],"curies":[{"name":"wp","href":"https:\/\/api.w.org\/{rel}","templated":true}]}}