{"id":87943,"date":"2026-02-15T17:33:38","date_gmt":"2026-02-15T14:33:38","guid":{"rendered":"https:\/\/benerly.com.tr\/urun\/kadin-gomlek-yaka-standart-kol-regular-kalip-pijama-takimi-fonksiyonel-kaliteli-0-pamuk-3\/"},"modified":"2026-02-26T16:47:06","modified_gmt":"2026-02-26T13:47:06","slug":"kadin-gomlek-yaka-standart-kol-regular-kalip-pijama-takimi-fonksiyonel-kaliteli-0-pamuk-3","status":"publish","type":"product","link":"https:\/\/benerly.com.tr\/?product=kadin-gomlek-yaka-standart-kol-regular-kalip-pijama-takimi-fonksiyonel-kaliteli-0-pamuk-3","title":{"rendered":"Kad\u0131n G\u00f6mlek Yaka Standart Kol Regular Kal\u0131p Pijama Tak\u0131m\u0131 Fonksiyonel Kaliteli 0 Pamuk"},"content":{"rendered":"<p>Bu pijama tak\u0131m\u0131, %100 pamuk i\u00e7eri\u011fiyle cildinize nazik davranan s\u00fcprem dokuma kuma\u015ftan \u00fcretilmi\u015ftir.; Kalp desenli metraj bask\u0131s\u0131, tak\u0131ma feminen bir hava katarken, regular kal\u0131b\u0131 rahat bir kullan\u0131m sunar.; Uzun kollu g\u00f6mlek yaka \u00fcst ve normal bel, geni\u015f pa\u00e7a pantolon alt\u0131 ile hem \u015f\u0131k hem de konforlu bir ev giyim deneyimi ya\u015fat\u0131r.; Bu \u00f6zel tasar\u0131m, evdeki zaman\u0131n\u0131z\u0131 daha keyifli hale getirmek i\u00e7in \u00f6zenle d\u00fc\u015f\u00fcn\u00fclm\u00fc\u015ft\u00fcr.; \u00dcst k\u0131sm\u0131ndaki g\u00f6mlek yaka ve standart kesim uzun kollar, klasik bir g\u00f6r\u00fcn\u00fcm sunarken, pantolonun normal bel ve geni\u015f pa\u00e7a detay\u0131 hareket \u00f6zg\u00fcrl\u00fc\u011f\u00fc sa\u011flar.; Yumu\u015fak dokusu sayesinde g\u00fcn boyu \u00fczerinizde yokmu\u015f hissi verir.; Lounge ve ev ortamlar\u0131 i\u00e7in ideal olan bu tak\u0131m, nefes alabilen yap\u0131s\u0131yla da \u00f6ne \u00e7\u0131kar.; G\u00fcnl\u00fck kullan\u0131mda sundu\u011fu konfor ve \u015f\u0131kl\u0131kla gard\u0131robunuzun vazge\u00e7ilmez par\u00e7alar\u0131ndan biri olacakt\u0131r.; K\u0131\u015f mevsimi i\u00e7in ideal s\u0131cakl\u0131kta olan bu pijama tak\u0131m\u0131, rahat bir ev giyim deneyimi sunar.; Alt\u0131na rahat bir tayt veya e\u015fofman alt\u0131 ile kombinleyebilir, \u00fczerine ise yumu\u015fak bir h\u0131rka ile tamamlayabilirsiniz.; Ev i\u00e7inde yumu\u015fak terliklerle kullan\u0131ma uygundur.; Makinede nazik programda y\u0131kanmas\u0131 tavsiye edilir.<\/p>\n","protected":false},"excerpt":{"rendered":"<p>Bu pijama tak\u0131m\u0131, %100 pamuk i\u00e7eri\u011fiyle cildinize nazik davranan s\u00fcprem dokuma kuma\u015ftan \u00fcretilmi\u015ftir.; Kalp desenli metraj bask\u0131s\u0131, tak\u0131ma feminen bir hava katarken, regular kal\u0131b\u0131 rahat bir kullan\u0131m sunar.; Uzun kollu g\u00f6mlek yaka \u00fcst ve normal bel, geni\u015f pa\u00e7a pantolon alt\u0131 ile hem \u015f\u0131k hem de konforlu bir ev giyim deneyimi ya\u015fat\u0131r.; Bu \u00f6zel tasar\u0131m, evdeki [&#8230;]\n","protected":false},"featured_media":87950,"comment_status":"open","ping_status":"closed","template":"","meta":[],"product_brand":[321],"product_cat":[763],"product_tag":[],"class_list":{"0":"post-87943","1":"product","2":"type-product","3":"status-publish","4":"has-post-thumbnail","6":"product_brand-benerly","7":"product_cat-pijama-takimi-ev-giyim-kadin-giyim","9":"first","10":"instock","11":"taxable","12":"shipping-taxable","13":"purchasable","14":"product-type-variable"},"_links":{"self":[{"href":"https:\/\/benerly.com.tr\/index.php?rest_route=\/wp\/v2\/product\/87943","targetHints":{"allow":["GET"]}}],"collection":[{"href":"https:\/\/benerly.com.tr\/index.php?rest_route=\/wp\/v2\/product"}],"about":[{"href":"https:\/\/benerly.com.tr\/index.php?rest_route=\/wp\/v2\/types\/product"}],"replies":[{"embeddable":true,"href":"https:\/\/benerly.com.tr\/index.php?rest_route=%2Fwp%2Fv2%2Fcomments&post=87943"}],"wp:featuredmedia":[{"embeddable":true,"href":"https:\/\/benerly.com.tr\/index.php?rest_route=\/wp\/v2\/media\/87950"}],"wp:attachment":[{"href":"https:\/\/benerly.com.tr\/index.php?rest_route=%2Fwp%2Fv2%2Fmedia&parent=87943"}],"wp:term":[{"taxonomy":"product_brand","embeddable":true,"href":"https:\/\/benerly.com.tr\/index.php?rest_route=%2Fwp%2Fv2%2Fproduct_brand&post=87943"},{"taxonomy":"product_cat","embeddable":true,"href":"https:\/\/benerly.com.tr\/index.php?rest_route=%2Fwp%2Fv2%2Fproduct_cat&post=87943"},{"taxonomy":"product_tag","embeddable":true,"href":"https:\/\/benerly.com.tr\/index.php?rest_route=%2Fwp%2Fv2%2Fproduct_tag&post=87943"}],"curies":[{"name":"wp","href":"https:\/\/api.w.org\/{rel}","templated":true}]}}