{"id":87269,"date":"2026-02-15T17:23:46","date_gmt":"2026-02-15T14:23:46","guid":{"rendered":"https:\/\/benerly.com.tr\/urun\/kadin-alt-ust-antrasit-cizgili-dik-yaka-dusuk-kol-oversize-triko-takim-gunluk-konfor-ve-stil-rahat\/"},"modified":"2026-02-27T03:23:45","modified_gmt":"2026-02-27T00:23:45","slug":"kadin-alt-ust-antrasit-cizgili-dik-yaka-dusuk-kol-oversize-triko-takim-gunluk-konfor-ve-stil-rahat","status":"publish","type":"product","link":"https:\/\/benerly.com.tr\/?product=kadin-alt-ust-antrasit-cizgili-dik-yaka-dusuk-kol-oversize-triko-takim-gunluk-konfor-ve-stil-rahat","title":{"rendered":"Kad\u0131n Alt \u00dcst Antrasit \u00c7izgili Dik Yaka D\u00fc\u015f\u00fck Kol Oversize Triko Tak\u0131m G\u00fcnl\u00fck Konfor Ve Stil Rahat"},"content":{"rendered":"<p>Kad\u0131nlar \u0130\u00e7in Tasarlanan Bu \u015e\u0131k Alt \u00dcst Triko Tak\u0131m G\u00fcnl\u00fck Giyimde Konforu Ve Stili Bir Arada Sunar Geni\u015f Kal\u0131b\u0131 Sayesinde Hareket \u00d6zg\u00fcrl\u00fc\u011f\u00fc Sa\u011flarken Modern Ve Rahat Bir Siluet Olu\u015fturur Tak\u0131m\u0131n \u00dcst Par\u00e7as\u0131 Antrasit Ve Bej Renklerde Kal\u0131n \u00c7izgili Deseniyle Dikkat \u00c7eker Alt Par\u00e7as\u0131 \u0130se D\u00fcz Antrasit Rengiyle \u00dcst Par\u00e7ay\u0131 Tamamlar Bu Tak\u0131m %100 Akrilik Materyalden \u00dcretilmi\u015ftir Bu Sayede Yumu\u015fak Dokusuyla Cilde Dost Bir His Verir Ve So\u011fuk Havalarda S\u0131cak Tutar Triko Kuma\u015f\u0131n Esnek Yap\u0131s\u0131 G\u00fcn Boyu Rahat Bir Kullan\u0131m Sunar Ve Her An\u0131n\u0131zda Size E\u015flik Eder Bu Kad\u0131n Triko Tak\u0131m\u0131n \u00dcst Par\u00e7as\u0131 So\u011fuk Havalarda Boynunuzu Korumak \u0130\u00e7in \u0130deal Bir Dik Yakaya Sahiptir D\u00fc\u015f\u00fck Kol Kesimi Modern Ve Rahat Bir G\u00f6r\u00fcn\u00fcm Sunarken Geni\u015f Kal\u0131b\u0131 V\u00fccuda Oturmayan Rahat Bir Duru\u015f Sa\u011flar Tak\u0131m\u0131n Alt Par\u00e7as\u0131 Uzun Boyuyla Bacaklar\u0131 Tamamen Sarar Ve Geni\u015f Pa\u00e7a Kesimiyle Hareket Kolayl\u0131\u011f\u0131 Sa\u011flar Cepsiz Tasar\u0131m\u0131 Sayesinde Daha Minimalist Ve \u015e\u0131k Bir G\u00f6r\u00fcn\u00fcm Sunar %100 Akrilik Materyali Sayesinde Hafif Ve Nefes Alabilen Bir Yap\u0131ya Sahip Olup Cildinize Nazik Davran\u0131r Evde Dinlenirken Veya D\u0131\u015far\u0131da G\u00fcnl\u00fck \u0130\u015flerinizi Hallederken Rahatl\u0131kla Tercih Edebilece\u011finiz Bu Tak\u0131m \u015e\u0131kl\u0131\u011f\u0131 Ve Konforu \u00d6n Planda Tutar K\u0131\u015f Ve So\u011fuk Sonbahar Mevsimleri \u0130\u00e7in \u0130deal Olan Bu Triko Tak\u0131m G\u00fcnl\u00fck Kombinlerinizin Vazge\u00e7ilmezi Olmaya Adayd\u0131r \u00dcst Par\u00e7ay\u0131 D\u00fcz Renk Bir Jean Pantolon Ve Beyaz Spor Ayakkab\u0131larla Kombinleyerek Sportif Bir Hava Katabilirsiniz Alt Par\u00e7ay\u0131 \u0130se Farkl\u0131 Bir Triko Kazak Ve Postal Botlarla Tamamlayarak K\u0131\u015f \u015e\u0131kl\u0131\u011f\u0131n\u0131 Yakalayabilirsiniz Uzun S\u00fcreli Kullan\u0131m \u0130\u00e7in Benzer Renklerle Ve D\u00fc\u015f\u00fck Derecede Y\u0131kanmas\u0131 Tavsiye Edilir<\/p>\n","protected":false},"excerpt":{"rendered":"<p>Kad\u0131nlar \u0130\u00e7in Tasarlanan Bu \u015e\u0131k Alt \u00dcst Triko Tak\u0131m G\u00fcnl\u00fck Giyimde Konforu Ve Stili Bir Arada Sunar Geni\u015f Kal\u0131b\u0131 Sayesinde Hareket \u00d6zg\u00fcrl\u00fc\u011f\u00fc Sa\u011flarken Modern Ve Rahat Bir Siluet Olu\u015fturur Tak\u0131m\u0131n \u00dcst Par\u00e7as\u0131 Antrasit Ve Bej Renklerde Kal\u0131n \u00c7izgili Deseniyle Dikkat \u00c7eker Alt Par\u00e7as\u0131 \u0130se D\u00fcz Antrasit Rengiyle \u00dcst Par\u00e7ay\u0131 Tamamlar Bu Tak\u0131m %100 Akrilik Materyalden [&#8230;]\n","protected":false},"featured_media":87282,"comment_status":"open","ping_status":"closed","template":"","meta":[],"product_brand":[321],"product_cat":[755],"product_tag":[],"class_list":{"0":"post-87269","1":"product","2":"type-product","3":"status-publish","4":"has-post-thumbnail","6":"product_brand-benerly","7":"product_cat-alt-ust-takim-takimlar-kadin-giyim","9":"first","10":"instock","11":"taxable","12":"shipping-taxable","13":"purchasable","14":"product-type-variable"},"_links":{"self":[{"href":"https:\/\/benerly.com.tr\/index.php?rest_route=\/wp\/v2\/product\/87269","targetHints":{"allow":["GET"]}}],"collection":[{"href":"https:\/\/benerly.com.tr\/index.php?rest_route=\/wp\/v2\/product"}],"about":[{"href":"https:\/\/benerly.com.tr\/index.php?rest_route=\/wp\/v2\/types\/product"}],"replies":[{"embeddable":true,"href":"https:\/\/benerly.com.tr\/index.php?rest_route=%2Fwp%2Fv2%2Fcomments&post=87269"}],"wp:featuredmedia":[{"embeddable":true,"href":"https:\/\/benerly.com.tr\/index.php?rest_route=\/wp\/v2\/media\/87282"}],"wp:attachment":[{"href":"https:\/\/benerly.com.tr\/index.php?rest_route=%2Fwp%2Fv2%2Fmedia&parent=87269"}],"wp:term":[{"taxonomy":"product_brand","embeddable":true,"href":"https:\/\/benerly.com.tr\/index.php?rest_route=%2Fwp%2Fv2%2Fproduct_brand&post=87269"},{"taxonomy":"product_cat","embeddable":true,"href":"https:\/\/benerly.com.tr\/index.php?rest_route=%2Fwp%2Fv2%2Fproduct_cat&post=87269"},{"taxonomy":"product_tag","embeddable":true,"href":"https:\/\/benerly.com.tr\/index.php?rest_route=%2Fwp%2Fv2%2Fproduct_tag&post=87269"}],"curies":[{"name":"wp","href":"https:\/\/api.w.org\/{rel}","templated":true}]}}