{"id":85987,"date":"2026-02-15T17:05:47","date_gmt":"2026-02-15T14:05:47","guid":{"rendered":"https:\/\/benerly.com.tr\/urun\/kadin-halter-yaka-kolsuz-piliseli-midi-elbise-fonksiyonel-dayanikli-estetik\/"},"modified":"2026-02-27T03:26:02","modified_gmt":"2026-02-27T00:26:02","slug":"kadin-halter-yaka-kolsuz-piliseli-midi-elbise-fonksiyonel-dayanikli-estetik","status":"publish","type":"product","link":"https:\/\/benerly.com.tr\/?product=kadin-halter-yaka-kolsuz-piliseli-midi-elbise-fonksiyonel-dayanikli-estetik","title":{"rendered":"Kad\u0131n Halter Yaka Kolsuz Piliseli Midi Elbise Fonksiyonel Dayan\u0131kl\u0131 Estetik"},"content":{"rendered":"<p>Bu zarif midi elbise, %100 polyester kuma\u015ftan \u00fcretilmi\u015ftir.; Dokuma kuma\u015f yap\u0131s\u0131, \u015fifon dokusuyla birle\u015ferek hafif ve d\u00f6k\u00fcml\u00fc bir g\u00f6r\u00fcn\u00fcm sunar.; Elbisenin d\u00fcz deseni, piliseli detaylar\u0131yla zenginle\u015ftirilmi\u015ftir.; Shift kal\u0131b\u0131, v\u00fccuda oturan ancak rahat bir kullan\u0131m sa\u011flayan bir kesime sahiptir.; Astarl\u0131 olmas\u0131, ekstra bir konfor ve \u015f\u0131kl\u0131k katman\u0131 ekler.; Midi boyu, hem g\u00fcnd\u00fcz hem de gece davetleri i\u00e7in ideal bir se\u00e7enektir.; Feminine persona ile tasarlanan bu elbise, skater sil\u00fcetiyle hareketli bir duru\u015f sergiler.; Kemerli tasar\u0131m\u0131, bel hatt\u0131n\u0131 vurgulayarak zarif bir siluet olu\u015fturur.; Ete\u011fi belden a\u00e7\u0131lan detay\u0131, elbiseye dinamizm katarak \u00f6zg\u00fcn bir stil sunar.<\/p>\n","protected":false},"excerpt":{"rendered":"<p>Bu zarif midi elbise, %100 polyester kuma\u015ftan \u00fcretilmi\u015ftir.; Dokuma kuma\u015f yap\u0131s\u0131, \u015fifon dokusuyla birle\u015ferek hafif ve d\u00f6k\u00fcml\u00fc bir g\u00f6r\u00fcn\u00fcm sunar.; Elbisenin d\u00fcz deseni, piliseli detaylar\u0131yla zenginle\u015ftirilmi\u015ftir.; Shift kal\u0131b\u0131, v\u00fccuda oturan ancak rahat bir kullan\u0131m sa\u011flayan bir kesime sahiptir.; Astarl\u0131 olmas\u0131, ekstra bir konfor ve \u015f\u0131kl\u0131k katman\u0131 ekler.; Midi boyu, hem g\u00fcnd\u00fcz hem de gece davetleri [&#8230;]\n","protected":false},"featured_media":85993,"comment_status":"open","ping_status":"closed","template":"","meta":[],"product_brand":[321],"product_cat":[753],"product_tag":[],"class_list":{"0":"post-85987","1":"product","2":"type-product","3":"status-publish","4":"has-post-thumbnail","6":"product_brand-benerly","7":"product_cat-elbise-kadin-giyim","9":"first","10":"instock","11":"taxable","12":"shipping-taxable","13":"purchasable","14":"product-type-variable"},"_links":{"self":[{"href":"https:\/\/benerly.com.tr\/index.php?rest_route=\/wp\/v2\/product\/85987","targetHints":{"allow":["GET"]}}],"collection":[{"href":"https:\/\/benerly.com.tr\/index.php?rest_route=\/wp\/v2\/product"}],"about":[{"href":"https:\/\/benerly.com.tr\/index.php?rest_route=\/wp\/v2\/types\/product"}],"replies":[{"embeddable":true,"href":"https:\/\/benerly.com.tr\/index.php?rest_route=%2Fwp%2Fv2%2Fcomments&post=85987"}],"wp:featuredmedia":[{"embeddable":true,"href":"https:\/\/benerly.com.tr\/index.php?rest_route=\/wp\/v2\/media\/85993"}],"wp:attachment":[{"href":"https:\/\/benerly.com.tr\/index.php?rest_route=%2Fwp%2Fv2%2Fmedia&parent=85987"}],"wp:term":[{"taxonomy":"product_brand","embeddable":true,"href":"https:\/\/benerly.com.tr\/index.php?rest_route=%2Fwp%2Fv2%2Fproduct_brand&post=85987"},{"taxonomy":"product_cat","embeddable":true,"href":"https:\/\/benerly.com.tr\/index.php?rest_route=%2Fwp%2Fv2%2Fproduct_cat&post=85987"},{"taxonomy":"product_tag","embeddable":true,"href":"https:\/\/benerly.com.tr\/index.php?rest_route=%2Fwp%2Fv2%2Fproduct_tag&post=85987"}],"curies":[{"name":"wp","href":"https:\/\/api.w.org\/{rel}","templated":true}]}}