{"id":85077,"date":"2026-02-15T16:53:19","date_gmt":"2026-02-15T13:53:19","guid":{"rendered":"https:\/\/benerly.com.tr\/urun\/kadin-boyundan-baglamali-kolsuz-duz-midi-orme-elbise-fonksiyonel-sik\/"},"modified":"2026-02-26T17:36:31","modified_gmt":"2026-02-26T14:36:31","slug":"kadin-boyundan-baglamali-kolsuz-duz-midi-orme-elbise-fonksiyonel-sik","status":"publish","type":"product","link":"https:\/\/benerly.com.tr\/?product=kadin-boyundan-baglamali-kolsuz-duz-midi-orme-elbise-fonksiyonel-sik","title":{"rendered":"Kad\u0131n Boyundan Ba\u011flamal\u0131 Kolsuz D\u00fcz Midi \u00d6rme Elbise Fonksiyonel \u015e\u0131k"},"content":{"rendered":"<p>Bu \u00f6rme elbise, modern ve rahat bir g\u00f6r\u00fcn\u00fcm sunan shift kal\u0131b\u0131yla tasarlanm\u0131\u015ft\u0131r.; %96 polyester ve %4 elastan i\u00e7eri\u011fi sayesinde hem dayan\u0131kl\u0131 hem de esnek bir yap\u0131ya sahiptir.; D\u00fcz deseni, zarif ve zamans\u0131z bir stil vadederken, micro dokuma kuma\u015f\u0131 yumu\u015fak bir dokunu\u015f sa\u011flar.; Astars\u0131z yap\u0131s\u0131 ile \u00f6zellikle s\u0131cak havalarda konforlu bir kullan\u0131m sunar.; Bu midi boy elbise, g\u00fcnl\u00fck kullan\u0131m i\u00e7in idealdir ve cool &amp; comfort persona ile uyumludur.; Gard\u0131robunuzun vazge\u00e7ilmez par\u00e7alar\u0131ndan biri olacak bu elbise, \u015f\u0131kl\u0131\u011f\u0131n\u0131z\u0131 \u00f6n plana \u00e7\u0131karacakt\u0131r.; Elbisenin kolsuz ve boyundan ba\u011flamal\u0131 yaka detay\u0131, tasar\u0131ma feminen bir dokunu\u015f katmaktad\u0131r.; Shift kal\u0131b\u0131, v\u00fccuda yap\u0131\u015fmayan ancak hatlar\u0131 g\u00fczelce saran bir kesim sunarak rahat hareket etmenizi sa\u011flar.; Esnek kuma\u015f\u0131 sayesinde g\u00fcn boyu s\u00fcren bir konfor deneyimi ya\u015fat\u0131r.; Bu \u00f6zellikler, elbiseyi hem \u015f\u0131k hem de pratik bir se\u00e7enek haline getirir.; G\u00fcnl\u00fck aktivitelerinizde veya rahat bir bulu\u015fmada tercih edebilece\u011finiz bu elbise, stil sahibi kad\u0131nlar\u0131n tercihi olacakt\u0131r.; Yaz mevsimi i\u00e7in bi\u00e7ilmi\u015f kaftan olan bu elbise, sandaletler, espadriller veya \u015f\u0131k terliklerle m\u00fckemmel bir uyum yakalar.; Alt\u0131na ince bir kot ceket veya \u015f\u0131k bir h\u0131rka ile serin ak\u015famlar i\u00e7in de kullanabilirsiniz.; Kombinlerinizi tamamlamak i\u00e7in has\u0131r \u00e7antalar veya minimal tak\u0131lar tercih edebilirsiniz.; Elbisenin bak\u0131m\u0131 i\u00e7in d\u00fc\u015f\u00fck s\u0131cakl\u0131kta elde y\u0131kama veya hassas programda makinede y\u0131kama \u00f6nerilir.; \u00dct\u00fcleme gerektirmez veya d\u00fc\u015f\u00fck \u0131s\u0131da \u00fct\u00fclenmelidir.<\/p>\n","protected":false},"excerpt":{"rendered":"<p>Bu \u00f6rme elbise, modern ve rahat bir g\u00f6r\u00fcn\u00fcm sunan shift kal\u0131b\u0131yla tasarlanm\u0131\u015ft\u0131r.; %96 polyester ve %4 elastan i\u00e7eri\u011fi sayesinde hem dayan\u0131kl\u0131 hem de esnek bir yap\u0131ya sahiptir.; D\u00fcz deseni, zarif ve zamans\u0131z bir stil vadederken, micro dokuma kuma\u015f\u0131 yumu\u015fak bir dokunu\u015f sa\u011flar.; Astars\u0131z yap\u0131s\u0131 ile \u00f6zellikle s\u0131cak havalarda konforlu bir kullan\u0131m sunar.; Bu midi boy [&#8230;]\n","protected":false},"featured_media":85083,"comment_status":"open","ping_status":"closed","template":"","meta":[],"product_brand":[321],"product_cat":[753],"product_tag":[],"class_list":{"0":"post-85077","1":"product","2":"type-product","3":"status-publish","4":"has-post-thumbnail","6":"product_brand-benerly","7":"product_cat-elbise-kadin-giyim","9":"first","10":"outofstock","11":"taxable","12":"shipping-taxable","13":"purchasable","14":"product-type-variable"},"_links":{"self":[{"href":"https:\/\/benerly.com.tr\/index.php?rest_route=\/wp\/v2\/product\/85077","targetHints":{"allow":["GET"]}}],"collection":[{"href":"https:\/\/benerly.com.tr\/index.php?rest_route=\/wp\/v2\/product"}],"about":[{"href":"https:\/\/benerly.com.tr\/index.php?rest_route=\/wp\/v2\/types\/product"}],"replies":[{"embeddable":true,"href":"https:\/\/benerly.com.tr\/index.php?rest_route=%2Fwp%2Fv2%2Fcomments&post=85077"}],"wp:featuredmedia":[{"embeddable":true,"href":"https:\/\/benerly.com.tr\/index.php?rest_route=\/wp\/v2\/media\/85083"}],"wp:attachment":[{"href":"https:\/\/benerly.com.tr\/index.php?rest_route=%2Fwp%2Fv2%2Fmedia&parent=85077"}],"wp:term":[{"taxonomy":"product_brand","embeddable":true,"href":"https:\/\/benerly.com.tr\/index.php?rest_route=%2Fwp%2Fv2%2Fproduct_brand&post=85077"},{"taxonomy":"product_cat","embeddable":true,"href":"https:\/\/benerly.com.tr\/index.php?rest_route=%2Fwp%2Fv2%2Fproduct_cat&post=85077"},{"taxonomy":"product_tag","embeddable":true,"href":"https:\/\/benerly.com.tr\/index.php?rest_route=%2Fwp%2Fv2%2Fproduct_tag&post=85077"}],"curies":[{"name":"wp","href":"https:\/\/api.w.org\/{rel}","templated":true}]}}