{"id":82120,"date":"2026-02-15T16:11:40","date_gmt":"2026-02-15T13:11:40","guid":{"rendered":"https:\/\/benerly.com.tr\/urun\/erkek-yuvarlak-burunlu-bagciksiz-puskullu-spor-ayakkabi-0-keten-fonksiyonel-dayanikli-sik\/"},"modified":"2026-02-27T03:31:39","modified_gmt":"2026-02-27T00:31:39","slug":"erkek-yuvarlak-burunlu-bagciksiz-puskullu-spor-ayakkabi-0-keten-fonksiyonel-dayanikli-sik","status":"publish","type":"product","link":"https:\/\/benerly.com.tr\/?product=erkek-yuvarlak-burunlu-bagciksiz-puskullu-spor-ayakkabi-0-keten-fonksiyonel-dayanikli-sik","title":{"rendered":"Erkek Yuvarlak Burunlu Ba\u011fc\u0131ks\u0131z P\u00fcsk\u00fcll\u00fc Spor Ayakkab\u0131 0 Keten Fonksiyonel Dayan\u0131kl\u0131 \u015e\u0131k"},"content":{"rendered":"<p>Bu spor ayakkab\u0131 modeli, erkek kullan\u0131c\u0131lar i\u00e7in \u00f6zel olarak tasarlanm\u0131\u015ft\u0131r.; Standart kal\u0131plara uygun olarak \u00fcretilen ayakkab\u0131, kendi numaran\u0131z\u0131 tercih etmeniz durumunda ideal bir uyum sa\u011flar.; \u00dcr\u00fcn\u00fcn d\u0131\u015f y\u00fczeyi %100 keten materyalden \u00fcretilmi\u015ftir, bu da ona hafif ve nefes alabilir bir yap\u0131 kazand\u0131r\u0131r.; Keten dokusu, ayakkab\u0131n\u0131n hem \u015f\u0131k hem de rahat olmas\u0131n\u0131 sa\u011flarken, do\u011fal bir g\u00f6r\u00fcn\u00fcm sunar.; Ayakkab\u0131n\u0131n genel deseni d\u00fczd\u00fcr, bu da onu farkl\u0131 k\u0131yafetlerle kolayca kombinlenebilir hale getirir.; Ayakkab\u0131n\u0131n \u00f6n k\u0131sm\u0131nda bulunan p\u00fcsk\u00fcl detay\u0131, klasik bir dokunu\u015f katarken, ba\u011fc\u0131ks\u0131z tasar\u0131m\u0131 pratik bir kullan\u0131m sunar.; Yuvarlak burun yap\u0131s\u0131, ayaklara rahat bir alan sa\u011flarken, spor ve g\u00fcnl\u00fck kullan\u0131ma uygun bir form sunar.; Ayakkab\u0131n\u0131n i\u00e7 astar\u0131, ter ve k\u00f6t\u00fc koku olu\u015fumunu \u00f6nlemeye yard\u0131mc\u0131 olacak \u015fekilde \u00f6zel olarak tasarlanm\u0131\u015ft\u0131r, bu da uzun s\u00fcreli kullan\u0131mda konforu art\u0131r\u0131r.; Ortopedik i\u00e7 taban ve kaymaz d\u0131\u015f y\u00fczey, g\u00fcn boyu \u00fcst\u00fcn bir rahatl\u0131k ve g\u00fcvenli bir y\u00fcr\u00fcy\u00fc\u015f deneyimi sunar.; Bu ayakkab\u0131 modeli, ilkbahar ve yaz aylar\u0131 i\u00e7in idealdir.; Kot pantolonlar, chino pantolonlar veya \u015fortlarla rahatl\u0131kla kombinlenebilir.; Spor bir g\u00f6r\u00fcn\u00fcm i\u00e7in rahat kesim pantolonlar ve ti\u015f\u00f6rtlerle, daha klasik bir g\u00f6r\u00fcn\u00fcm i\u00e7in ise keten pantolonlar ve polo yaka ti\u015f\u00f6rtlerle tercih edilebilir.; Ayakkab\u0131n\u0131n \u00f6mr\u00fcn\u00fc uzatmak i\u00e7in \u00f6zel ayakkab\u0131 bak\u0131m \u00fcr\u00fcnleri kullan\u0131lmas\u0131 tavsiye edilir.<\/p>\n","protected":false},"excerpt":{"rendered":"<p>Bu spor ayakkab\u0131 modeli, erkek kullan\u0131c\u0131lar i\u00e7in \u00f6zel olarak tasarlanm\u0131\u015ft\u0131r.; Standart kal\u0131plara uygun olarak \u00fcretilen ayakkab\u0131, kendi numaran\u0131z\u0131 tercih etmeniz durumunda ideal bir uyum sa\u011flar.; \u00dcr\u00fcn\u00fcn d\u0131\u015f y\u00fczeyi %100 keten materyalden \u00fcretilmi\u015ftir, bu da ona hafif ve nefes alabilir bir yap\u0131 kazand\u0131r\u0131r.; Keten dokusu, ayakkab\u0131n\u0131n hem \u015f\u0131k hem de rahat olmas\u0131n\u0131 sa\u011flarken, do\u011fal bir g\u00f6r\u00fcn\u00fcm [&#8230;]\n","protected":false},"featured_media":82184,"comment_status":"open","ping_status":"closed","template":"","meta":[],"product_brand":[321],"product_cat":[744],"product_tag":[],"class_list":{"0":"post-82120","1":"product","2":"type-product","3":"status-publish","4":"has-post-thumbnail","6":"product_brand-benerly","7":"product_cat-klasik-ayakkabi-kadin-ayakkabi","9":"first","10":"instock","11":"taxable","12":"shipping-taxable","13":"purchasable","14":"product-type-variable"},"_links":{"self":[{"href":"https:\/\/benerly.com.tr\/index.php?rest_route=\/wp\/v2\/product\/82120","targetHints":{"allow":["GET"]}}],"collection":[{"href":"https:\/\/benerly.com.tr\/index.php?rest_route=\/wp\/v2\/product"}],"about":[{"href":"https:\/\/benerly.com.tr\/index.php?rest_route=\/wp\/v2\/types\/product"}],"replies":[{"embeddable":true,"href":"https:\/\/benerly.com.tr\/index.php?rest_route=%2Fwp%2Fv2%2Fcomments&post=82120"}],"wp:featuredmedia":[{"embeddable":true,"href":"https:\/\/benerly.com.tr\/index.php?rest_route=\/wp\/v2\/media\/82184"}],"wp:attachment":[{"href":"https:\/\/benerly.com.tr\/index.php?rest_route=%2Fwp%2Fv2%2Fmedia&parent=82120"}],"wp:term":[{"taxonomy":"product_brand","embeddable":true,"href":"https:\/\/benerly.com.tr\/index.php?rest_route=%2Fwp%2Fv2%2Fproduct_brand&post=82120"},{"taxonomy":"product_cat","embeddable":true,"href":"https:\/\/benerly.com.tr\/index.php?rest_route=%2Fwp%2Fv2%2Fproduct_cat&post=82120"},{"taxonomy":"product_tag","embeddable":true,"href":"https:\/\/benerly.com.tr\/index.php?rest_route=%2Fwp%2Fv2%2Fproduct_tag&post=82120"}],"curies":[{"name":"wp","href":"https:\/\/api.w.org\/{rel}","templated":true}]}}