{"id":81986,"date":"2026-02-15T16:10:08","date_gmt":"2026-02-15T13:10:08","guid":{"rendered":"https:\/\/benerly.com.tr\/urun\/errorn-a\/"},"modified":"2026-02-26T18:51:36","modified_gmt":"2026-02-26T15:51:36","slug":"errorn-a","status":"publish","type":"product","link":"https:\/\/benerly.com.tr\/?product=errorn-a","title":{"rendered":"ERROR:#N\/A"},"content":{"rendered":"<p>Kad\u0131n S\u00fcet Bot Ba\u011fc\u0131ks\u0131z Kal\u0131n Taban \u0130\u00e7i K\u00fcrkl\u00fc K\u0131sa<\/p>\n","protected":false},"excerpt":{"rendered":"<p>Kad\u0131n S\u00fcet Bot Ba\u011fc\u0131ks\u0131z Kal\u0131n Taban \u0130\u00e7i K\u00fcrkl\u00fc K\u0131sa<\/p>\n","protected":false},"featured_media":81997,"comment_status":"open","ping_status":"closed","template":"","meta":[],"product_brand":[321],"product_cat":[748],"product_tag":[],"class_list":{"0":"post-81986","1":"product","2":"type-product","3":"status-publish","4":"has-post-thumbnail","6":"product_brand-benerly","7":"product_cat-bot-kadin-ayakkabi","9":"first","10":"instock","11":"taxable","12":"shipping-taxable","13":"purchasable","14":"product-type-variable"},"_links":{"self":[{"href":"https:\/\/benerly.com.tr\/index.php?rest_route=\/wp\/v2\/product\/81986","targetHints":{"allow":["GET"]}}],"collection":[{"href":"https:\/\/benerly.com.tr\/index.php?rest_route=\/wp\/v2\/product"}],"about":[{"href":"https:\/\/benerly.com.tr\/index.php?rest_route=\/wp\/v2\/types\/product"}],"replies":[{"embeddable":true,"href":"https:\/\/benerly.com.tr\/index.php?rest_route=%2Fwp%2Fv2%2Fcomments&post=81986"}],"wp:featuredmedia":[{"embeddable":true,"href":"https:\/\/benerly.com.tr\/index.php?rest_route=\/wp\/v2\/media\/81997"}],"wp:attachment":[{"href":"https:\/\/benerly.com.tr\/index.php?rest_route=%2Fwp%2Fv2%2Fmedia&parent=81986"}],"wp:term":[{"taxonomy":"product_brand","embeddable":true,"href":"https:\/\/benerly.com.tr\/index.php?rest_route=%2Fwp%2Fv2%2Fproduct_brand&post=81986"},{"taxonomy":"product_cat","embeddable":true,"href":"https:\/\/benerly.com.tr\/index.php?rest_route=%2Fwp%2Fv2%2Fproduct_cat&post=81986"},{"taxonomy":"product_tag","embeddable":true,"href":"https:\/\/benerly.com.tr\/index.php?rest_route=%2Fwp%2Fv2%2Fproduct_tag&post=81986"}],"curies":[{"name":"wp","href":"https:\/\/api.w.org\/{rel}","templated":true}]}}