{"id":121173,"date":"2026-02-16T03:24:08","date_gmt":"2026-02-16T00:24:08","guid":{"rendered":"https:\/\/benerly.com.tr\/?product=kadin-v-yaka-uzun-kol-duz-desen-jile-elbise-fonksiyonel"},"modified":"2026-02-27T03:35:01","modified_gmt":"2026-02-27T00:35:01","slug":"kadin-v-yaka-uzun-kol-duz-desen-jile-elbise-fonksiyonel","status":"publish","type":"product","link":"https:\/\/benerly.com.tr\/?product=kadin-v-yaka-uzun-kol-duz-desen-jile-elbise-fonksiyonel","title":{"rendered":"Kad\u0131n V Yaka Uzun Kol D\u00fcz Desen Jile Elbise Fonksiyonel"},"content":{"rendered":"<p>Bu jile elbise, modern ve \u015f\u0131k bir g\u00f6r\u00fcn\u00fcm sunmak i\u00e7in tasarlanm\u0131\u015ft\u0131r.; \u00dcr\u00fcn, %60 polyester, %35 viskoz ve %5 elastan kar\u0131\u015f\u0131m\u0131ndan olu\u015fan \u00f6zel bir dokuma kuma\u015fa sahiptir.; Bu materyal kombinasyonu, hem dayan\u0131kl\u0131l\u0131k hem de rahatl\u0131k sa\u011flar.; Elbisenin d\u00fcz deseni, her t\u00fcrl\u00fc aksesuarla kolayca uyum sa\u011flamas\u0131na olanak tan\u0131r.; Jile kal\u0131b\u0131, v\u00fccuda oturan ancak hareket \u00f6zg\u00fcrl\u00fc\u011f\u00fc sunan bir kesime sahiptir.; Maxi boyu ve zarif d\u00f6k\u00fcm\u00fc ile dikkat \u00e7eker.; Bu elbise, g\u00fcnl\u00fck kullan\u0131m i\u00e7in idealdir ve gard\u0131robunuzun vazge\u00e7ilmez bir par\u00e7as\u0131 olacakt\u0131r.; \u00dcr\u00fcn, astars\u0131zd\u0131r ve bu da \u00f6zellikle s\u0131cak havalarda ekstra konfor sa\u011flar.; Cep detay\u0131n\u0131n olmamas\u0131, elbisenin daha minimalist ve zarif bir \u00e7izgiye sahip olmas\u0131n\u0131 destekler.; Bu elbise, hem rahatl\u0131\u011f\u0131 hem de stil sahibi duru\u015fu bir arada sunar.<\/p>\n","protected":false},"excerpt":{"rendered":"<p>Bu jile elbise, modern ve \u015f\u0131k bir g\u00f6r\u00fcn\u00fcm sunmak i\u00e7in tasarlanm\u0131\u015ft\u0131r.; \u00dcr\u00fcn, %60 polyester, %35 viskoz ve %5 elastan kar\u0131\u015f\u0131m\u0131ndan olu\u015fan \u00f6zel bir dokuma kuma\u015fa sahiptir.; Bu materyal kombinasyonu, hem dayan\u0131kl\u0131l\u0131k hem de rahatl\u0131k sa\u011flar.; Elbisenin d\u00fcz deseni, her t\u00fcrl\u00fc aksesuarla kolayca uyum sa\u011flamas\u0131na olanak tan\u0131r.; Jile kal\u0131b\u0131, v\u00fccuda oturan ancak hareket \u00f6zg\u00fcrl\u00fc\u011f\u00fc sunan bir [&#8230;]\n","protected":false},"featured_media":121181,"comment_status":"open","ping_status":"closed","template":"","meta":[],"product_brand":[321],"product_cat":[753],"product_tag":[],"class_list":{"0":"post-121173","1":"product","2":"type-product","3":"status-publish","4":"has-post-thumbnail","6":"product_brand-benerly","7":"product_cat-elbise-kadin-giyim","9":"first","10":"instock","11":"taxable","12":"shipping-taxable","13":"purchasable","14":"product-type-variable"},"_links":{"self":[{"href":"https:\/\/benerly.com.tr\/index.php?rest_route=\/wp\/v2\/product\/121173","targetHints":{"allow":["GET"]}}],"collection":[{"href":"https:\/\/benerly.com.tr\/index.php?rest_route=\/wp\/v2\/product"}],"about":[{"href":"https:\/\/benerly.com.tr\/index.php?rest_route=\/wp\/v2\/types\/product"}],"replies":[{"embeddable":true,"href":"https:\/\/benerly.com.tr\/index.php?rest_route=%2Fwp%2Fv2%2Fcomments&post=121173"}],"wp:featuredmedia":[{"embeddable":true,"href":"https:\/\/benerly.com.tr\/index.php?rest_route=\/wp\/v2\/media\/121181"}],"wp:attachment":[{"href":"https:\/\/benerly.com.tr\/index.php?rest_route=%2Fwp%2Fv2%2Fmedia&parent=121173"}],"wp:term":[{"taxonomy":"product_brand","embeddable":true,"href":"https:\/\/benerly.com.tr\/index.php?rest_route=%2Fwp%2Fv2%2Fproduct_brand&post=121173"},{"taxonomy":"product_cat","embeddable":true,"href":"https:\/\/benerly.com.tr\/index.php?rest_route=%2Fwp%2Fv2%2Fproduct_cat&post=121173"},{"taxonomy":"product_tag","embeddable":true,"href":"https:\/\/benerly.com.tr\/index.php?rest_route=%2Fwp%2Fv2%2Fproduct_tag&post=121173"}],"curies":[{"name":"wp","href":"https:\/\/api.w.org\/{rel}","templated":true}]}}