{"id":120237,"date":"2026-02-16T03:09:54","date_gmt":"2026-02-16T00:09:54","guid":{"rendered":"https:\/\/benerly.com.tr\/?product=kadin-midi-a-kesim-etek-duz-desen-polyester-5-elastan-fonksiyonel-dayanikli-kaliteli-sik"},"modified":"2026-02-27T03:41:06","modified_gmt":"2026-02-27T00:41:06","slug":"kadin-midi-a-kesim-etek-duz-desen-polyester-5-elastan-fonksiyonel-dayanikli-kaliteli-sik","status":"publish","type":"product","link":"https:\/\/benerly.com.tr\/?product=kadin-midi-a-kesim-etek-duz-desen-polyester-5-elastan-fonksiyonel-dayanikli-kaliteli-sik","title":{"rendered":"Kad\u0131n Midi A Kesim Etek D\u00fcz Desen Polyester %5 Elastan Fonksiyonel Dayan\u0131kl\u0131 Kaliteli \u015e\u0131k"},"content":{"rendered":"<p>Bu midi etek, a kesim kal\u0131b\u0131 ve d\u00fcz deseni ile zarif bir g\u00f6r\u00fcn\u00fcm sunar.; %95 polyester ve %5 elastan i\u00e7eri\u011fi, kuma\u015fa hem \u015f\u0131k bir parlakl\u0131k hem de hareket \u00f6zg\u00fcrl\u00fc\u011f\u00fc kazand\u0131r\u0131r.; \u00d6rme kuma\u015f dokusu, g\u00fcn boyu konforlu bir kullan\u0131m sa\u011flarken, astars\u0131z yap\u0131s\u0131 daha hafif ve ferah bir his verir.; Normal bel detay\u0131 ve beli lastikli silueti, v\u00fccuda uyum sa\u011flayarak rahat bir oturu\u015f sunar.; Bu etek, hem g\u00fcnl\u00fck kullan\u0131ma hem de \u00f6zel anlara uygun, \u00e7ok y\u00f6nl\u00fc bir par\u00e7ad\u0131r.; Ete\u011fin \u00f6rme kuma\u015f yap\u0131s\u0131, yumu\u015fak dokusuyla cildinize nazik\u00e7e temas eder.; A kesim formu, her v\u00fccut tipine yak\u0131\u015fan klasik bir sil\u00fcet olu\u015ftururken, midi boyu hem modern hem de zamans\u0131z bir stil sunar.; D\u00fcz desen, ete\u011fin saten dokusunun \u00f6ne \u00e7\u0131kmas\u0131n\u0131 sa\u011flayarak sofistike bir hava katar.; Beldeki lastik detay\u0131, ekstra konfor ve kolay kullan\u0131m imkan\u0131 sunar.; Bu etek, \u015f\u0131kl\u0131\u011f\u0131 ve rahatl\u0131\u011f\u0131 bir arada arayanlar i\u00e7in ideal bir se\u00e7enektir.; Yaz aylar\u0131 i\u00e7in ideal olan bu etek, ti\u015f\u00f6rtler, bluzlar ve basic \u00fcstlerle kolayca kombinlenebilir.; Spor ayakkab\u0131larla rahat bir g\u00fcnl\u00fck g\u00f6r\u00fcn\u00fcm elde edebilir veya topuklu ayakkab\u0131lar ve \u015f\u0131k bir bluz ile daha resmi bir stil yaratabilirsiniz.; Kot ceketler veya blazerlar ile de tamamlanabilir.; Bak\u0131m\u0131 i\u00e7in d\u00fc\u015f\u00fck \u0131s\u0131da elde y\u0131kama \u00f6nerilir.<\/p>\n","protected":false},"excerpt":{"rendered":"<p>Bu midi etek, a kesim kal\u0131b\u0131 ve d\u00fcz deseni ile zarif bir g\u00f6r\u00fcn\u00fcm sunar.; %95 polyester ve %5 elastan i\u00e7eri\u011fi, kuma\u015fa hem \u015f\u0131k bir parlakl\u0131k hem de hareket \u00f6zg\u00fcrl\u00fc\u011f\u00fc kazand\u0131r\u0131r.; \u00d6rme kuma\u015f dokusu, g\u00fcn boyu konforlu bir kullan\u0131m sa\u011flarken, astars\u0131z yap\u0131s\u0131 daha hafif ve ferah bir his verir.; Normal bel detay\u0131 ve beli lastikli silueti, [&#8230;]\n","protected":false},"featured_media":120253,"comment_status":"open","ping_status":"closed","template":"","meta":[],"product_brand":[321],"product_cat":[761],"product_tag":[],"class_list":{"0":"post-120237","1":"product","2":"type-product","3":"status-publish","4":"has-post-thumbnail","6":"product_brand-benerly","7":"product_cat-etek-alt-giyim-kadin-giyim","9":"first","10":"instock","11":"taxable","12":"shipping-taxable","13":"purchasable","14":"product-type-variable"},"_links":{"self":[{"href":"https:\/\/benerly.com.tr\/index.php?rest_route=\/wp\/v2\/product\/120237","targetHints":{"allow":["GET"]}}],"collection":[{"href":"https:\/\/benerly.com.tr\/index.php?rest_route=\/wp\/v2\/product"}],"about":[{"href":"https:\/\/benerly.com.tr\/index.php?rest_route=\/wp\/v2\/types\/product"}],"replies":[{"embeddable":true,"href":"https:\/\/benerly.com.tr\/index.php?rest_route=%2Fwp%2Fv2%2Fcomments&post=120237"}],"wp:featuredmedia":[{"embeddable":true,"href":"https:\/\/benerly.com.tr\/index.php?rest_route=\/wp\/v2\/media\/120253"}],"wp:attachment":[{"href":"https:\/\/benerly.com.tr\/index.php?rest_route=%2Fwp%2Fv2%2Fmedia&parent=120237"}],"wp:term":[{"taxonomy":"product_brand","embeddable":true,"href":"https:\/\/benerly.com.tr\/index.php?rest_route=%2Fwp%2Fv2%2Fproduct_brand&post=120237"},{"taxonomy":"product_cat","embeddable":true,"href":"https:\/\/benerly.com.tr\/index.php?rest_route=%2Fwp%2Fv2%2Fproduct_cat&post=120237"},{"taxonomy":"product_tag","embeddable":true,"href":"https:\/\/benerly.com.tr\/index.php?rest_route=%2Fwp%2Fv2%2Fproduct_tag&post=120237"}],"curies":[{"name":"wp","href":"https:\/\/api.w.org\/{rel}","templated":true}]}}