{"id":119188,"date":"2026-02-16T02:52:37","date_gmt":"2026-02-15T23:52:37","guid":{"rendered":"https:\/\/benerly.com.tr\/?product=kadin-yumusak-dokulu-iki-parcali-triko-bluz-hirka-takim-gunluk-siklik-ve-fonksiyonel-rahat"},"modified":"2026-02-27T03:38:29","modified_gmt":"2026-02-27T00:38:29","slug":"kadin-yumusak-dokulu-iki-parcali-triko-bluz-hirka-takim-gunluk-siklik-ve-fonksiyonel-rahat","status":"publish","type":"product","link":"https:\/\/benerly.com.tr\/?product=kadin-yumusak-dokulu-iki-parcali-triko-bluz-hirka-takim-gunluk-siklik-ve-fonksiyonel-rahat","title":{"rendered":"Kad\u0131n Yumu\u015fak Dokulu \u0130ki Par\u00e7al\u0131 Triko Bluz H\u0131rka Tak\u0131m G\u00fcnl\u00fck \u015e\u0131kl\u0131k Ve Fonksiyonel Rahat"},"content":{"rendered":"<p>Kad\u0131nlar i\u00e7in tasarlanan bu iki par\u00e7al\u0131 triko tak\u0131m, bluz ve h\u0131rkadan olu\u015fur.; Regular kal\u0131b\u0131 ile rahat bir duru\u015f sunar.; D\u00fcz deseni ve akrilik polyester kar\u0131\u015f\u0131m\u0131 yumu\u015fak dokusuyla g\u00fcn boyu konfor sa\u011flar.; Bluz kare yaka detay\u0131 ve uzun kollar\u0131 ile modern bir g\u00f6r\u00fcn\u00fcm sunarken, d\u00fc\u015f\u00fck kollu h\u0131rka rahat bir kullan\u0131m vadeder.; Esnek triko yap\u0131s\u0131 hareket \u00f6zg\u00fcrl\u00fc\u011f\u00fc sa\u011flarken, v\u00fccudu nazik\u00e7e sarar.; Hem \u015f\u0131k hem de kullan\u0131\u015fl\u0131 bir kombin par\u00e7as\u0131d\u0131r.; K\u0131\u015f sezonu i\u00e7in idealdir.; Deri pantolon, jean ve botlarla kombinlenebilir.; \u00d6zenli bak\u0131m \u00f6nemlidir.<\/p>\n","protected":false},"excerpt":{"rendered":"<p>Kad\u0131nlar i\u00e7in tasarlanan bu iki par\u00e7al\u0131 triko tak\u0131m, bluz ve h\u0131rkadan olu\u015fur.; Regular kal\u0131b\u0131 ile rahat bir duru\u015f sunar.; D\u00fcz deseni ve akrilik polyester kar\u0131\u015f\u0131m\u0131 yumu\u015fak dokusuyla g\u00fcn boyu konfor sa\u011flar.; Bluz kare yaka detay\u0131 ve uzun kollar\u0131 ile modern bir g\u00f6r\u00fcn\u00fcm sunarken, d\u00fc\u015f\u00fck kollu h\u0131rka rahat bir kullan\u0131m vadeder.; Esnek triko yap\u0131s\u0131 hareket \u00f6zg\u00fcrl\u00fc\u011f\u00fc [&#8230;]\n","protected":false},"featured_media":119192,"comment_status":"open","ping_status":"closed","template":"","meta":[],"product_brand":[321],"product_cat":[759],"product_tag":[],"class_list":{"0":"post-119188","1":"product","2":"type-product","3":"status-publish","4":"has-post-thumbnail","6":"product_brand-benerly","7":"product_cat-hirka-ust-giyim-kadin-giyim","9":"first","10":"instock","11":"taxable","12":"shipping-taxable","13":"purchasable","14":"product-type-variable"},"_links":{"self":[{"href":"https:\/\/benerly.com.tr\/index.php?rest_route=\/wp\/v2\/product\/119188","targetHints":{"allow":["GET"]}}],"collection":[{"href":"https:\/\/benerly.com.tr\/index.php?rest_route=\/wp\/v2\/product"}],"about":[{"href":"https:\/\/benerly.com.tr\/index.php?rest_route=\/wp\/v2\/types\/product"}],"replies":[{"embeddable":true,"href":"https:\/\/benerly.com.tr\/index.php?rest_route=%2Fwp%2Fv2%2Fcomments&post=119188"}],"wp:featuredmedia":[{"embeddable":true,"href":"https:\/\/benerly.com.tr\/index.php?rest_route=\/wp\/v2\/media\/119192"}],"wp:attachment":[{"href":"https:\/\/benerly.com.tr\/index.php?rest_route=%2Fwp%2Fv2%2Fmedia&parent=119188"}],"wp:term":[{"taxonomy":"product_brand","embeddable":true,"href":"https:\/\/benerly.com.tr\/index.php?rest_route=%2Fwp%2Fv2%2Fproduct_brand&post=119188"},{"taxonomy":"product_cat","embeddable":true,"href":"https:\/\/benerly.com.tr\/index.php?rest_route=%2Fwp%2Fv2%2Fproduct_cat&post=119188"},{"taxonomy":"product_tag","embeddable":true,"href":"https:\/\/benerly.com.tr\/index.php?rest_route=%2Fwp%2Fv2%2Fproduct_tag&post=119188"}],"curies":[{"name":"wp","href":"https:\/\/api.w.org\/{rel}","templated":true}]}}