{"id":116994,"date":"2026-02-16T02:17:42","date_gmt":"2026-02-15T23:17:42","guid":{"rendered":"https:\/\/benerly.com.tr\/?product=kadin-asimetrik-midi-orme-etek-polyester-4-elastan-fonksiyonel-dayanikli-kaliteli-sik"},"modified":"2026-02-27T03:38:59","modified_gmt":"2026-02-27T00:38:59","slug":"kadin-asimetrik-midi-orme-etek-polyester-4-elastan-fonksiyonel-dayanikli-kaliteli-sik","status":"publish","type":"product","link":"https:\/\/benerly.com.tr\/?product=kadin-asimetrik-midi-orme-etek-polyester-4-elastan-fonksiyonel-dayanikli-kaliteli-sik","title":{"rendered":"Kad\u0131n Asimetrik Midi \u00d6rme Etek Polyester %4 Elastan Fonksiyonel Dayan\u0131kl\u0131 Kaliteli \u015e\u0131k"},"content":{"rendered":"<p>Bu midi etek, modern ve rahat bir g\u00f6r\u00fcn\u00fcm sunar.; Asimetrik kesimi ve d\u00fcz deseni, her tarza uyum sa\u011flayan dinamik bir stil yarat\u0131r.; \u00d6rme kuma\u015f dokusu, Sandy ad\u0131 verilen \u00f6zel bir dokuma tipiyle \u00fcretilmi\u015ftir.; Bu etek, %96 polyester ve %4 elastan i\u00e7eri\u011fiyle hem dayan\u0131kl\u0131 hem de esnek bir yap\u0131ya sahiptir.; G\u00fcnl\u00fck kullan\u0131m i\u00e7in ideal olan bu par\u00e7a, \u015f\u0131kl\u0131\u011f\u0131 ve konforu bir arada arayanlar i\u00e7in \u00f6zenle tasarlanm\u0131\u015ft\u0131r.; B\u00fcy\u00fck beden se\u00e7enekleriyle de her v\u00fccut tipine hitap eder.; Ete\u011fin bel k\u0131sm\u0131 lastiklidir, bu da g\u00fcn boyu s\u00fcren bir rahatl\u0131k sa\u011flar.; Yaka detay\u0131 bulunmamaktad\u0131r.; Kolsuz bir tasar\u0131ma sahiptir.; Kesimi asimetrik olup, etek ucunda hareketli bir g\u00f6r\u00fcn\u00fcm sunar.; Bu \u00f6rme etek, yumu\u015fak dokusu ve esnek yap\u0131s\u0131yla hareket \u00f6zg\u00fcrl\u00fc\u011f\u00fc sunarak g\u00fcn i\u00e7inde kendinizi iyi hissetmenizi sa\u011flar.; Hem \u015f\u0131k hem de rahat bir par\u00e7a arayanlar i\u00e7in m\u00fckemmel bir tercihtir.; Bu etek, t\u00fcm mevsimlerde rahatl\u0131kla kullan\u0131labilir.; Kot pantolonlar, taytlar veya basic ti\u015f\u00f6rtlerle kombinleyerek spor \u015f\u0131k bir g\u00f6r\u00fcn\u00fcm elde edebilirsiniz.; Ayr\u0131ca, \u015f\u0131k bir bluz ve topuklu ayakkab\u0131larla daha resmi bir davet i\u00e7in de uygun hale getirilebilir.; Bak\u0131m\u0131 kolayd\u0131r, elde veya d\u00fc\u015f\u00fck \u0131s\u0131da makinede y\u0131kanabilir.; \u00dcretim yeri T\u00fcrkiye&#8217;dir.<\/p>\n","protected":false},"excerpt":{"rendered":"<p>Bu midi etek, modern ve rahat bir g\u00f6r\u00fcn\u00fcm sunar.; Asimetrik kesimi ve d\u00fcz deseni, her tarza uyum sa\u011flayan dinamik bir stil yarat\u0131r.; \u00d6rme kuma\u015f dokusu, Sandy ad\u0131 verilen \u00f6zel bir dokuma tipiyle \u00fcretilmi\u015ftir.; Bu etek, %96 polyester ve %4 elastan i\u00e7eri\u011fiyle hem dayan\u0131kl\u0131 hem de esnek bir yap\u0131ya sahiptir.; G\u00fcnl\u00fck kullan\u0131m i\u00e7in ideal olan bu [&#8230;]\n","protected":false},"featured_media":117005,"comment_status":"open","ping_status":"closed","template":"","meta":[],"product_brand":[321],"product_cat":[761],"product_tag":[],"class_list":{"0":"post-116994","1":"product","2":"type-product","3":"status-publish","4":"has-post-thumbnail","6":"product_brand-benerly","7":"product_cat-etek-alt-giyim-kadin-giyim","9":"first","10":"instock","11":"taxable","12":"shipping-taxable","13":"purchasable","14":"product-type-variable"},"_links":{"self":[{"href":"https:\/\/benerly.com.tr\/index.php?rest_route=\/wp\/v2\/product\/116994","targetHints":{"allow":["GET"]}}],"collection":[{"href":"https:\/\/benerly.com.tr\/index.php?rest_route=\/wp\/v2\/product"}],"about":[{"href":"https:\/\/benerly.com.tr\/index.php?rest_route=\/wp\/v2\/types\/product"}],"replies":[{"embeddable":true,"href":"https:\/\/benerly.com.tr\/index.php?rest_route=%2Fwp%2Fv2%2Fcomments&post=116994"}],"wp:featuredmedia":[{"embeddable":true,"href":"https:\/\/benerly.com.tr\/index.php?rest_route=\/wp\/v2\/media\/117005"}],"wp:attachment":[{"href":"https:\/\/benerly.com.tr\/index.php?rest_route=%2Fwp%2Fv2%2Fmedia&parent=116994"}],"wp:term":[{"taxonomy":"product_brand","embeddable":true,"href":"https:\/\/benerly.com.tr\/index.php?rest_route=%2Fwp%2Fv2%2Fproduct_brand&post=116994"},{"taxonomy":"product_cat","embeddable":true,"href":"https:\/\/benerly.com.tr\/index.php?rest_route=%2Fwp%2Fv2%2Fproduct_cat&post=116994"},{"taxonomy":"product_tag","embeddable":true,"href":"https:\/\/benerly.com.tr\/index.php?rest_route=%2Fwp%2Fv2%2Fproduct_tag&post=116994"}],"curies":[{"name":"wp","href":"https:\/\/api.w.org\/{rel}","templated":true}]}}