{"id":115340,"date":"2026-02-16T01:48:41","date_gmt":"2026-02-15T22:48:41","guid":{"rendered":"https:\/\/benerly.com.tr\/?product=kadin-sivri-burun-orta-topuklu-metal-detayli-bilekte-bot-fonksiyonel-dayanikli-kaliteli-sik"},"modified":"2026-02-26T18:05:43","modified_gmt":"2026-02-26T15:05:43","slug":"kadin-sivri-burun-orta-topuklu-metal-detayli-bilekte-bot-fonksiyonel-dayanikli-kaliteli-sik","status":"publish","type":"product","link":"https:\/\/benerly.com.tr\/?product=kadin-sivri-burun-orta-topuklu-metal-detayli-bilekte-bot-fonksiyonel-dayanikli-kaliteli-sik","title":{"rendered":"Kad\u0131n Sivri Burun Orta Topuklu Metal Detayl\u0131 Bilekte Bot Fonksiyonel Dayan\u0131kl\u0131 Kaliteli \u015e\u0131k"},"content":{"rendered":"<p>Bu kad\u0131n bilekte bot, %100 poli\u00fcretan saya materyali ile \u00fcretilmi\u015ftir.; D\u00fcz deseni ve metal detaylar\u0131 ile dikkat \u00e7eken bu bot, zarif bir g\u00f6r\u00fcn\u00fcm sunar.; \u00dcr\u00fcn, suni deri dokusuyla hem dayan\u0131kl\u0131 hem de \u015f\u0131k bir se\u00e7enektir.; \u0130\u00e7 taban\u0131 tekstil, astar\u0131 da tekstil malzemeden yap\u0131lm\u0131\u015ft\u0131r.; Bu bilekte bot, modern tasar\u0131m\u0131 ve kaliteli i\u015f\u00e7ili\u011fi ile \u00f6ne \u00e7\u0131karak gard\u0131robunuzun vazge\u00e7ilmez par\u00e7alar\u0131ndan biri olmaya adayd\u0131r.; Sivri burun kesimi ve orta topuk boyu (5-9 cm) ile zarif bir siluet olu\u015fturan bu bot, g\u00fcn boyu konforlu bir kullan\u0131m sunar.; Fermuar detay\u0131 sayesinde kolayca giyilip \u00e7\u0131kar\u0131labilir.; Metal detaylar, botun genel tasar\u0131m\u0131na sofistike bir dokunu\u015f katarak her t\u00fcrl\u00fc k\u0131yafetle uyum sa\u011flamas\u0131na yard\u0131mc\u0131 olur.; Kaliteli materyallerin bir araya gelmesiyle tasarlanan bu bot, hem estetik hem de fonksiyonel bir deneyim sunar.; K\u0131\u015f mevsimi i\u00e7in ideal olan bu bot, dar pa\u00e7a pantolonlar, kalem etekler ve elbiselerle m\u00fckemmel bir uyum yakalar.; Siyah rengi ve metal detaylar\u0131 sayesinde farkl\u0131 renklerdeki k\u0131yafetlerle kolayca kombinlenebilir.; Spor ayakkab\u0131lar yerine daha \u015f\u0131k bir alternatif arayanlar i\u00e7in idealdir.; \u00dcr\u00fcn\u00fcn temizli\u011fi i\u00e7in nemli bir bezle silinmesi \u00f6nerilir.<\/p>\n","protected":false},"excerpt":{"rendered":"<p>Bu kad\u0131n bilekte bot, %100 poli\u00fcretan saya materyali ile \u00fcretilmi\u015ftir.; D\u00fcz deseni ve metal detaylar\u0131 ile dikkat \u00e7eken bu bot, zarif bir g\u00f6r\u00fcn\u00fcm sunar.; \u00dcr\u00fcn, suni deri dokusuyla hem dayan\u0131kl\u0131 hem de \u015f\u0131k bir se\u00e7enektir.; \u0130\u00e7 taban\u0131 tekstil, astar\u0131 da tekstil malzemeden yap\u0131lm\u0131\u015ft\u0131r.; Bu bilekte bot, modern tasar\u0131m\u0131 ve kaliteli i\u015f\u00e7ili\u011fi ile \u00f6ne \u00e7\u0131karak gard\u0131robunuzun [&#8230;]\n","protected":false},"featured_media":115346,"comment_status":"open","ping_status":"closed","template":"","meta":[],"product_brand":[321],"product_cat":[748],"product_tag":[],"class_list":{"0":"post-115340","1":"product","2":"type-product","3":"status-publish","4":"has-post-thumbnail","6":"product_brand-benerly","7":"product_cat-bot-kadin-ayakkabi","9":"first","10":"instock","11":"taxable","12":"shipping-taxable","13":"purchasable","14":"product-type-variable"},"_links":{"self":[{"href":"https:\/\/benerly.com.tr\/index.php?rest_route=\/wp\/v2\/product\/115340","targetHints":{"allow":["GET"]}}],"collection":[{"href":"https:\/\/benerly.com.tr\/index.php?rest_route=\/wp\/v2\/product"}],"about":[{"href":"https:\/\/benerly.com.tr\/index.php?rest_route=\/wp\/v2\/types\/product"}],"replies":[{"embeddable":true,"href":"https:\/\/benerly.com.tr\/index.php?rest_route=%2Fwp%2Fv2%2Fcomments&post=115340"}],"wp:featuredmedia":[{"embeddable":true,"href":"https:\/\/benerly.com.tr\/index.php?rest_route=\/wp\/v2\/media\/115346"}],"wp:attachment":[{"href":"https:\/\/benerly.com.tr\/index.php?rest_route=%2Fwp%2Fv2%2Fmedia&parent=115340"}],"wp:term":[{"taxonomy":"product_brand","embeddable":true,"href":"https:\/\/benerly.com.tr\/index.php?rest_route=%2Fwp%2Fv2%2Fproduct_brand&post=115340"},{"taxonomy":"product_cat","embeddable":true,"href":"https:\/\/benerly.com.tr\/index.php?rest_route=%2Fwp%2Fv2%2Fproduct_cat&post=115340"},{"taxonomy":"product_tag","embeddable":true,"href":"https:\/\/benerly.com.tr\/index.php?rest_route=%2Fwp%2Fv2%2Fproduct_tag&post=115340"}],"curies":[{"name":"wp","href":"https:\/\/api.w.org\/{rel}","templated":true}]}}