{"id":115110,"date":"2026-02-16T01:44:54","date_gmt":"2026-02-15T22:44:54","guid":{"rendered":"https:\/\/benerly.com.tr\/?product=erkek-bagcikli-duz-taban-deri-gorunumlu-ayakkabi-fonksiyonel-dayanikli-kaliteli-konforlu-sik"},"modified":"2026-02-26T18:05:44","modified_gmt":"2026-02-26T15:05:44","slug":"erkek-bagcikli-duz-taban-deri-gorunumlu-ayakkabi-fonksiyonel-dayanikli-kaliteli-konforlu-sik","status":"publish","type":"product","link":"https:\/\/benerly.com.tr\/?product=erkek-bagcikli-duz-taban-deri-gorunumlu-ayakkabi-fonksiyonel-dayanikli-kaliteli-konforlu-sik","title":{"rendered":"Erkek Ba\u011fc\u0131kl\u0131 D\u00fcz Taban Deri G\u00f6r\u00fcn\u00fcml\u00fc Ayakkab\u0131 Fonksiyonel Dayan\u0131kl\u0131 Kaliteli Konforlu \u015e\u0131k"},"content":{"rendered":"<p>Bu klasik ayakkab\u0131, suni deri g\u00f6r\u00fcn\u00fcm\u00fc ve d\u00fcz taban tasar\u0131m\u0131yla \u00f6ne \u00e7\u0131k\u0131yor.; %100 poli\u00fcretan materyalden \u00fcretilmi\u015f olup, dayan\u0131kl\u0131l\u0131\u011f\u0131 ve uzun \u00f6m\u00fcrl\u00fc kullan\u0131m\u0131yla dikkat \u00e7ekiyor.; Ayakkab\u0131n\u0131n d\u0131\u015f y\u00fczeyi p\u00fcr\u00fczs\u00fcz ve parlak bir yap\u0131ya sahip, bu da ona zarif bir dokunu\u015f kat\u0131yor.; D\u00fcz desenli tasar\u0131m\u0131, her t\u00fcrl\u00fc k\u0131yafetle kolayca uyum sa\u011flamas\u0131na olanak tan\u0131yor.; Ayakkab\u0131n\u0131n i\u00e7 astar\u0131 ve i\u00e7 taban\u0131 tekstil malzemeden \u00fcretilmi\u015ftir, bu da g\u00fcn boyu s\u00fcren konfor sunar.; Ayakkab\u0131n\u0131n ba\u011fc\u0131kl\u0131 kapama sistemi, aya\u011f\u0131n\u0131za tam oturmas\u0131n\u0131 sa\u011flarken ayn\u0131 zamanda klasik bir g\u00f6r\u00fcn\u00fcm sunar.; K\u0131sa topuk boyu ve d\u00fcz topuk tipi, rahat bir y\u00fcr\u00fcy\u00fc\u015f deneyimi vadediyor.; Termoplastik taban materyali, zemini iyi kavrayarak kaymay\u0131 \u00f6nler ve ekstra dayan\u0131kl\u0131l\u0131k sa\u011flar.; Bu ayakkab\u0131, hem g\u00fcnl\u00fck kullan\u0131mda hem de daha \u00f6zel g\u00fcnlerinizde \u015f\u0131kl\u0131\u011f\u0131n\u0131z\u0131 tamamlayacak bir se\u00e7enektir.; Kal\u0131b\u0131 standart olup, rahat bir kullan\u0131m sunar.; Ayakkab\u0131n\u0131n genel yap\u0131s\u0131, modern \u00e7izgileri ve klasik detaylar\u0131 bir araya getirerek zamans\u0131z bir stil olu\u015fturuyor.; \u0130lkbahar ve sonbahar mevsimleri i\u00e7in ideal olan bu ayakkab\u0131, chino pantolonlar, kanvas pantolonlar ve koyu renk kot pantolonlarla m\u00fckemmel bir uyum sergiler.; Spor ceketler veya blazer ceketlerle kombinleyerek daha resmi bir g\u00f6r\u00fcn\u00fcm elde edebilirsiniz.; G\u00fcnl\u00fck kullan\u0131mda ise rahat kesim pantolonlar ve basic ti\u015f\u00f6rtlerle rahat bir stil yakalayabilirsiniz.; Ayakkab\u0131n\u0131n bak\u0131m\u0131 i\u00e7in nemli bir bezle silinmesi \u00f6nerilir.; A\u015f\u0131r\u0131 \u0131slakl\u0131ktan ka\u00e7\u0131n\u0131lmal\u0131d\u0131r.<\/p>\n","protected":false},"excerpt":{"rendered":"<p>Bu klasik ayakkab\u0131, suni deri g\u00f6r\u00fcn\u00fcm\u00fc ve d\u00fcz taban tasar\u0131m\u0131yla \u00f6ne \u00e7\u0131k\u0131yor.; %100 poli\u00fcretan materyalden \u00fcretilmi\u015f olup, dayan\u0131kl\u0131l\u0131\u011f\u0131 ve uzun \u00f6m\u00fcrl\u00fc kullan\u0131m\u0131yla dikkat \u00e7ekiyor.; Ayakkab\u0131n\u0131n d\u0131\u015f y\u00fczeyi p\u00fcr\u00fczs\u00fcz ve parlak bir yap\u0131ya sahip, bu da ona zarif bir dokunu\u015f kat\u0131yor.; D\u00fcz desenli tasar\u0131m\u0131, her t\u00fcrl\u00fc k\u0131yafetle kolayca uyum sa\u011flamas\u0131na olanak tan\u0131yor.; Ayakkab\u0131n\u0131n i\u00e7 astar\u0131 ve [&#8230;]\n","protected":false},"featured_media":115116,"comment_status":"open","ping_status":"closed","template":"","meta":[],"product_brand":[321],"product_cat":[744],"product_tag":[],"class_list":{"0":"post-115110","1":"product","2":"type-product","3":"status-publish","4":"has-post-thumbnail","6":"product_brand-benerly","7":"product_cat-klasik-ayakkabi-kadin-ayakkabi","9":"first","10":"instock","11":"taxable","12":"shipping-taxable","13":"purchasable","14":"product-type-variable"},"_links":{"self":[{"href":"https:\/\/benerly.com.tr\/index.php?rest_route=\/wp\/v2\/product\/115110","targetHints":{"allow":["GET"]}}],"collection":[{"href":"https:\/\/benerly.com.tr\/index.php?rest_route=\/wp\/v2\/product"}],"about":[{"href":"https:\/\/benerly.com.tr\/index.php?rest_route=\/wp\/v2\/types\/product"}],"replies":[{"embeddable":true,"href":"https:\/\/benerly.com.tr\/index.php?rest_route=%2Fwp%2Fv2%2Fcomments&post=115110"}],"wp:featuredmedia":[{"embeddable":true,"href":"https:\/\/benerly.com.tr\/index.php?rest_route=\/wp\/v2\/media\/115116"}],"wp:attachment":[{"href":"https:\/\/benerly.com.tr\/index.php?rest_route=%2Fwp%2Fv2%2Fmedia&parent=115110"}],"wp:term":[{"taxonomy":"product_brand","embeddable":true,"href":"https:\/\/benerly.com.tr\/index.php?rest_route=%2Fwp%2Fv2%2Fproduct_brand&post=115110"},{"taxonomy":"product_cat","embeddable":true,"href":"https:\/\/benerly.com.tr\/index.php?rest_route=%2Fwp%2Fv2%2Fproduct_cat&post=115110"},{"taxonomy":"product_tag","embeddable":true,"href":"https:\/\/benerly.com.tr\/index.php?rest_route=%2Fwp%2Fv2%2Fproduct_tag&post=115110"}],"curies":[{"name":"wp","href":"https:\/\/api.w.org\/{rel}","templated":true}]}}