{"id":114554,"date":"2026-02-16T01:35:56","date_gmt":"2026-02-15T22:35:56","guid":{"rendered":"https:\/\/benerly.com.tr\/?product=kadin-v-yaka-kolsuz-pileli-dokuma-mini-elbise-fonksiyonel-modern"},"modified":"2026-02-26T18:26:36","modified_gmt":"2026-02-26T15:26:36","slug":"kadin-v-yaka-kolsuz-pileli-dokuma-mini-elbise-fonksiyonel-modern","status":"publish","type":"product","link":"https:\/\/benerly.com.tr\/?product=kadin-v-yaka-kolsuz-pileli-dokuma-mini-elbise-fonksiyonel-modern","title":{"rendered":"Kad\u0131n V Yaka Kolsuz Pileli Dokuma Mini Elbise Fonksiyonel Modern"},"content":{"rendered":"<p>Bu zarif elbise, %88 polyester ve %12 elastan kar\u0131\u015f\u0131m\u0131 dokuma kuma\u015ftan \u00fcretilmi\u015ftir.; Kuma\u015f\u0131n i\u00e7eri\u011fi sayesinde hem dayan\u0131kl\u0131 hem de esnek bir yap\u0131ya sahiptir.; Skater kal\u0131b\u0131, v\u00fccuda oturan \u00fcst k\u0131sm\u0131 ve geni\u015fleyen ete\u011fi ile hareket \u00f6zg\u00fcrl\u00fc\u011f\u00fc sunar.; D\u00fcz deseni, zamans\u0131z bir \u015f\u0131kl\u0131k katarken, V yaka detay\u0131 zarif bir g\u00f6r\u00fcn\u00fcm sa\u011flar.; Astars\u0131z tasar\u0131m\u0131 yaz aylar\u0131 i\u00e7in idealdir.; Elbisenin mini boyu, modern ve dinamik bir stil yarat\u0131r.; Bu \u00f6zel par\u00e7a, her dolapta olmas\u0131 gereken klasik ve \u015f\u0131k bir alternatiftir.; Elbisenin V yaka ve kolsuz tasar\u0131m\u0131, ferah bir kullan\u0131m sunar.; Pileli etek detay\u0131, elbiseye hacim ve hareketlilik katarak daha feminen bir sil\u00fcet olu\u015fturur.; Skater kal\u0131b\u0131, bel hatt\u0131n\u0131 vurgulayarak v\u00fccut hatlar\u0131n\u0131 g\u00fczelce ortaya \u00e7\u0131kar\u0131r.; Dokuma kuma\u015f\u0131n kalitesi, uzun s\u00fcreli kullan\u0131ma olanak tan\u0131r.; G\u00fcnl\u00fck kullan\u0131m i\u00e7in rahatl\u0131\u011f\u0131 \u00f6n planda tutarken, \u00f6zel davetlerde de \u015f\u0131k bir tercih olabilir.; Bu elbise, hem konforlu hem de stil sahibi bir g\u00f6r\u00fcn\u00fcm arayanlar i\u00e7in m\u00fckemmel bir se\u00e7enektir.; Yaz mevsimi i\u00e7in ideal olan bu elbise, spor ayakkab\u0131larla veya \u015f\u0131k sandaletlerle kombinlenebilir.; Jean pantolonlar veya \u015fortlarla da farkl\u0131 bir tarz yakalanabilir.; Aksesuar olarak minimalist tak\u0131lar ve \u015f\u0131k bir \u00e7anta ile tamamlanabilir.; Elbisenin bak\u0131m\u0131 i\u00e7in d\u00fc\u015f\u00fck s\u0131cakl\u0131kta elde y\u0131kama \u00f6nerilir.; \u00dcr\u00fcn\u00fcn uzun \u00f6m\u00fcrl\u00fc olmas\u0131 i\u00e7in a\u011fart\u0131c\u0131 kullan\u0131lmamal\u0131 ve kuru temizlemeye verilmemelidir.<\/p>\n","protected":false},"excerpt":{"rendered":"<p>Bu zarif elbise, %88 polyester ve %12 elastan kar\u0131\u015f\u0131m\u0131 dokuma kuma\u015ftan \u00fcretilmi\u015ftir.; Kuma\u015f\u0131n i\u00e7eri\u011fi sayesinde hem dayan\u0131kl\u0131 hem de esnek bir yap\u0131ya sahiptir.; Skater kal\u0131b\u0131, v\u00fccuda oturan \u00fcst k\u0131sm\u0131 ve geni\u015fleyen ete\u011fi ile hareket \u00f6zg\u00fcrl\u00fc\u011f\u00fc sunar.; D\u00fcz deseni, zamans\u0131z bir \u015f\u0131kl\u0131k katarken, V yaka detay\u0131 zarif bir g\u00f6r\u00fcn\u00fcm sa\u011flar.; Astars\u0131z tasar\u0131m\u0131 yaz aylar\u0131 i\u00e7in idealdir.; [&#8230;]\n","protected":false},"featured_media":114560,"comment_status":"open","ping_status":"closed","template":"","meta":[],"product_brand":[321],"product_cat":[753],"product_tag":[],"class_list":{"0":"post-114554","1":"product","2":"type-product","3":"status-publish","4":"has-post-thumbnail","6":"product_brand-benerly","7":"product_cat-elbise-kadin-giyim","9":"first","10":"instock","11":"taxable","12":"shipping-taxable","13":"purchasable","14":"product-type-variable"},"_links":{"self":[{"href":"https:\/\/benerly.com.tr\/index.php?rest_route=\/wp\/v2\/product\/114554","targetHints":{"allow":["GET"]}}],"collection":[{"href":"https:\/\/benerly.com.tr\/index.php?rest_route=\/wp\/v2\/product"}],"about":[{"href":"https:\/\/benerly.com.tr\/index.php?rest_route=\/wp\/v2\/types\/product"}],"replies":[{"embeddable":true,"href":"https:\/\/benerly.com.tr\/index.php?rest_route=%2Fwp%2Fv2%2Fcomments&post=114554"}],"wp:featuredmedia":[{"embeddable":true,"href":"https:\/\/benerly.com.tr\/index.php?rest_route=\/wp\/v2\/media\/114560"}],"wp:attachment":[{"href":"https:\/\/benerly.com.tr\/index.php?rest_route=%2Fwp%2Fv2%2Fmedia&parent=114554"}],"wp:term":[{"taxonomy":"product_brand","embeddable":true,"href":"https:\/\/benerly.com.tr\/index.php?rest_route=%2Fwp%2Fv2%2Fproduct_brand&post=114554"},{"taxonomy":"product_cat","embeddable":true,"href":"https:\/\/benerly.com.tr\/index.php?rest_route=%2Fwp%2Fv2%2Fproduct_cat&post=114554"},{"taxonomy":"product_tag","embeddable":true,"href":"https:\/\/benerly.com.tr\/index.php?rest_route=%2Fwp%2Fv2%2Fproduct_tag&post=114554"}],"curies":[{"name":"wp","href":"https:\/\/api.w.org\/{rel}","templated":true}]}}