{"id":114366,"date":"2026-02-16T01:32:58","date_gmt":"2026-02-15T22:32:58","guid":{"rendered":"https:\/\/benerly.com.tr\/?product=kadin-maxi-kalem-etek-yirtmacli-duz-desen-mikro-likrali-interlok-fonksiyonel-dayanikli-sik"},"modified":"2026-02-27T03:41:12","modified_gmt":"2026-02-27T00:41:12","slug":"kadin-maxi-kalem-etek-yirtmacli-duz-desen-mikro-likrali-interlok-fonksiyonel-dayanikli-sik","status":"publish","type":"product","link":"https:\/\/benerly.com.tr\/?product=kadin-maxi-kalem-etek-yirtmacli-duz-desen-mikro-likrali-interlok-fonksiyonel-dayanikli-sik","title":{"rendered":"Kad\u0131n Maxi Kalem Etek Y\u0131rtma\u00e7l\u0131 D\u00fcz Desen Mikro Likral\u0131 \u0130nterlok Fonksiyonel Dayan\u0131kl\u0131 \u015e\u0131k"},"content":{"rendered":"<p>Bu maxi boy kalem etek, modern ve zarif bir g\u00f6r\u00fcn\u00fcm sunar.; %100 polyester materyalden \u00fcretilmi\u015f olup, mikro likral\u0131 interlok dokuma tipi sayesinde hem esneklik hem de dayan\u0131kl\u0131l\u0131k sa\u011flar.; D\u00fcz deseni ve astars\u0131z yap\u0131s\u0131 ile hafif ve konforlu bir kullan\u0131m sunar.; \u00dcr\u00fcn\u00fcn bel k\u0131sm\u0131 lastikli ve normal bel olarak tasarlanm\u0131\u015ft\u0131r, bu da g\u00fcn boyu rahatl\u0131k hissi verir.; Etekte bulunan y\u0131rtma\u00e7 detay\u0131, hareket \u00f6zg\u00fcrl\u00fc\u011f\u00fcn\u00fc art\u0131r\u0131rken ayn\u0131 zamanda \u015f\u0131k bir dokunu\u015f katar.; Casual ve g\u00fcnl\u00fck kullan\u0131ma uygun olan bu etek, gard\u0131robunuzun vazge\u00e7ilmez par\u00e7alar\u0131ndan biri olacakt\u0131r.; \u00dcr\u00fcn\u00fcn kal\u0131p yap\u0131s\u0131 kalem kesimdir, bu da v\u00fccuda oturan ve zarif bir siluet olu\u015fturan bir kesimdir.; Yaka ve kol gibi \u00fcst giyim \u00f6zellikleri bulunmayan bu etek, tamamen alt giyim kategorisine aittir.; Mikro likral\u0131 interlok kuma\u015f\u0131n sundu\u011fu esneklik, hareketlerinizi k\u0131s\u0131tlamadan g\u00fcn boyu konfor sa\u011flar.; Cepsiz tasar\u0131m\u0131, ete\u011fin daha sade ve \u015f\u0131k g\u00f6r\u00fcnmesine katk\u0131da bulunur.; G\u00fcnl\u00fck kullan\u0131m i\u00e7in ideal olan bu etek, hem \u015f\u0131k hem de rahat bir se\u00e7enek arayanlar i\u00e7in uygundur.; Yaz mevsimi i\u00e7in ideal olan bu etek, ti\u015f\u00f6rtler, bluzlar ve crop top&#8217;lar ile kolayca kombinlenebilir.; Spor ayakkab\u0131lar, sandaletler veya topuklu ayakkab\u0131larla tamamlanabilir.; Pantolon olarak ise dar pa\u00e7a pantolonlar veya jeanler ile uyum sa\u011flar.; Etek, etek olarak da kullan\u0131labilir.; Bak\u0131m\u0131 i\u00e7in elde y\u0131kama veya hassas programda makinede y\u0131kama \u00f6nerilir.; Y\u00fcksek s\u0131cakl\u0131klardan ka\u00e7\u0131n\u0131lmal\u0131d\u0131r.<\/p>\n","protected":false},"excerpt":{"rendered":"<p>Bu maxi boy kalem etek, modern ve zarif bir g\u00f6r\u00fcn\u00fcm sunar.; %100 polyester materyalden \u00fcretilmi\u015f olup, mikro likral\u0131 interlok dokuma tipi sayesinde hem esneklik hem de dayan\u0131kl\u0131l\u0131k sa\u011flar.; D\u00fcz deseni ve astars\u0131z yap\u0131s\u0131 ile hafif ve konforlu bir kullan\u0131m sunar.; \u00dcr\u00fcn\u00fcn bel k\u0131sm\u0131 lastikli ve normal bel olarak tasarlanm\u0131\u015ft\u0131r, bu da g\u00fcn boyu rahatl\u0131k hissi [&#8230;]\n","protected":false},"featured_media":114372,"comment_status":"open","ping_status":"closed","template":"","meta":[],"product_brand":[321],"product_cat":[761],"product_tag":[],"class_list":{"0":"post-114366","1":"product","2":"type-product","3":"status-publish","4":"has-post-thumbnail","6":"product_brand-benerly","7":"product_cat-etek-alt-giyim-kadin-giyim","9":"first","10":"instock","11":"taxable","12":"shipping-taxable","13":"purchasable","14":"product-type-variable"},"_links":{"self":[{"href":"https:\/\/benerly.com.tr\/index.php?rest_route=\/wp\/v2\/product\/114366","targetHints":{"allow":["GET"]}}],"collection":[{"href":"https:\/\/benerly.com.tr\/index.php?rest_route=\/wp\/v2\/product"}],"about":[{"href":"https:\/\/benerly.com.tr\/index.php?rest_route=\/wp\/v2\/types\/product"}],"replies":[{"embeddable":true,"href":"https:\/\/benerly.com.tr\/index.php?rest_route=%2Fwp%2Fv2%2Fcomments&post=114366"}],"wp:featuredmedia":[{"embeddable":true,"href":"https:\/\/benerly.com.tr\/index.php?rest_route=\/wp\/v2\/media\/114372"}],"wp:attachment":[{"href":"https:\/\/benerly.com.tr\/index.php?rest_route=%2Fwp%2Fv2%2Fmedia&parent=114366"}],"wp:term":[{"taxonomy":"product_brand","embeddable":true,"href":"https:\/\/benerly.com.tr\/index.php?rest_route=%2Fwp%2Fv2%2Fproduct_brand&post=114366"},{"taxonomy":"product_cat","embeddable":true,"href":"https:\/\/benerly.com.tr\/index.php?rest_route=%2Fwp%2Fv2%2Fproduct_cat&post=114366"},{"taxonomy":"product_tag","embeddable":true,"href":"https:\/\/benerly.com.tr\/index.php?rest_route=%2Fwp%2Fv2%2Fproduct_tag&post=114366"}],"curies":[{"name":"wp","href":"https:\/\/api.w.org\/{rel}","templated":true}]}}