{"id":112608,"date":"2026-02-16T01:03:24","date_gmt":"2026-02-15T22:03:24","guid":{"rendered":"https:\/\/benerly.com.tr\/?product=kadin-kruvaze-yaka-uzun-kol-oversize-kalip-ceket-fonksiyonel-dayanikli-kaliteli-konforlu-sik"},"modified":"2026-02-27T03:34:59","modified_gmt":"2026-02-27T00:34:59","slug":"kadin-kruvaze-yaka-uzun-kol-oversize-kalip-ceket-fonksiyonel-dayanikli-kaliteli-konforlu-sik","status":"publish","type":"product","link":"https:\/\/benerly.com.tr\/?product=kadin-kruvaze-yaka-uzun-kol-oversize-kalip-ceket-fonksiyonel-dayanikli-kaliteli-konforlu-sik","title":{"rendered":"Kad\u0131n Kruvaze Yaka Uzun Kol Oversize Kal\u0131p Ceket Fonksiyonel Dayan\u0131kl\u0131 Kaliteli Konforlu \u015e\u0131k"},"content":{"rendered":"<p>Bu ceket, modern ve rahat bir siluet sunan oversize kal\u0131b\u0131yla \u00f6ne \u00e7\u0131k\u0131yor.; %81 polyester, %13 modal ve %6 elastan i\u00e7eren poliviskon dokuma kuma\u015f\u0131, hem dayan\u0131kl\u0131l\u0131k hem de esneklik sa\u011fl\u0131yor.; D\u00fcz deseni ve zarif kruvaze kapama detay\u0131, tasar\u0131ma sofistike bir dokunu\u015f kat\u0131yor.; Uzun kollu ve ceket yaka modeli, klasik bir g\u00f6r\u00fcn\u00fcm sunarken, astarl\u0131 yap\u0131s\u0131 ekstra konfor sa\u011fl\u0131yor.; Bu ceket, i\u015f ortam\u0131ndan g\u00fcnl\u00fck kullan\u0131ma kadar geni\u015f bir yelpazede stilinizi tamamlamak i\u00e7in ideal bir par\u00e7a olarak tasarlanm\u0131\u015ft\u0131r.; Ceket yaka ve uzun kol detaylar\u0131, cekete klasik bir form kazand\u0131r\u0131rken, oversize kal\u0131p modern bir hava kat\u0131yor.; Kruvaze kapama \u015fekli, stilinize \u00f6zg\u00fcnl\u00fck katarken, astarl\u0131 i\u00e7 yap\u0131s\u0131 g\u00fcn boyu rahatl\u0131k sunuyor.; Dokuma kuma\u015f\u0131n hafifli\u011fi ve esnekli\u011fi, hareket \u00f6zg\u00fcrl\u00fc\u011f\u00fcn\u00fcz\u00fc k\u0131s\u0131tlamadan \u015f\u0131k bir duru\u015f sergilemenizi sa\u011fl\u0131yor.; \u0130\u015f toplant\u0131lar\u0131ndan hafta sonu bulu\u015fmalar\u0131na kadar her durumda kendinizi iyi hissetmenizi sa\u011flayacak bu ceket, gard\u0131robunuzun vazge\u00e7ilmez bir par\u00e7as\u0131 olacak.; Bu ceket, t\u00fcm mevsimlere uygun bir se\u00e7enektir.; \u00d6zellikle bahar ve sonbahar aylar\u0131nda tek ba\u015f\u0131na, k\u0131\u015f aylar\u0131nda ise katmanl\u0131 kombinlerde rahatl\u0131kla kullan\u0131labilir.; Dar pa\u00e7a pantolonlar, kalem etekler ve \u015f\u0131k topuklu ayakkab\u0131larla kombinleyerek profesyonel bir g\u00f6r\u00fcn\u00fcm elde edebilirsiniz.; Daha rahat bir stil i\u00e7in ise jean pantolonlar ve loaferlarla da uyum sa\u011flayacakt\u0131r.; Ceketinizi temiz tutmak i\u00e7in profesyonel kuru temizleme \u00f6nerilir.<\/p>\n","protected":false},"excerpt":{"rendered":"<p>Bu ceket, modern ve rahat bir siluet sunan oversize kal\u0131b\u0131yla \u00f6ne \u00e7\u0131k\u0131yor.; %81 polyester, %13 modal ve %6 elastan i\u00e7eren poliviskon dokuma kuma\u015f\u0131, hem dayan\u0131kl\u0131l\u0131k hem de esneklik sa\u011fl\u0131yor.; D\u00fcz deseni ve zarif kruvaze kapama detay\u0131, tasar\u0131ma sofistike bir dokunu\u015f kat\u0131yor.; Uzun kollu ve ceket yaka modeli, klasik bir g\u00f6r\u00fcn\u00fcm sunarken, astarl\u0131 yap\u0131s\u0131 ekstra konfor [&#8230;]\n","protected":false},"featured_media":112614,"comment_status":"open","ping_status":"closed","template":"","meta":[],"product_brand":[321],"product_cat":[758],"product_tag":[],"class_list":{"0":"post-112608","1":"product","2":"type-product","3":"status-publish","4":"has-post-thumbnail","6":"product_brand-benerly","7":"product_cat-ceket-dis-giyim-kadin-giyim","9":"first","10":"instock","11":"taxable","12":"shipping-taxable","13":"purchasable","14":"product-type-variable"},"_links":{"self":[{"href":"https:\/\/benerly.com.tr\/index.php?rest_route=\/wp\/v2\/product\/112608","targetHints":{"allow":["GET"]}}],"collection":[{"href":"https:\/\/benerly.com.tr\/index.php?rest_route=\/wp\/v2\/product"}],"about":[{"href":"https:\/\/benerly.com.tr\/index.php?rest_route=\/wp\/v2\/types\/product"}],"replies":[{"embeddable":true,"href":"https:\/\/benerly.com.tr\/index.php?rest_route=%2Fwp%2Fv2%2Fcomments&post=112608"}],"wp:featuredmedia":[{"embeddable":true,"href":"https:\/\/benerly.com.tr\/index.php?rest_route=\/wp\/v2\/media\/112614"}],"wp:attachment":[{"href":"https:\/\/benerly.com.tr\/index.php?rest_route=%2Fwp%2Fv2%2Fmedia&parent=112608"}],"wp:term":[{"taxonomy":"product_brand","embeddable":true,"href":"https:\/\/benerly.com.tr\/index.php?rest_route=%2Fwp%2Fv2%2Fproduct_brand&post=112608"},{"taxonomy":"product_cat","embeddable":true,"href":"https:\/\/benerly.com.tr\/index.php?rest_route=%2Fwp%2Fv2%2Fproduct_cat&post=112608"},{"taxonomy":"product_tag","embeddable":true,"href":"https:\/\/benerly.com.tr\/index.php?rest_route=%2Fwp%2Fv2%2Fproduct_tag&post=112608"}],"curies":[{"name":"wp","href":"https:\/\/api.w.org\/{rel}","templated":true}]}}