{"id":111591,"date":"2026-02-16T00:45:56","date_gmt":"2026-02-15T21:45:56","guid":{"rendered":"https:\/\/benerly.com.tr\/?product=kadin-alt-ust-sik-triko-hirka-ve-genis-paca-pantolon-takimi-modern-kesim-ve-rahat-yapisiyla"},"modified":"2026-02-27T03:36:14","modified_gmt":"2026-02-27T00:36:14","slug":"kadin-alt-ust-sik-triko-hirka-ve-genis-paca-pantolon-takimi-modern-kesim-ve-rahat-yapisiyla","status":"publish","type":"product","link":"https:\/\/benerly.com.tr\/?product=kadin-alt-ust-sik-triko-hirka-ve-genis-paca-pantolon-takimi-modern-kesim-ve-rahat-yapisiyla","title":{"rendered":"Kad\u0131n Alt \u00dcst \u015e\u0131k Triko H\u0131rka Ve Geni\u015f Pa\u00e7a Pantolon Tak\u0131m\u0131 Modern Kesim Ve Rahat Yap\u0131s\u0131yla"},"content":{"rendered":"<p>Kad\u0131nlar i\u00e7in tasarlanan bu triko alt-\u00fcst tak\u0131m, g\u00fcnl\u00fck \u015f\u0131kl\u0131\u011f\u0131 ve konforu bir araya getiriyor.; Regular kal\u0131ptaki crop h\u0131rka ve uzun boy geni\u015f pa\u00e7a pantolondan olu\u015fan bu ikili, modern bir siluet sunar.; \u00dcr\u00fcn, %100 akrilik materyalden \u00fcretilmi\u015ftir, bu sayede yumu\u015fak bir dokunu\u015f ve s\u0131cak tutan bir yap\u0131ya sahiptir.; D\u00fcz deseni sayesinde her t\u00fcrl\u00fc aksesuarla kolayca uyum sa\u011flar ve sade bir zarafet sunar.; Bu tak\u0131m, so\u011fuk havalarda bile stilinizden \u00f6d\u00fcn vermeden rahat etmenizi sa\u011flayacak \u015fekilde \u00f6zenle haz\u0131rlanm\u0131\u015ft\u0131r.; H\u0131rka, klasik bisiklet yaka tasar\u0131m\u0131yla boyun b\u00f6lgesinde rahat bir duru\u015f sergilerken, uzun standart kol yap\u0131s\u0131 hareket \u00f6zg\u00fcrl\u00fc\u011f\u00fc sunar.; Crop kesimi, modern ve dinamik bir g\u00f6r\u00fcn\u00fcm kazand\u0131r\u0131r.; Pantolon ise, geni\u015f pa\u00e7a kesimiyle g\u00fcn boyu konforlu bir kullan\u0131m vaat eder ve bacaklarda ferah bir his b\u0131rak\u0131r.; Esnek triko kuma\u015f\u0131, v\u00fccuda nazik\u00e7e oturarak k\u0131s\u0131tlay\u0131c\u0131 olmayan bir yap\u0131 sunar.; Bu tak\u0131m, evde dinlenirken veya d\u0131\u015far\u0131da casual bir bulu\u015fmada tercih edebilece\u011finiz \u00e7ok y\u00f6nl\u00fc bir par\u00e7ad\u0131r.; Yumu\u015fak dokusu sayesinde cildinize dost bir deneyim sunar ve uzun s\u00fcreli kullan\u0131mlarda bile formunu korur.; \u00d6zellikle k\u0131\u015f ve serin bahar aylar\u0131nda tercih edebilece\u011finiz bu tak\u0131m, gard\u0131robunuzun vazge\u00e7ilmezlerinden olacak.; KOMB\u0130N \u00d6NER\u0130S\u0130 olarak, spor ayakkab\u0131lar ve k\u00fc\u00e7\u00fck bir \u00e7apraz \u00e7anta ile g\u00fcnl\u00fck \u015f\u0131k bir g\u00f6r\u00fcn\u00fcm elde edebilirsiniz.; Daha resmi bir dokunu\u015f i\u00e7in botlar veya topuklu ayakkab\u0131lar ile tamamlayabilirsiniz.; \u00dcr\u00fcn\u00fcn uzun \u00f6m\u00fcrl\u00fc kullan\u0131m\u0131 i\u00e7in hassas y\u0131kama ko\u015fullar\u0131na dikkat edilmesi \u00f6nerilir.<\/p>\n","protected":false},"excerpt":{"rendered":"<p>Kad\u0131nlar i\u00e7in tasarlanan bu triko alt-\u00fcst tak\u0131m, g\u00fcnl\u00fck \u015f\u0131kl\u0131\u011f\u0131 ve konforu bir araya getiriyor.; Regular kal\u0131ptaki crop h\u0131rka ve uzun boy geni\u015f pa\u00e7a pantolondan olu\u015fan bu ikili, modern bir siluet sunar.; \u00dcr\u00fcn, %100 akrilik materyalden \u00fcretilmi\u015ftir, bu sayede yumu\u015fak bir dokunu\u015f ve s\u0131cak tutan bir yap\u0131ya sahiptir.; D\u00fcz deseni sayesinde her t\u00fcrl\u00fc aksesuarla kolayca uyum [&#8230;]\n","protected":false},"featured_media":111605,"comment_status":"open","ping_status":"closed","template":"","meta":[],"product_brand":[321],"product_cat":[755],"product_tag":[],"class_list":{"0":"post-111591","1":"product","2":"type-product","3":"status-publish","4":"has-post-thumbnail","6":"product_brand-benerly","7":"product_cat-alt-ust-takim-takimlar-kadin-giyim","9":"first","10":"instock","11":"taxable","12":"shipping-taxable","13":"purchasable","14":"product-type-variable"},"_links":{"self":[{"href":"https:\/\/benerly.com.tr\/index.php?rest_route=\/wp\/v2\/product\/111591","targetHints":{"allow":["GET"]}}],"collection":[{"href":"https:\/\/benerly.com.tr\/index.php?rest_route=\/wp\/v2\/product"}],"about":[{"href":"https:\/\/benerly.com.tr\/index.php?rest_route=\/wp\/v2\/types\/product"}],"replies":[{"embeddable":true,"href":"https:\/\/benerly.com.tr\/index.php?rest_route=%2Fwp%2Fv2%2Fcomments&post=111591"}],"wp:featuredmedia":[{"embeddable":true,"href":"https:\/\/benerly.com.tr\/index.php?rest_route=\/wp\/v2\/media\/111605"}],"wp:attachment":[{"href":"https:\/\/benerly.com.tr\/index.php?rest_route=%2Fwp%2Fv2%2Fmedia&parent=111591"}],"wp:term":[{"taxonomy":"product_brand","embeddable":true,"href":"https:\/\/benerly.com.tr\/index.php?rest_route=%2Fwp%2Fv2%2Fproduct_brand&post=111591"},{"taxonomy":"product_cat","embeddable":true,"href":"https:\/\/benerly.com.tr\/index.php?rest_route=%2Fwp%2Fv2%2Fproduct_cat&post=111591"},{"taxonomy":"product_tag","embeddable":true,"href":"https:\/\/benerly.com.tr\/index.php?rest_route=%2Fwp%2Fv2%2Fproduct_tag&post=111591"}],"curies":[{"name":"wp","href":"https:\/\/api.w.org\/{rel}","templated":true}]}}