{"id":110888,"date":"2026-02-16T00:34:33","date_gmt":"2026-02-15T21:34:33","guid":{"rendered":"https:\/\/benerly.com.tr\/?product=kadin-baglama-detayli-crop-triko-bluz-ve-hirka-takimi-bahar-kombinlerinin-sik-ve-rahat-parcasi"},"modified":"2026-02-27T03:40:39","modified_gmt":"2026-02-27T00:40:39","slug":"kadin-baglama-detayli-crop-triko-bluz-ve-hirka-takimi-bahar-kombinlerinin-sik-ve-rahat-parcasi","status":"publish","type":"product","link":"https:\/\/benerly.com.tr\/?product=kadin-baglama-detayli-crop-triko-bluz-ve-hirka-takimi-bahar-kombinlerinin-sik-ve-rahat-parcasi","title":{"rendered":"Kad\u0131n Ba\u011flama Detayl\u0131 Crop Triko Bluz Ve H\u0131rka Tak\u0131m\u0131 Bahar Kombinlerinin \u015e\u0131k Ve Rahat Par\u00e7as\u0131"},"content":{"rendered":"<p>Bu Kad\u0131n \u0130ki Par\u00e7a Bluz Ve H\u0131rka Tak\u0131m\u0131 Gard\u0131robunuzun \u00c7ok Y\u00f6nl\u00fc Par\u00e7alar\u0131ndan Biri Olmaya Adayd\u0131r V\u00fccuda Oturan Fitted Kal\u0131b\u0131 Sayesinde \u015e\u0131k Ve Modern Bir Siluet Sunar D\u00fcz Deseni \u0130le Her Tarza Kolayca Uyum Sa\u011flar Ve Farkl\u0131 Kombinlere A\u00e7\u0131k Bir Yap\u0131ya Sahiptir Akrilik Materyalinden \u00dcretilen Bu Tak\u0131m Yumu\u015fak Dokusuyla Cildinize Nazik Bir Temas Sunarken G\u00fcn Boyu Rahatl\u0131k Sa\u011flar Hem Bluz Hem De H\u0131rka Olarak Ayr\u0131 Ayr\u0131 Kullan\u0131labilen Bu Tak\u0131m Pratik Ve Fonksiyonel Bir Se\u00e7enektir \u00d6zellikle Ge\u00e7i\u015f Mevsimlerinde Katmanl\u0131 Giyime Uygun Yap\u0131s\u0131yla Kullan\u0131m Kolayl\u0131\u011f\u0131 Sunar Tak\u0131m\u0131n Bluzu Yuvarlak Yaka Detay\u0131na Sahipken H\u0131rkas\u0131 Zarif Bir V Yaka Kesimi \u0130le Dikkat \u00c7eker Her \u0130ki Par\u00e7a Da Uzun Ve Standart Kol Tasar\u0131m\u0131yla So\u011fuk Havalarda Ekstra Koruma Sa\u011flar Crop Kesimi Modern Ve Gen\u00e7 Bir G\u00f6r\u00fcn\u00fcm Sunarak Bel B\u00f6lgesini Vurgular Ve Farkl\u0131 Alt Giyim Par\u00e7alar\u0131yla Kolayca Kombinlenebilir Akrilik Kuma\u015f\u0131n Esnek Yap\u0131s\u0131 Hareket \u00d6zg\u00fcrl\u00fc\u011f\u00fc Sa\u011flarken \u0130nce Dokusu Sayesinde Terletme Yapmaz Ve Hava Ak\u0131\u015f\u0131na \u0130zin Verir Bu \u00d6zellikler Tak\u0131m\u0131 G\u00fcnl\u00fck Kullan\u0131m \u0130\u00e7in \u0130deal Hale Getirir Ve Casual Ortamlarda Rahatl\u0131kla Tercih Edilebilir Hafif Yap\u0131s\u0131yla \u00dczerinizde A\u011f\u0131rl\u0131k Yapmaz Ve Uzun S\u00fcreli Kullan\u0131mlarda Bile Konforunuzdan \u00d6d\u00fcn Vermezsiniz Hem \u015e\u0131k Hem De Rahat Olmay\u0131 Tercih Eden Kad\u0131nlar \u0130\u00e7in Tasarlanm\u0131\u015ft\u0131r Bu Tak\u0131m \u00d6zellikle \u0130lkbahar Ve Sonbahar Gibi Ge\u00e7i\u015f Mevsimlerinde Gard\u0131robunuzun Y\u0131ld\u0131z Par\u00e7as\u0131 Olacakt\u0131r Y\u00fcksek Bel Kot Pantolonlar Veya Keten \u015eortlar \u0130le Rahat Bir G\u00fcnl\u00fck Stil Yaratabilirsiniz \u015e\u0131k Bir Ak\u015fam Yeme\u011fi \u0130\u00e7in Deri Pantolonlar Ve Topuklu Botlar \u0130le Kombinleyerek Daha \u00c7arp\u0131c\u0131 Bir G\u00f6r\u00fcn\u00fcm Elde Edebilirsiniz Spor Ayakkab\u0131larla Tamamlayarak Enerjik Bir Hava Kat\u0131n \u00dcr\u00fcn\u00fcn Uzun \u00d6m\u00fcrl\u00fc Kullan\u0131m\u0131 \u0130\u00e7in D\u00fc\u015f\u00fck Is\u0131da Ve Hassas Programda Y\u0131kanmas\u0131 \u00d6nerilir<\/p>\n","protected":false},"excerpt":{"rendered":"<p>Bu Kad\u0131n \u0130ki Par\u00e7a Bluz Ve H\u0131rka Tak\u0131m\u0131 Gard\u0131robunuzun \u00c7ok Y\u00f6nl\u00fc Par\u00e7alar\u0131ndan Biri Olmaya Adayd\u0131r V\u00fccuda Oturan Fitted Kal\u0131b\u0131 Sayesinde \u015e\u0131k Ve Modern Bir Siluet Sunar D\u00fcz Deseni \u0130le Her Tarza Kolayca Uyum Sa\u011flar Ve Farkl\u0131 Kombinlere A\u00e7\u0131k Bir Yap\u0131ya Sahiptir Akrilik Materyalinden \u00dcretilen Bu Tak\u0131m Yumu\u015fak Dokusuyla Cildinize Nazik Bir Temas Sunarken G\u00fcn Boyu [&#8230;]\n","protected":false},"featured_media":110909,"comment_status":"open","ping_status":"closed","template":"","meta":[],"product_brand":[321],"product_cat":[759],"product_tag":[],"class_list":{"0":"post-110888","1":"product","2":"type-product","3":"status-publish","4":"has-post-thumbnail","6":"product_brand-benerly","7":"product_cat-hirka-ust-giyim-kadin-giyim","9":"first","10":"instock","11":"taxable","12":"shipping-taxable","13":"purchasable","14":"product-type-variable"},"_links":{"self":[{"href":"https:\/\/benerly.com.tr\/index.php?rest_route=\/wp\/v2\/product\/110888","targetHints":{"allow":["GET"]}}],"collection":[{"href":"https:\/\/benerly.com.tr\/index.php?rest_route=\/wp\/v2\/product"}],"about":[{"href":"https:\/\/benerly.com.tr\/index.php?rest_route=\/wp\/v2\/types\/product"}],"replies":[{"embeddable":true,"href":"https:\/\/benerly.com.tr\/index.php?rest_route=%2Fwp%2Fv2%2Fcomments&post=110888"}],"wp:featuredmedia":[{"embeddable":true,"href":"https:\/\/benerly.com.tr\/index.php?rest_route=\/wp\/v2\/media\/110909"}],"wp:attachment":[{"href":"https:\/\/benerly.com.tr\/index.php?rest_route=%2Fwp%2Fv2%2Fmedia&parent=110888"}],"wp:term":[{"taxonomy":"product_brand","embeddable":true,"href":"https:\/\/benerly.com.tr\/index.php?rest_route=%2Fwp%2Fv2%2Fproduct_brand&post=110888"},{"taxonomy":"product_cat","embeddable":true,"href":"https:\/\/benerly.com.tr\/index.php?rest_route=%2Fwp%2Fv2%2Fproduct_cat&post=110888"},{"taxonomy":"product_tag","embeddable":true,"href":"https:\/\/benerly.com.tr\/index.php?rest_route=%2Fwp%2Fv2%2Fproduct_tag&post=110888"}],"curies":[{"name":"wp","href":"https:\/\/api.w.org\/{rel}","templated":true}]}}