{"id":110087,"date":"2026-02-16T00:21:39","date_gmt":"2026-02-15T21:21:39","guid":{"rendered":"https:\/\/benerly.com.tr\/?product=kadin-kalp-yaka-ince-askili-kolsuz-bodycon-midi-elbise-dayanikli"},"modified":"2026-02-27T03:36:18","modified_gmt":"2026-02-27T00:36:18","slug":"kadin-kalp-yaka-ince-askili-kolsuz-bodycon-midi-elbise-dayanikli","status":"publish","type":"product","link":"https:\/\/benerly.com.tr\/?product=kadin-kalp-yaka-ince-askili-kolsuz-bodycon-midi-elbise-dayanikli","title":{"rendered":"Kad\u0131n Kalp Yaka \u0130nce Ask\u0131l\u0131 Kolsuz Bodycon Midi Elbise Dayan\u0131kl\u0131"},"content":{"rendered":"<p>Bu midi boy elbise, v\u00fccudu saran bodycon kal\u0131b\u0131 ile zarif bir sil\u00fcet sunar.; D\u00fcz deseni ve kalp yaka detay\u0131, sofistike bir g\u00f6r\u00fcn\u00fcm katarken, ince ask\u0131lar\u0131 ve kolsuz tasar\u0131m\u0131 ile yaz aylar\u0131 i\u00e7in ideal bir se\u00e7enektir.; Elbisenin ana materyali %88 polyester ve %12 elastan kar\u0131\u015f\u0131m\u0131ndan olu\u015fmaktad\u0131r.; Bu dokuma kuma\u015f, hem dayan\u0131kl\u0131l\u0131\u011f\u0131 hem de esnekli\u011fi bir araya getirerek g\u00fcn boyu konfor sa\u011flar.; Astars\u0131z yap\u0131s\u0131, hafifli\u011fi ve nefes alabilirli\u011fi ile \u00f6ne \u00e7\u0131kar.; \u00dcr\u00fcn, \u015f\u0131k ve gece ortamlar\u0131na uyum sa\u011flayacak \u015fekilde tasarlanm\u0131\u015ft\u0131r.; Finike dokuma tekni\u011fi ile \u00fcretilmi\u015f olup, d\u00fcz kesimi sayesinde klasik bir zarafet sunar.; Bu \u00f6zel elbise, smart persona ile uyumlu, dikkat \u00e7ekici bir tasar\u0131ma sahiptir.<\/p>\n","protected":false},"excerpt":{"rendered":"<p>Bu midi boy elbise, v\u00fccudu saran bodycon kal\u0131b\u0131 ile zarif bir sil\u00fcet sunar.; D\u00fcz deseni ve kalp yaka detay\u0131, sofistike bir g\u00f6r\u00fcn\u00fcm katarken, ince ask\u0131lar\u0131 ve kolsuz tasar\u0131m\u0131 ile yaz aylar\u0131 i\u00e7in ideal bir se\u00e7enektir.; Elbisenin ana materyali %88 polyester ve %12 elastan kar\u0131\u015f\u0131m\u0131ndan olu\u015fmaktad\u0131r.; Bu dokuma kuma\u015f, hem dayan\u0131kl\u0131l\u0131\u011f\u0131 hem de esnekli\u011fi bir araya [&#8230;]\n","protected":false},"featured_media":110103,"comment_status":"open","ping_status":"closed","template":"","meta":[],"product_brand":[321],"product_cat":[753],"product_tag":[],"class_list":{"0":"post-110087","1":"product","2":"type-product","3":"status-publish","4":"has-post-thumbnail","6":"product_brand-benerly","7":"product_cat-elbise-kadin-giyim","9":"first","10":"instock","11":"taxable","12":"shipping-taxable","13":"purchasable","14":"product-type-variable"},"_links":{"self":[{"href":"https:\/\/benerly.com.tr\/index.php?rest_route=\/wp\/v2\/product\/110087","targetHints":{"allow":["GET"]}}],"collection":[{"href":"https:\/\/benerly.com.tr\/index.php?rest_route=\/wp\/v2\/product"}],"about":[{"href":"https:\/\/benerly.com.tr\/index.php?rest_route=\/wp\/v2\/types\/product"}],"replies":[{"embeddable":true,"href":"https:\/\/benerly.com.tr\/index.php?rest_route=%2Fwp%2Fv2%2Fcomments&post=110087"}],"wp:featuredmedia":[{"embeddable":true,"href":"https:\/\/benerly.com.tr\/index.php?rest_route=\/wp\/v2\/media\/110103"}],"wp:attachment":[{"href":"https:\/\/benerly.com.tr\/index.php?rest_route=%2Fwp%2Fv2%2Fmedia&parent=110087"}],"wp:term":[{"taxonomy":"product_brand","embeddable":true,"href":"https:\/\/benerly.com.tr\/index.php?rest_route=%2Fwp%2Fv2%2Fproduct_brand&post=110087"},{"taxonomy":"product_cat","embeddable":true,"href":"https:\/\/benerly.com.tr\/index.php?rest_route=%2Fwp%2Fv2%2Fproduct_cat&post=110087"},{"taxonomy":"product_tag","embeddable":true,"href":"https:\/\/benerly.com.tr\/index.php?rest_route=%2Fwp%2Fv2%2Fproduct_tag&post=110087"}],"curies":[{"name":"wp","href":"https:\/\/api.w.org\/{rel}","templated":true}]}}