{"id":109397,"date":"2026-02-16T00:10:57","date_gmt":"2026-02-15T21:10:57","guid":{"rendered":"https:\/\/benerly.com.tr\/?product=unisex-ceket-yaka-standart-kol-duz-desen-0-pamuk-fonksiyonel-dayanikli-kaliteli-konforlu"},"modified":"2026-02-26T18:21:08","modified_gmt":"2026-02-26T15:21:08","slug":"unisex-ceket-yaka-standart-kol-duz-desen-0-pamuk-fonksiyonel-dayanikli-kaliteli-konforlu","status":"publish","type":"product","link":"https:\/\/benerly.com.tr\/?product=unisex-ceket-yaka-standart-kol-duz-desen-0-pamuk-fonksiyonel-dayanikli-kaliteli-konforlu","title":{"rendered":"Unisex Ceket Yaka Standart Kol D\u00fcz Desen 0 Pamuk Fonksiyonel Dayan\u0131kl\u0131 Kaliteli Konforlu"},"content":{"rendered":"<p>Bu mevsimlik ceket, rahat bir kullan\u0131m sunan regular kal\u0131b\u0131 ile \u00f6ne \u00e7\u0131k\u0131yor.; %100 pamuk materyali sayesinde nefes alabilen ve yumu\u015fak bir dokuya sahip olan \u00fcr\u00fcn, g\u00fcn boyu konfor vadediyor.; D\u00fcz deseni, her tarza kolayca uyum sa\u011flayabilen zamans\u0131z bir g\u00f6r\u00fcn\u00fcm sunarken, gabardin kuma\u015f dokusu dayan\u0131kl\u0131l\u0131\u011f\u0131n\u0131 art\u0131r\u0131yor.; Bu ceket, casual ve g\u00fcnl\u00fck koleksiyonunuzun vazge\u00e7ilmez bir par\u00e7as\u0131 olmaya aday.; Sade tasar\u0131m\u0131, farkl\u0131 kombinlere zenginlik katacak.; \u00dcr\u00fcn\u00fcn ceket yaka detay\u0131 klasik bir \u015f\u0131kl\u0131k katarken, standart kol kesimi hareket \u00f6zg\u00fcrl\u00fc\u011f\u00fc sa\u011fl\u0131yor.; Uzun kol boyu, serin havalarda ekstra koruma sunuyor.; Fermuarl\u0131 \u00f6n kapan\u0131\u015f\u0131 pratik bir kullan\u0131m sunarken, iki adet fermuarl\u0131 cep detay\u0131 hem fonksiyonellik hem de estetik bir dokunu\u015f kat\u0131yor.; Bu ceket, cool ve konforlu bir persona yans\u0131tmak isteyenler i\u00e7in ideal bir se\u00e7enek.; Yumu\u015fak dokusu ve hafif yap\u0131s\u0131, g\u00fcn i\u00e7indeki aktivitelerinizde rahat etmenizi sa\u011fl\u0131yor.; \u0130lkbahar ve sonbahar gibi ge\u00e7i\u015f mevsimlerinde rahatl\u0131kla kullanabilece\u011finiz bu ceket, jean pantolonlar, chino pantolonlar veya eteklerle m\u00fckemmel bir uyum sergiliyor.; Spor ayakkab\u0131lar, botlar veya loaferlar ile tamamlayarak farkl\u0131 stiller yaratabilirsiniz.; \u00dcr\u00fcn\u00fcn bak\u0131m\u0131nda, kuma\u015f\u0131n \u00f6mr\u00fcn\u00fc uzatmak i\u00e7in belirtilen y\u0131kama talimatlar\u0131na uyman\u0131z \u00f6nerilir.; Bu ceket, hem g\u00fcnl\u00fck kullan\u0131m hem de \u00f6zel g\u00fcnler i\u00e7in \u015f\u0131k ve pratik bir alternatiftir.<\/p>\n","protected":false},"excerpt":{"rendered":"<p>Bu mevsimlik ceket, rahat bir kullan\u0131m sunan regular kal\u0131b\u0131 ile \u00f6ne \u00e7\u0131k\u0131yor.; %100 pamuk materyali sayesinde nefes alabilen ve yumu\u015fak bir dokuya sahip olan \u00fcr\u00fcn, g\u00fcn boyu konfor vadediyor.; D\u00fcz deseni, her tarza kolayca uyum sa\u011flayabilen zamans\u0131z bir g\u00f6r\u00fcn\u00fcm sunarken, gabardin kuma\u015f dokusu dayan\u0131kl\u0131l\u0131\u011f\u0131n\u0131 art\u0131r\u0131yor.; Bu ceket, casual ve g\u00fcnl\u00fck koleksiyonunuzun vazge\u00e7ilmez bir par\u00e7as\u0131 olmaya [&#8230;]\n","protected":false},"featured_media":109404,"comment_status":"open","ping_status":"closed","template":"","meta":[],"product_brand":[321],"product_cat":[758],"product_tag":[],"class_list":{"0":"post-109397","1":"product","2":"type-product","3":"status-publish","4":"has-post-thumbnail","6":"product_brand-benerly","7":"product_cat-ceket-dis-giyim-kadin-giyim","9":"first","10":"instock","11":"taxable","12":"shipping-taxable","13":"purchasable","14":"product-type-variable"},"_links":{"self":[{"href":"https:\/\/benerly.com.tr\/index.php?rest_route=\/wp\/v2\/product\/109397","targetHints":{"allow":["GET"]}}],"collection":[{"href":"https:\/\/benerly.com.tr\/index.php?rest_route=\/wp\/v2\/product"}],"about":[{"href":"https:\/\/benerly.com.tr\/index.php?rest_route=\/wp\/v2\/types\/product"}],"replies":[{"embeddable":true,"href":"https:\/\/benerly.com.tr\/index.php?rest_route=%2Fwp%2Fv2%2Fcomments&post=109397"}],"wp:featuredmedia":[{"embeddable":true,"href":"https:\/\/benerly.com.tr\/index.php?rest_route=\/wp\/v2\/media\/109404"}],"wp:attachment":[{"href":"https:\/\/benerly.com.tr\/index.php?rest_route=%2Fwp%2Fv2%2Fmedia&parent=109397"}],"wp:term":[{"taxonomy":"product_brand","embeddable":true,"href":"https:\/\/benerly.com.tr\/index.php?rest_route=%2Fwp%2Fv2%2Fproduct_brand&post=109397"},{"taxonomy":"product_cat","embeddable":true,"href":"https:\/\/benerly.com.tr\/index.php?rest_route=%2Fwp%2Fv2%2Fproduct_cat&post=109397"},{"taxonomy":"product_tag","embeddable":true,"href":"https:\/\/benerly.com.tr\/index.php?rest_route=%2Fwp%2Fv2%2Fproduct_tag&post=109397"}],"curies":[{"name":"wp","href":"https:\/\/api.w.org\/{rel}","templated":true}]}}