{"id":109028,"date":"2026-02-16T00:05:05","date_gmt":"2026-02-15T21:05:05","guid":{"rendered":"https:\/\/benerly.com.tr\/?product=kadin-yaka-kolsuz-geometrik-desenli-midi-orme-elbise-fonksiyonel-spor"},"modified":"2026-02-26T18:22:50","modified_gmt":"2026-02-26T15:22:50","slug":"kadin-yaka-kolsuz-geometrik-desenli-midi-orme-elbise-fonksiyonel-spor","status":"publish","type":"product","link":"https:\/\/benerly.com.tr\/?product=kadin-yaka-kolsuz-geometrik-desenli-midi-orme-elbise-fonksiyonel-spor","title":{"rendered":"Kad\u0131n Yaka Kolsuz Geometrik Desenli Midi \u00d6rme Elbise Fonksiyonel Spor"},"content":{"rendered":"<p>Bu midi \u00f6rme elbise, %100 polyester materyali ile hem \u015f\u0131k hem de rahat bir kullan\u0131m sunar.; Skater kal\u0131b\u0131, v\u00fccut hatlar\u0131n\u0131 g\u00fczelce sararak zarif bir sil\u00fcet olu\u015ftururken, ete\u011findeki f\u0131rf\u0131r detay\u0131 hareketlilik katar.; Geometrik desen, elbiseye modern ve dikkat \u00e7ekici bir hava verir.; B\u00fcr\u00fcmc\u00fck dokuma tipi, kuma\u015fa ho\u015f bir doku kazand\u0131r\u0131r ve astars\u0131z yap\u0131s\u0131 sayesinde \u00f6zellikle s\u0131cak havalarda serin bir his sa\u011flar.; Bu elbise, g\u00fcnl\u00fck kullan\u0131m i\u00e7in idealdir ve cool bir duru\u015f sergiler.; Elbisenin yaka tasar\u0131m\u0131, klasik bir g\u00f6r\u00fcn\u00fcm sunarken, kolsuz kesimi yaz aylar\u0131 i\u00e7in ferahl\u0131k sa\u011flar.; Standart kol tipi olarak belirtilen bu \u00f6zellik, kol \u00e7evresinde rahat bir hareket alan\u0131 b\u0131rak\u0131r.; \u00dcr\u00fcn, bel k\u0131sm\u0131nda bulunan ku\u015fak detay\u0131 ile ki\u015fiselle\u015ftirilebilir ve farkl\u0131 bir tarz yaratman\u0131za olanak tan\u0131r.; Midi boyu, hem rahatl\u0131\u011f\u0131 hem de \u015f\u0131kl\u0131\u011f\u0131 bir arada sunarak her ortamda tercih edilebilir bir par\u00e7a haline getirir.; Bu elbise, kuma\u015f\u0131n\u0131n kalitesi ve kesiminin \u00f6zenli i\u015f\u00e7ili\u011fi ile uzun \u00f6m\u00fcrl\u00fc bir kullan\u0131m vaat eder.; Yaz mevsimi i\u00e7in bi\u00e7ilmi\u015f kaftan olan bu elbise, jean pantolonlar, keten \u015fortlar veya basic eteklerle kolayca kombinlenebilir.; Terlikler, sandaletler veya spor ayakkab\u0131larla tamamlanarak farkl\u0131 stiller yarat\u0131labilir.; Elbisenin bak\u0131m\u0131 i\u00e7in, a\u011fart\u0131c\u0131 kullanmaktan ka\u00e7\u0131n\u0131lmal\u0131 ve d\u00fc\u015f\u00fck s\u0131cakl\u0131kta \u00fct\u00fclenmelidir.; Bu \u00f6rme elbise, gard\u0131robunuzun vazge\u00e7ilmez par\u00e7alar\u0131ndan biri olmaya adayd\u0131r.<\/p>\n","protected":false},"excerpt":{"rendered":"<p>Bu midi \u00f6rme elbise, %100 polyester materyali ile hem \u015f\u0131k hem de rahat bir kullan\u0131m sunar.; Skater kal\u0131b\u0131, v\u00fccut hatlar\u0131n\u0131 g\u00fczelce sararak zarif bir sil\u00fcet olu\u015ftururken, ete\u011findeki f\u0131rf\u0131r detay\u0131 hareketlilik katar.; Geometrik desen, elbiseye modern ve dikkat \u00e7ekici bir hava verir.; B\u00fcr\u00fcmc\u00fck dokuma tipi, kuma\u015fa ho\u015f bir doku kazand\u0131r\u0131r ve astars\u0131z yap\u0131s\u0131 sayesinde \u00f6zellikle s\u0131cak [&#8230;]\n","protected":false},"featured_media":109034,"comment_status":"open","ping_status":"closed","template":"","meta":[],"product_brand":[321],"product_cat":[753],"product_tag":[],"class_list":{"0":"post-109028","1":"product","2":"type-product","3":"status-publish","4":"has-post-thumbnail","6":"product_brand-benerly","7":"product_cat-elbise-kadin-giyim","9":"first","10":"instock","11":"taxable","12":"shipping-taxable","13":"purchasable","14":"product-type-variable"},"_links":{"self":[{"href":"https:\/\/benerly.com.tr\/index.php?rest_route=\/wp\/v2\/product\/109028","targetHints":{"allow":["GET"]}}],"collection":[{"href":"https:\/\/benerly.com.tr\/index.php?rest_route=\/wp\/v2\/product"}],"about":[{"href":"https:\/\/benerly.com.tr\/index.php?rest_route=\/wp\/v2\/types\/product"}],"replies":[{"embeddable":true,"href":"https:\/\/benerly.com.tr\/index.php?rest_route=%2Fwp%2Fv2%2Fcomments&post=109028"}],"wp:featuredmedia":[{"embeddable":true,"href":"https:\/\/benerly.com.tr\/index.php?rest_route=\/wp\/v2\/media\/109034"}],"wp:attachment":[{"href":"https:\/\/benerly.com.tr\/index.php?rest_route=%2Fwp%2Fv2%2Fmedia&parent=109028"}],"wp:term":[{"taxonomy":"product_brand","embeddable":true,"href":"https:\/\/benerly.com.tr\/index.php?rest_route=%2Fwp%2Fv2%2Fproduct_brand&post=109028"},{"taxonomy":"product_cat","embeddable":true,"href":"https:\/\/benerly.com.tr\/index.php?rest_route=%2Fwp%2Fv2%2Fproduct_cat&post=109028"},{"taxonomy":"product_tag","embeddable":true,"href":"https:\/\/benerly.com.tr\/index.php?rest_route=%2Fwp%2Fv2%2Fproduct_tag&post=109028"}],"curies":[{"name":"wp","href":"https:\/\/api.w.org\/{rel}","templated":true}]}}