{"id":108531,"date":"2026-02-15T23:56:40","date_gmt":"2026-02-15T20:56:40","guid":{"rendered":"https:\/\/benerly.com.tr\/?product=kadin-polo-yaka-kisa-kol-cizgili-bodycon-kalip-midi-elbise"},"modified":"2026-02-26T18:19:57","modified_gmt":"2026-02-26T15:19:57","slug":"kadin-polo-yaka-kisa-kol-cizgili-bodycon-kalip-midi-elbise","status":"publish","type":"product","link":"https:\/\/benerly.com.tr\/?product=kadin-polo-yaka-kisa-kol-cizgili-bodycon-kalip-midi-elbise","title":{"rendered":"Kad\u0131n Polo Yaka K\u0131sa Kol \u00c7izgili Bodycon Kal\u0131p Midi Elbise"},"content":{"rendered":"<p>Bu zarif elbise, modern bir g\u00f6r\u00fcn\u00fcm sunan \u00e7izgili deseniyle dikkat \u00e7ekiyor.; \u00d6rme kuma\u015f dokusu, %65 polyester %33 viskoz ve %2 elastan i\u00e7eri\u011fiyle hem dayan\u0131kl\u0131l\u0131k hem de esneklik sa\u011fl\u0131yor.; Bodycon kal\u0131b\u0131 v\u00fccut hatlar\u0131n\u0131 zarif\u00e7e vurgularken, midi boyu her ortamda rahat bir kullan\u0131m sunuyor.; Astars\u0131z yap\u0131s\u0131 sayesinde hafif ve ferah bir his verir.; Polo yaka ve yar\u0131m pat d\u00fc\u011fme detay\u0131, elbiseye sportif bir dokunu\u015f katarken, standart kesim k\u0131sa kollar\u0131 ise s\u0131cak havalar i\u00e7in ideal bir tercih olu\u015fturuyor.; G\u00fcnl\u00fck kullan\u0131m i\u00e7in tasarlanm\u0131\u015f bu elbise, cool ve konforlu bir persona sergilemenize olanak tan\u0131r.; \u00c7izgili deseni, zamans\u0131z bir stil sunarak gard\u0131robunuzun vazge\u00e7ilmez par\u00e7alar\u0131ndan biri olmaya aday.; Elbisenin polo yaka detay\u0131, klasik bir \u015f\u0131kl\u0131k sunarken, yar\u0131m pat d\u00fc\u011fme detay\u0131 ise fonksiyonel bir kullan\u0131m sa\u011fl\u0131yor.; K\u0131sa kollu tasar\u0131m\u0131, \u00f6zellikle yaz aylar\u0131 i\u00e7in serin ve rahat bir se\u00e7enek sunarken, standart kol kesimi hareket \u00f6zg\u00fcrl\u00fc\u011f\u00fcn\u00fc k\u0131s\u0131tlamaz.; Bodycon kal\u0131b\u0131, v\u00fccuda oturan ancak rahats\u0131z etmeyen bir yap\u0131ya sahiptir, bu da g\u00fcn boyu konforlu bir kullan\u0131m imkan\u0131 sunar.; \u00d6rme kuma\u015f\u0131n esnekli\u011fi, hareket ederken size \u00f6zg\u00fcrl\u00fck tan\u0131r.; Bu elbise, hem \u015f\u0131k hem de rahat olmak isteyen kad\u0131nlar i\u00e7in m\u00fckemmel bir se\u00e7imdir.; G\u00fcnl\u00fck aktivitelerinizde veya daha rahat bir bulu\u015fmada tercih edebilece\u011finiz bu par\u00e7a, stilinizi kolayca tamamlaman\u0131za yard\u0131mc\u0131 olacakt\u0131r.; Yaz mevsimi i\u00e7in ideal olan bu elbise, sneakerlar ile kombinlendi\u011finde spor \u015f\u0131k bir g\u00f6r\u00fcn\u00fcm yakalaman\u0131z\u0131 sa\u011flar.; Kot pantolonlar veya \u015fortlarla da rahatl\u0131kla kullan\u0131labilir.; Daha feminen bir g\u00f6r\u00fcn\u00fcm i\u00e7in sandaletler veya espadriller ile de harika duracakt\u0131r.; Bak\u0131m\u0131 olduk\u00e7a kolay olan bu elbise, d\u00fc\u015f\u00fck s\u0131cakl\u0131kta ve hassas programda y\u0131kanarak uzun \u00f6m\u00fcrl\u00fc kullan\u0131m sa\u011flayabilirsiniz.; \u00dct\u00fcleme gerektirmez veya d\u00fc\u015f\u00fck \u0131s\u0131da \u00fct\u00fclenebilir.; Bu sayede hem zamandan tasarruf edebilir hem de elbisenizin formunu koruyabilirsiniz.<\/p>\n","protected":false},"excerpt":{"rendered":"<p>Bu zarif elbise, modern bir g\u00f6r\u00fcn\u00fcm sunan \u00e7izgili deseniyle dikkat \u00e7ekiyor.; \u00d6rme kuma\u015f dokusu, %65 polyester %33 viskoz ve %2 elastan i\u00e7eri\u011fiyle hem dayan\u0131kl\u0131l\u0131k hem de esneklik sa\u011fl\u0131yor.; Bodycon kal\u0131b\u0131 v\u00fccut hatlar\u0131n\u0131 zarif\u00e7e vurgularken, midi boyu her ortamda rahat bir kullan\u0131m sunuyor.; Astars\u0131z yap\u0131s\u0131 sayesinde hafif ve ferah bir his verir.; Polo yaka ve yar\u0131m [&#8230;]\n","protected":false},"featured_media":108537,"comment_status":"open","ping_status":"closed","template":"","meta":[],"product_brand":[321],"product_cat":[753],"product_tag":[],"class_list":{"0":"post-108531","1":"product","2":"type-product","3":"status-publish","4":"has-post-thumbnail","6":"product_brand-benerly","7":"product_cat-elbise-kadin-giyim","9":"first","10":"instock","11":"taxable","12":"shipping-taxable","13":"purchasable","14":"product-type-variable"},"_links":{"self":[{"href":"https:\/\/benerly.com.tr\/index.php?rest_route=\/wp\/v2\/product\/108531","targetHints":{"allow":["GET"]}}],"collection":[{"href":"https:\/\/benerly.com.tr\/index.php?rest_route=\/wp\/v2\/product"}],"about":[{"href":"https:\/\/benerly.com.tr\/index.php?rest_route=\/wp\/v2\/types\/product"}],"replies":[{"embeddable":true,"href":"https:\/\/benerly.com.tr\/index.php?rest_route=%2Fwp%2Fv2%2Fcomments&post=108531"}],"wp:featuredmedia":[{"embeddable":true,"href":"https:\/\/benerly.com.tr\/index.php?rest_route=\/wp\/v2\/media\/108537"}],"wp:attachment":[{"href":"https:\/\/benerly.com.tr\/index.php?rest_route=%2Fwp%2Fv2%2Fmedia&parent=108531"}],"wp:term":[{"taxonomy":"product_brand","embeddable":true,"href":"https:\/\/benerly.com.tr\/index.php?rest_route=%2Fwp%2Fv2%2Fproduct_brand&post=108531"},{"taxonomy":"product_cat","embeddable":true,"href":"https:\/\/benerly.com.tr\/index.php?rest_route=%2Fwp%2Fv2%2Fproduct_cat&post=108531"},{"taxonomy":"product_tag","embeddable":true,"href":"https:\/\/benerly.com.tr\/index.php?rest_route=%2Fwp%2Fv2%2Fproduct_tag&post=108531"}],"curies":[{"name":"wp","href":"https:\/\/api.w.org\/{rel}","templated":true}]}}