{"id":107548,"date":"2026-02-15T22:38:12","date_gmt":"2026-02-15T19:38:12","guid":{"rendered":"https:\/\/benerly.com.tr\/?product=kadin-gomlek-yaka-standart-kol-regular-kalip-dokuma-pijama-takimi-buyuk-beden-fonksiyonel-sik"},"modified":"2026-02-26T17:55:31","modified_gmt":"2026-02-26T14:55:31","slug":"kadin-gomlek-yaka-standart-kol-regular-kalip-dokuma-pijama-takimi-buyuk-beden-fonksiyonel-sik","status":"publish","type":"product","link":"https:\/\/benerly.com.tr\/?product=kadin-gomlek-yaka-standart-kol-regular-kalip-dokuma-pijama-takimi-buyuk-beden-fonksiyonel-sik","title":{"rendered":"Kad\u0131n G\u00f6mlek Yaka Standart Kol Regular Kal\u0131p Dokuma Pijama Tak\u0131m\u0131 B\u00fcy\u00fck Beden Fonksiyonel \u015e\u0131k"},"content":{"rendered":"<p>Bu alt-\u00fcst pijama tak\u0131m\u0131, %100 viskoz materyalden \u00fcretilmi\u015ftir.; Dokuma kuma\u015f yap\u0131s\u0131 ve regular kal\u0131b\u0131 ile g\u00fcn boyu rahatl\u0131k sunar.; \u00dczerindeki kaplan deseni, \u00fcr\u00fcne \u00f6zg\u00fcn ve dikkat \u00e7ekici bir hava katmaktad\u0131r.; Viskonun yumu\u015fak dokusu cildinize nazik\u00e7e temas ederken, nefes alabilen yap\u0131s\u0131 sayesinde \u00f6zellikle k\u0131\u015f aylar\u0131nda ideal bir kullan\u0131m sunar.; Bu tak\u0131m, ev giyimi i\u00e7in tasarlanm\u0131\u015f olup, cool ve konforlu bir persona yans\u0131tmaktad\u0131r.; Geni\u015f pa\u00e7a pantolonu ve g\u00f6mlek yakal\u0131 \u00fcst\u00fc ile hem \u015f\u0131k hem de rahat bir ev giyimi deneyimi ya\u015fat\u0131r.; \u00dcr\u00fcn, g\u00f6mlek yaka ve standart kol detaylar\u0131na sahiptir.; Regular kal\u0131b\u0131 sayesinde hareket \u00f6zg\u00fcrl\u00fc\u011f\u00fc sa\u011flar ve v\u00fccuda tam oturur.; Dokuma kuma\u015f\u0131n hafifli\u011fi, uyku s\u0131ras\u0131nda veya evde dinlenirken maksimum konfor sunar.; Viskonun do\u011fal parlakl\u0131\u011f\u0131 ve yumu\u015fakl\u0131\u011f\u0131, tak\u0131ma l\u00fcks bir his katar.; Kaplan deseninin dinamik yap\u0131s\u0131, s\u0131radan ev giyiminden s\u0131yr\u0131lan bir stil sunar.; Bu pijama tak\u0131m\u0131, hem estetik hem de fonksiyonel \u00f6zellikleriyle \u00f6ne \u00e7\u0131karak, evdeki zaman\u0131n\u0131z\u0131 daha keyifli hale getirir.; K\u0131\u015f mevsimi i\u00e7in ideal olan bu pijama tak\u0131m\u0131, geni\u015f pa\u00e7a pantolonu ve uzun kollu g\u00f6mle\u011fi ile tam bir uyum i\u00e7indedir.; taytlar, dar kesim kot pantolonlar veya rahat e\u015fofman altlar\u0131 ile kombinlenebilir.; Ayakkab\u0131 olarak ise ev terlikleri veya spor ayakkab\u0131lar tercih edilebilir.; \u00dcr\u00fcn\u00fcn bak\u0131m\u0131 i\u00e7in d\u00fc\u015f\u00fck s\u0131cakl\u0131kta elde y\u0131kama \u00f6nerilir.; Bu \u015f\u0131k ve konforlu tak\u0131m, evdeki stilinizi bir \u00fcst seviyeye ta\u015f\u0131yacakt\u0131r.<\/p>\n","protected":false},"excerpt":{"rendered":"<p>Bu alt-\u00fcst pijama tak\u0131m\u0131, %100 viskoz materyalden \u00fcretilmi\u015ftir.; Dokuma kuma\u015f yap\u0131s\u0131 ve regular kal\u0131b\u0131 ile g\u00fcn boyu rahatl\u0131k sunar.; \u00dczerindeki kaplan deseni, \u00fcr\u00fcne \u00f6zg\u00fcn ve dikkat \u00e7ekici bir hava katmaktad\u0131r.; Viskonun yumu\u015fak dokusu cildinize nazik\u00e7e temas ederken, nefes alabilen yap\u0131s\u0131 sayesinde \u00f6zellikle k\u0131\u015f aylar\u0131nda ideal bir kullan\u0131m sunar.; Bu tak\u0131m, ev giyimi i\u00e7in tasarlanm\u0131\u015f olup, [&#8230;]\n","protected":false},"featured_media":107555,"comment_status":"open","ping_status":"closed","template":"","meta":[],"product_brand":[321],"product_cat":[763],"product_tag":[],"class_list":{"0":"post-107548","1":"product","2":"type-product","3":"status-publish","4":"has-post-thumbnail","6":"product_brand-benerly","7":"product_cat-pijama-takimi-ev-giyim-kadin-giyim","9":"first","10":"instock","11":"taxable","12":"shipping-taxable","13":"purchasable","14":"product-type-variable"},"_links":{"self":[{"href":"https:\/\/benerly.com.tr\/index.php?rest_route=\/wp\/v2\/product\/107548","targetHints":{"allow":["GET"]}}],"collection":[{"href":"https:\/\/benerly.com.tr\/index.php?rest_route=\/wp\/v2\/product"}],"about":[{"href":"https:\/\/benerly.com.tr\/index.php?rest_route=\/wp\/v2\/types\/product"}],"replies":[{"embeddable":true,"href":"https:\/\/benerly.com.tr\/index.php?rest_route=%2Fwp%2Fv2%2Fcomments&post=107548"}],"wp:featuredmedia":[{"embeddable":true,"href":"https:\/\/benerly.com.tr\/index.php?rest_route=\/wp\/v2\/media\/107555"}],"wp:attachment":[{"href":"https:\/\/benerly.com.tr\/index.php?rest_route=%2Fwp%2Fv2%2Fmedia&parent=107548"}],"wp:term":[{"taxonomy":"product_brand","embeddable":true,"href":"https:\/\/benerly.com.tr\/index.php?rest_route=%2Fwp%2Fv2%2Fproduct_brand&post=107548"},{"taxonomy":"product_cat","embeddable":true,"href":"https:\/\/benerly.com.tr\/index.php?rest_route=%2Fwp%2Fv2%2Fproduct_cat&post=107548"},{"taxonomy":"product_tag","embeddable":true,"href":"https:\/\/benerly.com.tr\/index.php?rest_route=%2Fwp%2Fv2%2Fproduct_tag&post=107548"}],"curies":[{"name":"wp","href":"https:\/\/api.w.org\/{rel}","templated":true}]}}