{"id":106904,"date":"2026-02-15T22:27:46","date_gmt":"2026-02-15T19:27:46","guid":{"rendered":"https:\/\/benerly.com.tr\/?product=kadin-0-pamuk-denim-midi-etek-yirtmacli-a-kesim-fonksiyonel-dayanikli-kaliteli-konforlu"},"modified":"2026-02-27T03:39:47","modified_gmt":"2026-02-27T00:39:47","slug":"kadin-0-pamuk-denim-midi-etek-yirtmacli-a-kesim-fonksiyonel-dayanikli-kaliteli-konforlu","status":"publish","type":"product","link":"https:\/\/benerly.com.tr\/?product=kadin-0-pamuk-denim-midi-etek-yirtmacli-a-kesim-fonksiyonel-dayanikli-kaliteli-konforlu","title":{"rendered":"Kad\u0131n 0 Pamuk Denim Midi Etek Y\u0131rtma\u00e7l\u0131 A Kesim Fonksiyonel Dayan\u0131kl\u0131 Kaliteli Konforlu"},"content":{"rendered":"<p>Bu midi boy denim etek, zamans\u0131z bir stil sunar.; %100 pamuk kuma\u015f\u0131 sayesinde g\u00fcn boyu rahatl\u0131k sa\u011flarken, A kesim kal\u0131b\u0131 her v\u00fccut tipine uyum sa\u011flar.; D\u00fcz deseni ve dayan\u0131kl\u0131 dokuma tipi ile dikkat \u00e7eken bu etek, kot giyimin klasikle\u015fmi\u015f duru\u015funu modern bir yorumla birle\u015ftirir.; Rigid denim yap\u0131s\u0131, etek formunu koruyarak \u015f\u0131k bir g\u00f6r\u00fcn\u00fcm elde etmenize yard\u0131mc\u0131 olur.; G\u00fcnl\u00fck kullan\u0131m i\u00e7in ideal olan bu par\u00e7a, gard\u0131robunuzun vazge\u00e7ilmezleri aras\u0131nda yerini alacakt\u0131r.; Ete\u011fin \u00f6n k\u0131sm\u0131nda bulunan y\u0131rtma\u00e7 detay\u0131, hareket \u00f6zg\u00fcrl\u00fc\u011f\u00fc sunarken ayn\u0131 zamanda tasar\u0131ma feminen bir dokunu\u015f katar.; Y\u00fcksek bel kesimi, v\u00fccut hatlar\u0131n\u0131 vurgulayarak zarif bir sil\u00fcet olu\u015fturur.; Klasik be\u015f cep tasar\u0131m\u0131, hem fonksiyonel hem de estetik bir detayd\u0131r.; Dayan\u0131kl\u0131 diki\u015fleri ve kaliteli i\u015f\u00e7ili\u011fi ile uzun \u00f6m\u00fcrl\u00fc bir kullan\u0131m vaat eder.; Bu etek, hem rahatl\u0131\u011f\u0131ndan \u00f6d\u00fcn vermek istemeyen hem de stil sahibi g\u00f6r\u00fcnmek isteyen kad\u0131nlar i\u00e7in m\u00fckemmel bir se\u00e7enektir.; Bu denim etek, her mevsim rahatl\u0131kla kullan\u0131labilir.; \u0130lkbahar ve yaz aylar\u0131nda basic ti\u015f\u00f6rtler ve sandaletlerle, sonbahar ve k\u0131\u015f aylar\u0131nda ise kazaklar, botlar ve kabanlarla kombinleyebilirsiniz.; Beyaz bir g\u00f6mlek ve topuklu ayakkab\u0131larla daha \u015f\u0131k bir g\u00f6r\u00fcn\u00fcm elde edebilir, spor ayakkab\u0131lar ve sweatshirt ile ise daha rahat bir stil yaratabilirsiniz.; Ete\u011fi temiz tutmak i\u00e7in d\u00fc\u015f\u00fck s\u0131cakl\u0131kta ve ters \u00e7evirerek y\u0131kaman\u0131z \u00f6nerilir.<\/p>\n","protected":false},"excerpt":{"rendered":"<p>Bu midi boy denim etek, zamans\u0131z bir stil sunar.; %100 pamuk kuma\u015f\u0131 sayesinde g\u00fcn boyu rahatl\u0131k sa\u011flarken, A kesim kal\u0131b\u0131 her v\u00fccut tipine uyum sa\u011flar.; D\u00fcz deseni ve dayan\u0131kl\u0131 dokuma tipi ile dikkat \u00e7eken bu etek, kot giyimin klasikle\u015fmi\u015f duru\u015funu modern bir yorumla birle\u015ftirir.; Rigid denim yap\u0131s\u0131, etek formunu koruyarak \u015f\u0131k bir g\u00f6r\u00fcn\u00fcm elde etmenize [&#8230;]\n","protected":false},"featured_media":106911,"comment_status":"open","ping_status":"closed","template":"","meta":[],"product_brand":[321],"product_cat":[761],"product_tag":[],"class_list":{"0":"post-106904","1":"product","2":"type-product","3":"status-publish","4":"has-post-thumbnail","6":"product_brand-benerly","7":"product_cat-etek-alt-giyim-kadin-giyim","9":"first","10":"instock","11":"taxable","12":"shipping-taxable","13":"purchasable","14":"product-type-variable"},"_links":{"self":[{"href":"https:\/\/benerly.com.tr\/index.php?rest_route=\/wp\/v2\/product\/106904","targetHints":{"allow":["GET"]}}],"collection":[{"href":"https:\/\/benerly.com.tr\/index.php?rest_route=\/wp\/v2\/product"}],"about":[{"href":"https:\/\/benerly.com.tr\/index.php?rest_route=\/wp\/v2\/types\/product"}],"replies":[{"embeddable":true,"href":"https:\/\/benerly.com.tr\/index.php?rest_route=%2Fwp%2Fv2%2Fcomments&post=106904"}],"wp:featuredmedia":[{"embeddable":true,"href":"https:\/\/benerly.com.tr\/index.php?rest_route=\/wp\/v2\/media\/106911"}],"wp:attachment":[{"href":"https:\/\/benerly.com.tr\/index.php?rest_route=%2Fwp%2Fv2%2Fmedia&parent=106904"}],"wp:term":[{"taxonomy":"product_brand","embeddable":true,"href":"https:\/\/benerly.com.tr\/index.php?rest_route=%2Fwp%2Fv2%2Fproduct_brand&post=106904"},{"taxonomy":"product_cat","embeddable":true,"href":"https:\/\/benerly.com.tr\/index.php?rest_route=%2Fwp%2Fv2%2Fproduct_cat&post=106904"},{"taxonomy":"product_tag","embeddable":true,"href":"https:\/\/benerly.com.tr\/index.php?rest_route=%2Fwp%2Fv2%2Fproduct_tag&post=106904"}],"curies":[{"name":"wp","href":"https:\/\/api.w.org\/{rel}","templated":true}]}}