{"id":106083,"date":"2026-02-15T22:15:04","date_gmt":"2026-02-15T19:15:04","guid":{"rendered":"https:\/\/benerly.com.tr\/?product=kadin-baklava-desenli-rahat-kesim-uzun-kollu-dugmeli-merserize-gorunumlu-polo-yaka-triko-hirka"},"modified":"2026-02-27T03:37:03","modified_gmt":"2026-02-27T00:37:03","slug":"kadin-baklava-desenli-rahat-kesim-uzun-kollu-dugmeli-merserize-gorunumlu-polo-yaka-triko-hirka","status":"publish","type":"product","link":"https:\/\/benerly.com.tr\/?product=kadin-baklava-desenli-rahat-kesim-uzun-kollu-dugmeli-merserize-gorunumlu-polo-yaka-triko-hirka","title":{"rendered":"Kad\u0131n Baklava Desenli Rahat Kesim Uzun Kollu D\u00fc\u011fmeli Merserize G\u00f6r\u00fcn\u00fcml\u00fc Polo Yaka Triko H\u0131rka"},"content":{"rendered":"<p>Bu kad\u0131n triko h\u0131rka g\u00fcnl\u00fck \u015f\u0131kl\u0131\u011f\u0131n\u0131z\u0131 tamamlamak \u00fczere \u00f6zenle tasarlanm\u0131\u015ft\u0131r.; Regular kal\u0131b\u0131 sayesinde v\u00fccuda rahat\u00e7a oturur ve g\u00fcn boyu hareket \u00f6zg\u00fcrl\u00fc\u011f\u00fc sunar.; Y\u00fcksek kaliteli %50 viskoz %27 polyester ve %23 poliamid kar\u0131\u015f\u0131m\u0131 materyali ile cilde dost yumu\u015fak bir dokuya sahiptir.; \u00d6n k\u0131sm\u0131nda yer alan klasik baklava deseni h\u0131rkaya zarif ve zamans\u0131z bir hava katarken gri ana rengi ile gard\u0131robunuzdaki di\u011fer par\u00e7alarla kolayca kombinlenebilir bir par\u00e7a haline gelir.; \u0130lkbahar ve sonbahar aylar\u0131nda serin havalarda ideal bir katman olu\u015fturur.; H\u0131rkan\u0131n polo yaka tasar\u0131m\u0131 hem klasik hem de modern bir g\u00f6r\u00fcn\u00fcm sunarak farkl\u0131 tarzlara uyum sa\u011flar.; Uzun standart kollar\u0131 bileklerde biterek rahat bir kullan\u0131m sa\u011flar ve \u015f\u0131k bir duru\u015f sergiler.; Regular kesimi g\u00fcn boyu konforlu bir deneyim vadederken hareketlerinizi k\u0131s\u0131tlamaz ve rahat bir siluet olu\u015fturur.; Merserize g\u00f6r\u00fcn\u00fcml\u00fc \u00f6zel iplik dokusu \u00fcr\u00fcne hafif bir parlakl\u0131k ve l\u00fcks bir his verir.; Nefes alabilen yap\u0131s\u0131 sayesinde farkl\u0131 hava ko\u015fullar\u0131na uyum sa\u011flayarak g\u00fcn boyu rahatl\u0131k sunar.; D\u00fc\u011fmeli \u00f6n kapamas\u0131 giyip \u00e7\u0131karmay\u0131 kolayla\u015ft\u0131r\u0131r ve farkl\u0131 stillerde kullan\u0131m imkan\u0131 tan\u0131r.; \u0130lkbahar ve sonbahar mevsimleri i\u00e7in ideal olan bu triko h\u0131rka jean pantolonlar ve spor ayakkab\u0131larla casual bir g\u00f6r\u00fcn\u00fcm yarat\u0131r.; Daha \u015f\u0131k bir kombin i\u00e7in kuma\u015f pantolonlar veya kalem etekler ile topuklu botlar tercih edilebilir.; \u00dcr\u00fcn\u00fcn uzun \u00f6m\u00fcrl\u00fc kullan\u0131m\u0131 i\u00e7in d\u00fc\u015f\u00fck \u0131s\u0131da ve benzer renklerle y\u0131kanmas\u0131 \u00f6nerilir.<\/p>\n","protected":false},"excerpt":{"rendered":"<p>Bu kad\u0131n triko h\u0131rka g\u00fcnl\u00fck \u015f\u0131kl\u0131\u011f\u0131n\u0131z\u0131 tamamlamak \u00fczere \u00f6zenle tasarlanm\u0131\u015ft\u0131r.; Regular kal\u0131b\u0131 sayesinde v\u00fccuda rahat\u00e7a oturur ve g\u00fcn boyu hareket \u00f6zg\u00fcrl\u00fc\u011f\u00fc sunar.; Y\u00fcksek kaliteli %50 viskoz %27 polyester ve %23 poliamid kar\u0131\u015f\u0131m\u0131 materyali ile cilde dost yumu\u015fak bir dokuya sahiptir.; \u00d6n k\u0131sm\u0131nda yer alan klasik baklava deseni h\u0131rkaya zarif ve zamans\u0131z bir hava katarken gri [&#8230;]\n","protected":false},"featured_media":106087,"comment_status":"open","ping_status":"closed","template":"","meta":[],"product_brand":[321],"product_cat":[759],"product_tag":[],"class_list":{"0":"post-106083","1":"product","2":"type-product","3":"status-publish","4":"has-post-thumbnail","6":"product_brand-benerly","7":"product_cat-hirka-ust-giyim-kadin-giyim","9":"first","10":"instock","11":"taxable","12":"shipping-taxable","13":"purchasable","14":"product-type-variable"},"_links":{"self":[{"href":"https:\/\/benerly.com.tr\/index.php?rest_route=\/wp\/v2\/product\/106083","targetHints":{"allow":["GET"]}}],"collection":[{"href":"https:\/\/benerly.com.tr\/index.php?rest_route=\/wp\/v2\/product"}],"about":[{"href":"https:\/\/benerly.com.tr\/index.php?rest_route=\/wp\/v2\/types\/product"}],"replies":[{"embeddable":true,"href":"https:\/\/benerly.com.tr\/index.php?rest_route=%2Fwp%2Fv2%2Fcomments&post=106083"}],"wp:featuredmedia":[{"embeddable":true,"href":"https:\/\/benerly.com.tr\/index.php?rest_route=\/wp\/v2\/media\/106087"}],"wp:attachment":[{"href":"https:\/\/benerly.com.tr\/index.php?rest_route=%2Fwp%2Fv2%2Fmedia&parent=106083"}],"wp:term":[{"taxonomy":"product_brand","embeddable":true,"href":"https:\/\/benerly.com.tr\/index.php?rest_route=%2Fwp%2Fv2%2Fproduct_brand&post=106083"},{"taxonomy":"product_cat","embeddable":true,"href":"https:\/\/benerly.com.tr\/index.php?rest_route=%2Fwp%2Fv2%2Fproduct_cat&post=106083"},{"taxonomy":"product_tag","embeddable":true,"href":"https:\/\/benerly.com.tr\/index.php?rest_route=%2Fwp%2Fv2%2Fproduct_tag&post=106083"}],"curies":[{"name":"wp","href":"https:\/\/api.w.org\/{rel}","templated":true}]}}