{"id":105614,"date":"2026-02-15T22:07:17","date_gmt":"2026-02-15T19:07:17","guid":{"rendered":"https:\/\/benerly.com.tr\/?product=kadin-sivri-burun-kitten-topuklu-ayakkabi-0-suni-deri-fonksiyonel-dayanikli-kaliteli-sik"},"modified":"2026-02-27T03:33:42","modified_gmt":"2026-02-27T00:33:42","slug":"kadin-sivri-burun-kitten-topuklu-ayakkabi-0-suni-deri-fonksiyonel-dayanikli-kaliteli-sik","status":"publish","type":"product","link":"https:\/\/benerly.com.tr\/?product=kadin-sivri-burun-kitten-topuklu-ayakkabi-0-suni-deri-fonksiyonel-dayanikli-kaliteli-sik","title":{"rendered":"Kad\u0131n Sivri Burun Kitten Topuklu Ayakkab\u0131 0 Suni Deri Fonksiyonel Dayan\u0131kl\u0131 Kaliteli \u015e\u0131k"},"content":{"rendered":"<p>Bu zarif kad\u0131n ayakkab\u0131s\u0131, %100 suni deri materyali ile hem dayan\u0131kl\u0131l\u0131k hem de \u015f\u0131k bir g\u00f6r\u00fcn\u00fcm sunar.; \u00dcr\u00fcn, modern bir estetikle tasarlanm\u0131\u015f olup, \u00fczerinde yer alan metal aksesuarlar dikkat \u00e7ekicidir.; Sivri burun yap\u0131s\u0131, ayakkab\u0131ya feminen bir hava katarken, kitten topuk modeli uzun s\u00fcreli kullan\u0131mlarda bile konfor sa\u011flar.; Ayakkab\u0131n\u0131n genel kal\u0131b\u0131 klasik ve zarif bir sil\u00fcete sahiptir.; \u00dczerindeki metal troklar, sade tasar\u0131ma hareketlilik ve \u00f6zg\u00fcnl\u00fck katarak ayakkab\u0131y\u0131 \u00f6ne \u00e7\u0131kar\u0131r.; Bu detaylar, ayakkab\u0131n\u0131n her ad\u0131mda stil sahibi g\u00f6r\u00fcnmesini destekler.; Ayakkab\u0131n\u0131n sivri burun kesimi, bacak boyunu daha uzun g\u00f6sterme etkisine sahiptir.; Kitten topuk, ince ve zarif bir tasar\u0131ma sahip olup, y\u00fcksek topuklu ayakkab\u0131lar\u0131n sundu\u011fu \u015f\u0131kl\u0131\u011f\u0131 daha rahat bir kullan\u0131m ile birle\u015ftirir.; \u0130\u00e7 taban ve astar materyali de suni deriden \u00fcretilmi\u015ftir, bu da g\u00fcn boyu s\u00fcren bir konfor ve nefes alabilirlik sa\u011flar.; Taban materyali olarak neolit kullan\u0131lm\u0131\u015ft\u0131r, bu da zeminde daha iyi tutu\u015f ve dayan\u0131kl\u0131l\u0131k anlam\u0131na gelir.; Ayakkab\u0131n\u0131n genel yap\u0131s\u0131, hem g\u00fcnd\u00fcz hem de gece kullan\u0131ma uygun, \u00e7ok y\u00f6nl\u00fc bir par\u00e7a olmas\u0131n\u0131 sa\u011flar.; Bu ayakkab\u0131, her mevsim kullan\u0131ma uygundur.; \u00d6zellikle \u015f\u0131k bir gece daveti veya \u00f6zel bir etkinlik i\u00e7in idealdir.; Kot pantolonlar, kuma\u015f pantolonlar, kalem etekler veya elbiseler ile kolayca kombinlenebilir.; Siyah rengi ve metal detaylar\u0131 sayesinde farkl\u0131 renk ve desenlerdeki k\u0131yafetlerle uyum sa\u011flar.; Ayakkab\u0131n\u0131n bak\u0131m\u0131 i\u00e7in nemli bir bezle silinmesi yeterlidir.; Suni deri materyali, kolay temizlenebilirli\u011fi ile \u00f6ne \u00e7\u0131kar.<\/p>\n","protected":false},"excerpt":{"rendered":"<p>Bu zarif kad\u0131n ayakkab\u0131s\u0131, %100 suni deri materyali ile hem dayan\u0131kl\u0131l\u0131k hem de \u015f\u0131k bir g\u00f6r\u00fcn\u00fcm sunar.; \u00dcr\u00fcn, modern bir estetikle tasarlanm\u0131\u015f olup, \u00fczerinde yer alan metal aksesuarlar dikkat \u00e7ekicidir.; Sivri burun yap\u0131s\u0131, ayakkab\u0131ya feminen bir hava katarken, kitten topuk modeli uzun s\u00fcreli kullan\u0131mlarda bile konfor sa\u011flar.; Ayakkab\u0131n\u0131n genel kal\u0131b\u0131 klasik ve zarif bir sil\u00fcete [&#8230;]\n","protected":false},"featured_media":105620,"comment_status":"open","ping_status":"closed","template":"","meta":[],"product_brand":[321],"product_cat":[788],"product_tag":[],"class_list":{"0":"post-105614","1":"product","2":"type-product","3":"status-publish","4":"has-post-thumbnail","6":"product_brand-benerly","7":"product_cat-klasik-topuklu-ayakkabi-topuklu-ayakkabi","9":"first","10":"instock","11":"taxable","12":"shipping-taxable","13":"purchasable","14":"product-type-variable"},"_links":{"self":[{"href":"https:\/\/benerly.com.tr\/index.php?rest_route=\/wp\/v2\/product\/105614","targetHints":{"allow":["GET"]}}],"collection":[{"href":"https:\/\/benerly.com.tr\/index.php?rest_route=\/wp\/v2\/product"}],"about":[{"href":"https:\/\/benerly.com.tr\/index.php?rest_route=\/wp\/v2\/types\/product"}],"replies":[{"embeddable":true,"href":"https:\/\/benerly.com.tr\/index.php?rest_route=%2Fwp%2Fv2%2Fcomments&post=105614"}],"wp:featuredmedia":[{"embeddable":true,"href":"https:\/\/benerly.com.tr\/index.php?rest_route=\/wp\/v2\/media\/105620"}],"wp:attachment":[{"href":"https:\/\/benerly.com.tr\/index.php?rest_route=%2Fwp%2Fv2%2Fmedia&parent=105614"}],"wp:term":[{"taxonomy":"product_brand","embeddable":true,"href":"https:\/\/benerly.com.tr\/index.php?rest_route=%2Fwp%2Fv2%2Fproduct_brand&post=105614"},{"taxonomy":"product_cat","embeddable":true,"href":"https:\/\/benerly.com.tr\/index.php?rest_route=%2Fwp%2Fv2%2Fproduct_cat&post=105614"},{"taxonomy":"product_tag","embeddable":true,"href":"https:\/\/benerly.com.tr\/index.php?rest_route=%2Fwp%2Fv2%2Fproduct_tag&post=105614"}],"curies":[{"name":"wp","href":"https:\/\/api.w.org\/{rel}","templated":true}]}}