{"id":105407,"date":"2026-02-15T22:03:50","date_gmt":"2026-02-15T19:03:50","guid":{"rendered":"https:\/\/benerly.com.tr\/?product=kadin-dik-yaka-balon-kol-cicekli-maxi-elbise-fonksiyonel-dayanikli"},"modified":"2026-02-27T03:26:39","modified_gmt":"2026-02-27T00:26:39","slug":"kadin-dik-yaka-balon-kol-cicekli-maxi-elbise-fonksiyonel-dayanikli","status":"publish","type":"product","link":"https:\/\/benerly.com.tr\/?product=kadin-dik-yaka-balon-kol-cicekli-maxi-elbise-fonksiyonel-dayanikli","title":{"rendered":"Kad\u0131n Dik Yaka Balon Kol \u00c7i\u00e7ekli Maxi Elbise Fonksiyonel Dayan\u0131kl\u0131"},"content":{"rendered":"<p>Bu maxi elbise, %51 pamuk ve %49 polyester kar\u0131\u015f\u0131m\u0131 terrycotton kuma\u015f\u0131yla \u00fcretilmi\u015ftir.; Dokuma kuma\u015f yap\u0131s\u0131 sayesinde hem dayan\u0131kl\u0131 hem de nefes alabilir bir yap\u0131 sunar.; Elbisenin genelinde zarif bir \u00e7i\u00e7ek deseni .; Skater kal\u0131b\u0131, v\u00fccuda oturan \u00fcst k\u0131sm\u0131 ve geni\u015fleyen ete\u011fi ile hareket \u00f6zg\u00fcrl\u00fc\u011f\u00fc sa\u011flar.; Bu \u00f6zel tasar\u0131m, g\u00fcnl\u00fck kullan\u0131m i\u00e7in ideal olup, \u015f\u0131kl\u0131\u011f\u0131 ve konforu bir arada sunar.; Elbisenin astars\u0131z olmas\u0131, \u00f6zellikle s\u0131cak havalarda serin bir kullan\u0131m deneyimi vaat eder.; Maxi boyu ve f\u0131rf\u0131rl\u0131 ete\u011fi, romantik bir sil\u00fcet olu\u015fturarak her ortamda dikkat \u00e7ekmenizi sa\u011flar.; Elbisenin dik yaka detay\u0131, klasik bir g\u00f6r\u00fcn\u00fcm sunarken, balon kol tasar\u0131m\u0131 modern bir dokunu\u015f katmaktad\u0131r.; Uzun kollar\u0131, serin ak\u015famlarda veya daha kapal\u0131 bir stil arayanlar i\u00e7in uygundur.; Ku\u015fak detay\u0131, bel k\u0131sm\u0131n\u0131 vurgulayarak v\u00fccut hatlar\u0131n\u0131 belirginle\u015ftirir ve istenirse \u00e7\u0131kar\u0131larak farkl\u0131 bir g\u00f6r\u00fcn\u00fcm elde edilebilir.; Terrycotton dokuma, kuma\u015fa hafif bir doku kazand\u0131r\u0131r ve giyim konforunu art\u0131r\u0131r.; Cool &amp; Comfort persona ile tasarlanan bu elbise, hem rahatl\u0131\u011f\u0131 hem de stil sahibi duru\u015fu \u00f6nceliklendirenler i\u00e7in m\u00fckemmel bir se\u00e7enektir.; Yaz mevsimi i\u00e7in bi\u00e7ilmi\u015f kaftan olan bu elbise, keten pantolonlar, \u015f\u0131k etekler veya sandaletlerle kolayca kombinlenebilir.; G\u00fcnl\u00fck bir g\u00f6r\u00fcn\u00fcm i\u00e7in spor ayakkab\u0131larla da tercih edilebilir.; Bu elbise, hem g\u00fcnd\u00fcz hem de ak\u015fam etkinliklerinde rahatl\u0131kla kullan\u0131labilir.; \u00dcr\u00fcn\u00fcn bak\u0131m\u0131 i\u00e7in nazik y\u0131kama \u00f6nerilir.<\/p>\n","protected":false},"excerpt":{"rendered":"<p>Bu maxi elbise, %51 pamuk ve %49 polyester kar\u0131\u015f\u0131m\u0131 terrycotton kuma\u015f\u0131yla \u00fcretilmi\u015ftir.; Dokuma kuma\u015f yap\u0131s\u0131 sayesinde hem dayan\u0131kl\u0131 hem de nefes alabilir bir yap\u0131 sunar.; Elbisenin genelinde zarif bir \u00e7i\u00e7ek deseni .; Skater kal\u0131b\u0131, v\u00fccuda oturan \u00fcst k\u0131sm\u0131 ve geni\u015fleyen ete\u011fi ile hareket \u00f6zg\u00fcrl\u00fc\u011f\u00fc sa\u011flar.; Bu \u00f6zel tasar\u0131m, g\u00fcnl\u00fck kullan\u0131m i\u00e7in ideal olup, \u015f\u0131kl\u0131\u011f\u0131 ve [&#8230;]\n","protected":false},"featured_media":105416,"comment_status":"open","ping_status":"closed","template":"","meta":[],"product_brand":[321],"product_cat":[753],"product_tag":[],"class_list":{"0":"post-105407","1":"product","2":"type-product","3":"status-publish","4":"has-post-thumbnail","6":"product_brand-benerly","7":"product_cat-elbise-kadin-giyim","9":"first","10":"instock","11":"taxable","12":"shipping-taxable","13":"purchasable","14":"product-type-variable"},"_links":{"self":[{"href":"https:\/\/benerly.com.tr\/index.php?rest_route=\/wp\/v2\/product\/105407","targetHints":{"allow":["GET"]}}],"collection":[{"href":"https:\/\/benerly.com.tr\/index.php?rest_route=\/wp\/v2\/product"}],"about":[{"href":"https:\/\/benerly.com.tr\/index.php?rest_route=\/wp\/v2\/types\/product"}],"replies":[{"embeddable":true,"href":"https:\/\/benerly.com.tr\/index.php?rest_route=%2Fwp%2Fv2%2Fcomments&post=105407"}],"wp:featuredmedia":[{"embeddable":true,"href":"https:\/\/benerly.com.tr\/index.php?rest_route=\/wp\/v2\/media\/105416"}],"wp:attachment":[{"href":"https:\/\/benerly.com.tr\/index.php?rest_route=%2Fwp%2Fv2%2Fmedia&parent=105407"}],"wp:term":[{"taxonomy":"product_brand","embeddable":true,"href":"https:\/\/benerly.com.tr\/index.php?rest_route=%2Fwp%2Fv2%2Fproduct_brand&post=105407"},{"taxonomy":"product_cat","embeddable":true,"href":"https:\/\/benerly.com.tr\/index.php?rest_route=%2Fwp%2Fv2%2Fproduct_cat&post=105407"},{"taxonomy":"product_tag","embeddable":true,"href":"https:\/\/benerly.com.tr\/index.php?rest_route=%2Fwp%2Fv2%2Fproduct_tag&post=105407"}],"curies":[{"name":"wp","href":"https:\/\/api.w.org\/{rel}","templated":true}]}}