{"id":104573,"date":"2026-02-15T21:51:31","date_gmt":"2026-02-15T18:51:31","guid":{"rendered":"https:\/\/benerly.com.tr\/?product=kadin-sivri-burun-ince-topuklu-fermuarli-bootie-0-poliuretan-fonksiyonel-dayanikli-spor"},"modified":"2026-02-27T03:20:13","modified_gmt":"2026-02-27T00:20:13","slug":"kadin-sivri-burun-ince-topuklu-fermuarli-bootie-0-poliuretan-fonksiyonel-dayanikli-spor","status":"publish","type":"product","link":"https:\/\/benerly.com.tr\/?product=kadin-sivri-burun-ince-topuklu-fermuarli-bootie-0-poliuretan-fonksiyonel-dayanikli-spor","title":{"rendered":"Kad\u0131n Sivri Burun \u0130nce Topuklu Fermuarl\u0131 Bootie 0 Poli\u00fcretan Fonksiyonel Dayan\u0131kl\u0131 Spor"},"content":{"rendered":"<p>Bu kad\u0131n botie, \u015f\u0131k ve modern bir tasar\u0131ma sahip.; \u00dcr\u00fcn, %100 poli\u00fcretan saya malzemesi ile \u00fcretilmi\u015ftir.; D\u00fcz deseni ve parlak y\u00fczeyi ile dikkat \u00e7eken bu botie, her ad\u0131mda zarafet sunar.; Kal\u0131b\u0131 bootie olarak tasarlanm\u0131\u015f olup, g\u00fcnl\u00fck kullan\u0131ma uygun bir se\u00e7enektir.; \u0130\u00e7 taban\u0131 tekstil malzemeden yap\u0131lm\u0131\u015ft\u0131r, bu da uzun s\u00fcreli kullan\u0131mlarda bile konfor sa\u011flar.; Botie, fermuarl\u0131 kapanma \u00f6zelli\u011fi sayesinde kolay giyip \u00e7\u0131karma imkan\u0131 sunar.; Bu \u00fcr\u00fcn, hem \u015f\u0131kl\u0131\u011f\u0131 hem de rahatl\u0131\u011f\u0131 bir arada arayan kad\u0131nlar i\u00e7in idealdir.; \u00dcr\u00fcn\u00fcn sivri burun yap\u0131s\u0131, zarif bir g\u00f6r\u00fcn\u00fcm katarken, ince topuklu tasar\u0131m\u0131 boyunuzu daha uzun g\u00f6sterir.; Orta topuk boyu (5-9 cm) sayesinde hem \u015f\u0131k bir duru\u015f sergileyebilir hem de g\u00fcn boyu rahat edebilirsiniz.; Botie&#8217;nin astar\u0131 da suni deriden yap\u0131lm\u0131\u015ft\u0131r, bu da ayakkab\u0131n\u0131n i\u00e7 k\u0131sm\u0131n\u0131n yumu\u015fak ve konforlu olmas\u0131n\u0131 sa\u011flar.; Poli taban\u0131 dayan\u0131kl\u0131l\u0131k sunarken, saya malzemesi kolay temizlenebilir bir yap\u0131ya sahiptir.; Bu botie, her t\u00fcrl\u00fc k\u0131yafetinizle uyum sa\u011flayacak \u015fekilde tasarlanm\u0131\u015ft\u0131r.; K\u0131\u015f mevsimi i\u00e7in uygun olan bu botie, dar pa\u00e7a pantolonlar, etekler ve elbiselerle harika bir uyum yakalar.; \u00d6zellikle skinny jeanler ve kalem eteklerle kombinlendi\u011finde modern bir stil olu\u015fturur.; Ayakkab\u0131 olarak ise topuklu botlarla veya zarif topuklu ayakkab\u0131larla tamamlanabilir.; \u00dcr\u00fcn\u00fcn bak\u0131m\u0131 i\u00e7in nemli bir bezle silinmesi \u00f6nerilir.; Bu botie, gard\u0131robunuzun vazge\u00e7ilmez bir par\u00e7as\u0131 olacakt\u0131r.<\/p>\n","protected":false},"excerpt":{"rendered":"<p>Bu kad\u0131n botie, \u015f\u0131k ve modern bir tasar\u0131ma sahip.; \u00dcr\u00fcn, %100 poli\u00fcretan saya malzemesi ile \u00fcretilmi\u015ftir.; D\u00fcz deseni ve parlak y\u00fczeyi ile dikkat \u00e7eken bu botie, her ad\u0131mda zarafet sunar.; Kal\u0131b\u0131 bootie olarak tasarlanm\u0131\u015f olup, g\u00fcnl\u00fck kullan\u0131ma uygun bir se\u00e7enektir.; \u0130\u00e7 taban\u0131 tekstil malzemeden yap\u0131lm\u0131\u015ft\u0131r, bu da uzun s\u00fcreli kullan\u0131mlarda bile konfor sa\u011flar.; Botie, fermuarl\u0131 [&#8230;]\n","protected":false},"featured_media":104584,"comment_status":"open","ping_status":"closed","template":"","meta":[],"product_brand":[321],"product_cat":[748],"product_tag":[],"class_list":{"0":"post-104573","1":"product","2":"type-product","3":"status-publish","4":"has-post-thumbnail","6":"product_brand-benerly","7":"product_cat-bot-kadin-ayakkabi","9":"first","10":"instock","11":"taxable","12":"shipping-taxable","13":"purchasable","14":"product-type-variable"},"_links":{"self":[{"href":"https:\/\/benerly.com.tr\/index.php?rest_route=\/wp\/v2\/product\/104573","targetHints":{"allow":["GET"]}}],"collection":[{"href":"https:\/\/benerly.com.tr\/index.php?rest_route=\/wp\/v2\/product"}],"about":[{"href":"https:\/\/benerly.com.tr\/index.php?rest_route=\/wp\/v2\/types\/product"}],"replies":[{"embeddable":true,"href":"https:\/\/benerly.com.tr\/index.php?rest_route=%2Fwp%2Fv2%2Fcomments&post=104573"}],"wp:featuredmedia":[{"embeddable":true,"href":"https:\/\/benerly.com.tr\/index.php?rest_route=\/wp\/v2\/media\/104584"}],"wp:attachment":[{"href":"https:\/\/benerly.com.tr\/index.php?rest_route=%2Fwp%2Fv2%2Fmedia&parent=104573"}],"wp:term":[{"taxonomy":"product_brand","embeddable":true,"href":"https:\/\/benerly.com.tr\/index.php?rest_route=%2Fwp%2Fv2%2Fproduct_brand&post=104573"},{"taxonomy":"product_cat","embeddable":true,"href":"https:\/\/benerly.com.tr\/index.php?rest_route=%2Fwp%2Fv2%2Fproduct_cat&post=104573"},{"taxonomy":"product_tag","embeddable":true,"href":"https:\/\/benerly.com.tr\/index.php?rest_route=%2Fwp%2Fv2%2Fproduct_tag&post=104573"}],"curies":[{"name":"wp","href":"https:\/\/api.w.org\/{rel}","templated":true}]}}