{"id":104171,"date":"2026-02-15T21:45:08","date_gmt":"2026-02-15T18:45:08","guid":{"rendered":"https:\/\/benerly.com.tr\/?product=kadin-alt-ust-baglama-detayli-ceket-ve-maxi-etek-ikili-takim-modern-kesim-ve-konforlu-kumas-yapisi"},"modified":"2026-02-26T17:34:19","modified_gmt":"2026-02-26T14:34:19","slug":"kadin-alt-ust-baglama-detayli-ceket-ve-maxi-etek-ikili-takim-modern-kesim-ve-konforlu-kumas-yapisi","status":"publish","type":"product","link":"https:\/\/benerly.com.tr\/?product=kadin-alt-ust-baglama-detayli-ceket-ve-maxi-etek-ikili-takim-modern-kesim-ve-konforlu-kumas-yapisi","title":{"rendered":"Kad\u0131n Alt \u00dcst Ba\u011flama Detayl\u0131 Ceket Ve Maxi Etek \u0130kili Tak\u0131m Modern Kesim Ve Konforlu Kuma\u015f Yap\u0131s\u0131"},"content":{"rendered":"<p>Bu kad\u0131n ikili tak\u0131m modern ve \u015f\u0131k bir g\u00f6r\u00fcn\u00fcm sunar tak\u0131m bir ceket ve uzun etekten olu\u015fur tak\u0131m\u0131n kal\u0131b\u0131 regular kesimdir bu sayede rahat bir kullan\u0131m sa\u011flar dokuma kuma\u015f tipine sahiptir poliviskon dokuma \u00f6zelli\u011fi ile dayan\u0131kl\u0131l\u0131k ve esteti\u011fi bir araya getirir d\u00fcz deseni sayesinde zamans\u0131z bir par\u00e7a olma \u00f6zelli\u011fi ta\u015f\u0131r materyal bile\u015feni %75 polyester %23 viskoz %2 elastan oran\u0131ndad\u0131r bu \u00f6zel kar\u0131\u015f\u0131m tak\u0131m\u0131n hem esnek hem de konforlu olmas\u0131n\u0131 sa\u011flar g\u00fcn boyu rahatl\u0131k sunan yap\u0131s\u0131yla dikkat \u00e7eker i\u015f hayat\u0131nda veya \u00f6zel davetlerde tercih edilebilir \u00e7ok y\u00f6nl\u00fc bir par\u00e7ad\u0131r Ceket yaka detay\u0131 tak\u0131ma resmi ve sofistike bir hava katar uzun kol boyu ve standart kol kesimi ile her mevsimde rahatl\u0131kla kullan\u0131labilir ceket \u00fczerindeki ba\u011flama detay\u0131 tak\u0131ma \u00f6zg\u00fcn ve modern bir dokunu\u015f ekler bu detay sayesinde ceketi farkl\u0131 \u015fekillerde ba\u011flayarak stilinize ki\u015fisel bir yorum katabilirsiniz tak\u0131m\u0131n genel kesimi v\u00fccuda oturan ancak hareket \u00f6zg\u00fcrl\u00fc\u011f\u00fcn\u00fc k\u0131s\u0131tlamayan bir yap\u0131ya sahiptir bu sayede g\u00fcn boyu konforlu bir deneyim ya\u015fat\u0131r esnek kuma\u015f yap\u0131s\u0131 sayesinde hareketlerinizde k\u0131s\u0131tlama hissetmezsiniz nefes alabilen dokusu cildinizin rahat etmesini sa\u011flar i\u015f ortam\u0131nda veya g\u00fcnl\u00fck kullan\u0131mda \u015f\u0131kl\u0131\u011f\u0131 ve rahatl\u0131\u011f\u0131 bir arada arayan kad\u0131nlar i\u00e7in ideal bir se\u00e7enektir tak\u0131m\u0131n \u00e7ok y\u00f6nl\u00fc yap\u0131s\u0131 farkl\u0131 kombinasyonlar olu\u015fturman\u0131za olanak tan\u0131r Bu ikili tak\u0131m t\u00fcm sezonlar i\u00e7in uygundur serin havalarda botlar veya topuklu ayakkab\u0131lar ile s\u0131cak havalarda ise sandaletler ile kombinlenebilir tak\u0131m\u0131n alt par\u00e7as\u0131 olan maxi etek d\u00fcz kesim pantolonlarla veya farkl\u0131 renklerde bluzlarla da ayr\u0131 ayr\u0131 kullan\u0131labilir \u015f\u0131k bir g\u00f6r\u00fcn\u00fcm elde etmek i\u00e7in beyaz bir ti\u015f\u00f6rt ve spor ayakkab\u0131lar ile g\u00fcnl\u00fck bir stil olu\u015fturulabilir tak\u0131m\u0131n bak\u0131m\u0131nda kuru temizleme tercih edilmesi \u00fcr\u00fcn\u00fcn formunu ve rengini korumas\u0131na yard\u0131mc\u0131 olur<\/p>\n","protected":false},"excerpt":{"rendered":"<p>Bu kad\u0131n ikili tak\u0131m modern ve \u015f\u0131k bir g\u00f6r\u00fcn\u00fcm sunar tak\u0131m bir ceket ve uzun etekten olu\u015fur tak\u0131m\u0131n kal\u0131b\u0131 regular kesimdir bu sayede rahat bir kullan\u0131m sa\u011flar dokuma kuma\u015f tipine sahiptir poliviskon dokuma \u00f6zelli\u011fi ile dayan\u0131kl\u0131l\u0131k ve esteti\u011fi bir araya getirir d\u00fcz deseni sayesinde zamans\u0131z bir par\u00e7a olma \u00f6zelli\u011fi ta\u015f\u0131r materyal bile\u015feni %75 polyester %23 [&#8230;]\n","protected":false},"featured_media":104177,"comment_status":"open","ping_status":"closed","template":"","meta":[],"product_brand":[321],"product_cat":[755],"product_tag":[],"class_list":{"0":"post-104171","1":"product","2":"type-product","3":"status-publish","4":"has-post-thumbnail","6":"product_brand-benerly","7":"product_cat-alt-ust-takim-takimlar-kadin-giyim","9":"first","10":"instock","11":"taxable","12":"shipping-taxable","13":"purchasable","14":"product-type-variable"},"_links":{"self":[{"href":"https:\/\/benerly.com.tr\/index.php?rest_route=\/wp\/v2\/product\/104171","targetHints":{"allow":["GET"]}}],"collection":[{"href":"https:\/\/benerly.com.tr\/index.php?rest_route=\/wp\/v2\/product"}],"about":[{"href":"https:\/\/benerly.com.tr\/index.php?rest_route=\/wp\/v2\/types\/product"}],"replies":[{"embeddable":true,"href":"https:\/\/benerly.com.tr\/index.php?rest_route=%2Fwp%2Fv2%2Fcomments&post=104171"}],"wp:featuredmedia":[{"embeddable":true,"href":"https:\/\/benerly.com.tr\/index.php?rest_route=\/wp\/v2\/media\/104177"}],"wp:attachment":[{"href":"https:\/\/benerly.com.tr\/index.php?rest_route=%2Fwp%2Fv2%2Fmedia&parent=104171"}],"wp:term":[{"taxonomy":"product_brand","embeddable":true,"href":"https:\/\/benerly.com.tr\/index.php?rest_route=%2Fwp%2Fv2%2Fproduct_brand&post=104171"},{"taxonomy":"product_cat","embeddable":true,"href":"https:\/\/benerly.com.tr\/index.php?rest_route=%2Fwp%2Fv2%2Fproduct_cat&post=104171"},{"taxonomy":"product_tag","embeddable":true,"href":"https:\/\/benerly.com.tr\/index.php?rest_route=%2Fwp%2Fv2%2Fproduct_tag&post=104171"}],"curies":[{"name":"wp","href":"https:\/\/api.w.org\/{rel}","templated":true}]}}