{"id":101805,"date":"2026-02-15T21:00:34","date_gmt":"2026-02-15T18:00:34","guid":{"rendered":"https:\/\/benerly.com.tr\/urun\/kadin-duz-kalip-0-pamuk-maxi-denim-etek-fonksiyonel-dayanikli-kaliteli-konforlu-estetik\/"},"modified":"2026-02-27T03:27:20","modified_gmt":"2026-02-27T00:27:20","slug":"kadin-duz-kalip-0-pamuk-maxi-denim-etek-fonksiyonel-dayanikli-kaliteli-konforlu-estetik","status":"publish","type":"product","link":"https:\/\/benerly.com.tr\/?product=kadin-duz-kalip-0-pamuk-maxi-denim-etek-fonksiyonel-dayanikli-kaliteli-konforlu-estetik","title":{"rendered":"Kad\u0131n D\u00fcz Kal\u0131p 0 Pamuk Maxi Denim Etek Fonksiyonel Dayan\u0131kl\u0131 Kaliteli Konforlu Estetik"},"content":{"rendered":"<p>Bu maxi denim etek, A-kesim kal\u0131b\u0131 ve %100 pamuk materyali ile hem rahat hem de \u015f\u0131k bir se\u00e7enek sunuyor.; D\u00fcz deseni sayesinde her t\u00fcrl\u00fc \u00fcst giyimle kolayca uyum sa\u011flar.; Rigid dokuma tipi, ete\u011fin formunu korumas\u0131na yard\u0131mc\u0131 olurken, uzun boyu ve modern silueti ile dikkat \u00e7ekiyor.; G\u00fcnl\u00fck kullan\u0131ma uygun olan bu etek, smart persona ile tasarlanm\u0131\u015ft\u0131r.; %100 pamuk i\u00e7eri\u011fi sayesinde nefes alabilir bir yap\u0131ya sahiptir ve uzun s\u00fcreli kullan\u0131mlarda bile konforlu bir deneyim sunar.; Bu etek, gard\u0131robunuzun vazge\u00e7ilmez par\u00e7alar\u0131ndan biri olmaya aday.; Ete\u011fin yaka detay\u0131 bulunmamaktad\u0131r.; Kolsuz tasar\u0131m\u0131, farkl\u0131 \u00fcstlerle katmanlama imkan\u0131 sunar.; A-kesim kal\u0131b\u0131, v\u00fccut hatlar\u0131n\u0131 nazik\u00e7e sararak zarif bir g\u00f6r\u00fcn\u00fcm sa\u011flar.; Y\u00fcksek bel modeli, beli vurgulayarak daha fit bir duru\u015f kazand\u0131r\u0131r.; Dayan\u0131kl\u0131 denim kuma\u015f\u0131, uzun \u00f6m\u00fcrl\u00fc kullan\u0131m vaat eder.; G\u00fcnl\u00fck aktivitelerinizde veya \u00f6zel bulu\u015fmalar\u0131n\u0131zda rahatl\u0131kla tercih edebilece\u011finiz bu etek, hareket \u00f6zg\u00fcrl\u00fc\u011f\u00fc sunarken ayn\u0131 zamanda stilinizi de \u00f6n plana \u00e7\u0131kar\u0131r.; Yumu\u015fak dokusu ve kaliteli i\u015f\u00e7ili\u011fi ile fark yarat\u0131r.; \u0130lkbahar ve sonbahar mevsimlerinde ideal olan bu etek, ti\u015f\u00f6rtler, bluzlar ve kazaklar ile m\u00fckemmel bir uyum yakalar.; Spor ayakkab\u0131lar, botlar veya sandaletlerle kombinleyerek farkl\u0131 stiller yaratabilirsiniz.; Dar kesim bir pantolon veya tayt ile de kullan\u0131labilir.; Ete\u011fin bak\u0131m\u0131 i\u00e7in d\u00fc\u015f\u00fck s\u0131cakl\u0131kta ve hassas programda y\u0131kanmas\u0131 \u00f6nerilir.; A\u011fart\u0131c\u0131 kullan\u0131lmamal\u0131 ve ters \u00e7evrilerek \u00fct\u00fclenmelidir.; Bu \u015fekilde ete\u011finizin \u00f6mr\u00fcn\u00fc uzatabilirsiniz.<\/p>\n","protected":false},"excerpt":{"rendered":"<p>Bu maxi denim etek, A-kesim kal\u0131b\u0131 ve %100 pamuk materyali ile hem rahat hem de \u015f\u0131k bir se\u00e7enek sunuyor.; D\u00fcz deseni sayesinde her t\u00fcrl\u00fc \u00fcst giyimle kolayca uyum sa\u011flar.; Rigid dokuma tipi, ete\u011fin formunu korumas\u0131na yard\u0131mc\u0131 olurken, uzun boyu ve modern silueti ile dikkat \u00e7ekiyor.; G\u00fcnl\u00fck kullan\u0131ma uygun olan bu etek, smart persona ile tasarlanm\u0131\u015ft\u0131r.; [&#8230;]\n","protected":false},"featured_media":101812,"comment_status":"open","ping_status":"closed","template":"","meta":[],"product_brand":[321],"product_cat":[761],"product_tag":[],"class_list":{"0":"post-101805","1":"product","2":"type-product","3":"status-publish","4":"has-post-thumbnail","6":"product_brand-benerly","7":"product_cat-etek-alt-giyim-kadin-giyim","9":"first","10":"instock","11":"taxable","12":"shipping-taxable","13":"purchasable","14":"product-type-variable"},"_links":{"self":[{"href":"https:\/\/benerly.com.tr\/index.php?rest_route=\/wp\/v2\/product\/101805","targetHints":{"allow":["GET"]}}],"collection":[{"href":"https:\/\/benerly.com.tr\/index.php?rest_route=\/wp\/v2\/product"}],"about":[{"href":"https:\/\/benerly.com.tr\/index.php?rest_route=\/wp\/v2\/types\/product"}],"replies":[{"embeddable":true,"href":"https:\/\/benerly.com.tr\/index.php?rest_route=%2Fwp%2Fv2%2Fcomments&post=101805"}],"wp:featuredmedia":[{"embeddable":true,"href":"https:\/\/benerly.com.tr\/index.php?rest_route=\/wp\/v2\/media\/101812"}],"wp:attachment":[{"href":"https:\/\/benerly.com.tr\/index.php?rest_route=%2Fwp%2Fv2%2Fmedia&parent=101805"}],"wp:term":[{"taxonomy":"product_brand","embeddable":true,"href":"https:\/\/benerly.com.tr\/index.php?rest_route=%2Fwp%2Fv2%2Fproduct_brand&post=101805"},{"taxonomy":"product_cat","embeddable":true,"href":"https:\/\/benerly.com.tr\/index.php?rest_route=%2Fwp%2Fv2%2Fproduct_cat&post=101805"},{"taxonomy":"product_tag","embeddable":true,"href":"https:\/\/benerly.com.tr\/index.php?rest_route=%2Fwp%2Fv2%2Fproduct_tag&post=101805"}],"curies":[{"name":"wp","href":"https:\/\/api.w.org\/{rel}","templated":true}]}}