{"id":100886,"date":"2026-02-15T20:46:38","date_gmt":"2026-02-15T17:46:38","guid":{"rendered":"https:\/\/benerly.com.tr\/urun\/kadin-boyundan-baglamali-kolsuz-puantiyeli-maxi-orme-elbise-kalip-bodycon\/"},"modified":"2026-02-27T03:29:28","modified_gmt":"2026-02-27T00:29:28","slug":"kadin-boyundan-baglamali-kolsuz-puantiyeli-maxi-orme-elbise-kalip-bodycon","status":"publish","type":"product","link":"https:\/\/benerly.com.tr\/?product=kadin-boyundan-baglamali-kolsuz-puantiyeli-maxi-orme-elbise-kalip-bodycon","title":{"rendered":"Kad\u0131n Boyundan Ba\u011flamal\u0131 Kolsuz Puantiyeli Maxi \u00d6rme Elbise Kal\u0131p Bodycon"},"content":{"rendered":"<p>Bu zarif maxi elbise, \u00f6rme kuma\u015f yap\u0131s\u0131 ve v\u00fccuda oturan kal\u0131b\u0131 ile dikkat \u00e7ekiyor.; %96 polyester ve %4 elastan kar\u0131\u015f\u0131m\u0131 sayesinde hem dayan\u0131kl\u0131 hem de esnek bir yap\u0131 sunuyor.; \u00dczerindeki puantiye deseni, klasik ve zamans\u0131z bir g\u00f6r\u00fcn\u00fcm katarken, b\u00fczg\u00fc ve drape detaylar\u0131 elbiseye modern bir dokunu\u015f ekliyor.; Astars\u0131z tasar\u0131m\u0131, s\u0131cak havalarda rahat bir kullan\u0131m sa\u011fl\u0131yor.; Bu \u00f6zel tasar\u0131m, g\u00fcnd\u00fcz ve gece etkinliklerinde \u015f\u0131kl\u0131\u011f\u0131n\u0131z\u0131 \u00f6n plana \u00e7\u0131karacak.; Elbisenin kolsuz ve boyundan ba\u011flamal\u0131 yaka detay\u0131, zarif bir siluet olu\u015fturuyor.; Standart kol tipi, rahat bir hareket \u00f6zg\u00fcrl\u00fc\u011f\u00fc sunarken, bodycon kal\u0131b\u0131 v\u00fccut hatlar\u0131n\u0131 g\u00fczelce vurguluyor.; Kal\u0131n sandy dokuma tipi, elbiseye ho\u015f bir doku kazand\u0131r\u0131yor.; Bu elbise, hem \u015f\u0131k hem de konforlu bir se\u00e7enek arayan kad\u0131nlar i\u00e7in ideal.; G\u00fcnl\u00fck kullan\u0131mda veya \u00f6zel davetlerde rahatl\u0131kla tercih edilebilir.; \u00dcr\u00fcn, ak\u0131ll\u0131 bir persona ile tasarlanm\u0131\u015f olup, her ortamda dikkat \u00e7ekmenizi sa\u011flayacak.; Yaz mevsimi i\u00e7in ideal olan bu elbise, y\u00fcksek bel pantolonlar, mini etekler ve \u015f\u0131k sandaletlerle m\u00fckemmel bir uyum sergiler.; Ayr\u0131ca topuklu ayakkab\u0131larla tamamlayarak gece davetleri i\u00e7in de kullanabilirsiniz.; Elbisenin bak\u0131m\u0131 i\u00e7in \u00f6zel talimatlara uyulmas\u0131 \u00f6nerilir.; Bu \u00fcr\u00fcn, gard\u0131robunuza ekleyebilece\u011finiz \u015f\u0131k ve kullan\u0131\u015fl\u0131 bir par\u00e7ad\u0131r.<\/p>\n","protected":false},"excerpt":{"rendered":"<p>Bu zarif maxi elbise, \u00f6rme kuma\u015f yap\u0131s\u0131 ve v\u00fccuda oturan kal\u0131b\u0131 ile dikkat \u00e7ekiyor.; %96 polyester ve %4 elastan kar\u0131\u015f\u0131m\u0131 sayesinde hem dayan\u0131kl\u0131 hem de esnek bir yap\u0131 sunuyor.; \u00dczerindeki puantiye deseni, klasik ve zamans\u0131z bir g\u00f6r\u00fcn\u00fcm katarken, b\u00fczg\u00fc ve drape detaylar\u0131 elbiseye modern bir dokunu\u015f ekliyor.; Astars\u0131z tasar\u0131m\u0131, s\u0131cak havalarda rahat bir kullan\u0131m sa\u011fl\u0131yor.; [&#8230;]\n","protected":false},"featured_media":100892,"comment_status":"open","ping_status":"closed","template":"","meta":[],"product_brand":[321],"product_cat":[753],"product_tag":[],"class_list":{"0":"post-100886","1":"product","2":"type-product","3":"status-publish","4":"has-post-thumbnail","6":"product_brand-benerly","7":"product_cat-elbise-kadin-giyim","9":"first","10":"instock","11":"taxable","12":"shipping-taxable","13":"purchasable","14":"product-type-variable"},"_links":{"self":[{"href":"https:\/\/benerly.com.tr\/index.php?rest_route=\/wp\/v2\/product\/100886","targetHints":{"allow":["GET"]}}],"collection":[{"href":"https:\/\/benerly.com.tr\/index.php?rest_route=\/wp\/v2\/product"}],"about":[{"href":"https:\/\/benerly.com.tr\/index.php?rest_route=\/wp\/v2\/types\/product"}],"replies":[{"embeddable":true,"href":"https:\/\/benerly.com.tr\/index.php?rest_route=%2Fwp%2Fv2%2Fcomments&post=100886"}],"wp:featuredmedia":[{"embeddable":true,"href":"https:\/\/benerly.com.tr\/index.php?rest_route=\/wp\/v2\/media\/100892"}],"wp:attachment":[{"href":"https:\/\/benerly.com.tr\/index.php?rest_route=%2Fwp%2Fv2%2Fmedia&parent=100886"}],"wp:term":[{"taxonomy":"product_brand","embeddable":true,"href":"https:\/\/benerly.com.tr\/index.php?rest_route=%2Fwp%2Fv2%2Fproduct_brand&post=100886"},{"taxonomy":"product_cat","embeddable":true,"href":"https:\/\/benerly.com.tr\/index.php?rest_route=%2Fwp%2Fv2%2Fproduct_cat&post=100886"},{"taxonomy":"product_tag","embeddable":true,"href":"https:\/\/benerly.com.tr\/index.php?rest_route=%2Fwp%2Fv2%2Fproduct_tag&post=100886"}],"curies":[{"name":"wp","href":"https:\/\/api.w.org\/{rel}","templated":true}]}}