{"id":122855,"date":"2026-03-15T02:53:52","date_gmt":"2026-03-14T23:53:52","guid":{"rendered":"https:\/\/benerly.com.tr\/?page_id=122855"},"modified":"2026-03-15T02:53:52","modified_gmt":"2026-03-14T23:53:52","slug":"teslimat-ve-iade-sartlari","status":"publish","type":"page","link":"https:\/\/benerly.com.tr\/?page_id=122855","title":{"rendered":"Teslimat ve \u0130ade \u015eartlar\u0131"},"content":{"rendered":"\n<p>Bu sayfa BENERLY ma\u011fazam\u0131z\u0131n teslimat ve iade \u015fartlar\u0131n\u0131 i\u00e7ermektedir.<\/p>\n\n\n\n<p><strong>Teslimat \u015eartlar\u0131:<\/strong> Sipari\u015fleriniz 1-3 i\u015f g\u00fcn\u00fc i\u00e7erisinde kargoya verilir. 2.000 TL ve \u00fczeri al\u0131\u015fveri\u015flerde \u00fccretsiz teslimat uygulanmaktad\u0131r. Detayl\u0131 bilgi i\u00e7in <a href=\"https:\/\/benerly.com.tr\/kargo-teslimat\/\">Kargo &amp; Teslimat<\/a> sayfam\u0131z\u0131 inceleyebilirsiniz.<\/p>\n\n\n\n<p><strong>\u0130ade \u015eartlar\u0131:<\/strong> \u00dcr\u00fcn\u00fc teslim ald\u0131ktan sonraki 14 g\u00fcn i\u00e7inde iade talebinde bulunabilirsiniz. \u0130ade edilecek \u00fcr\u00fcnlerin kullan\u0131lmam\u0131\u015f ve ambalaj\u0131 hasar g\u00f6rmemi\u015f olmas\u0131 gerekmektedir. Detayl\u0131 bilgi i\u00e7in <a href=\"https:\/\/benerly.com.tr\/iptal-iade-degisim\/\">\u0130ptal &amp; \u0130ade &amp; De\u011fi\u015fim<\/a> sayfam\u0131z\u0131 inceleyebilirsiniz.<\/p>\n","protected":false},"excerpt":{"rendered":"<p>Bu sayfa BENERLY ma\u011fazam\u0131z\u0131n teslimat ve iade \u015fartlar\u0131n\u0131 i\u00e7ermektedir. Teslimat \u015eartlar\u0131: Sipari\u015fleriniz 1-3 i\u015f g\u00fcn\u00fc i\u00e7erisinde kargoya verilir. 2.000 TL ve \u00fczeri al\u0131\u015fveri\u015flerde \u00fccretsiz teslimat uygulanmaktad\u0131r. Detayl\u0131 bilgi i\u00e7in Kargo &amp; Teslimat sayfam\u0131z\u0131 inceleyebilirsiniz. \u0130ade \u015eartlar\u0131: \u00dcr\u00fcn\u00fc teslim ald\u0131ktan sonraki 14 g\u00fcn i\u00e7inde iade talebinde bulunabilirsiniz. \u0130ade edilecek \u00fcr\u00fcnlerin kullan\u0131lmam\u0131\u015f ve ambalaj\u0131 hasar g\u00f6rmemi\u015f olmas\u0131 [&#8230;]\n","protected":false},"author":0,"featured_media":0,"parent":0,"menu_order":0,"comment_status":"closed","ping_status":"closed","template":"","meta":{"footnotes":""},"class_list":["post-122855","page","type-page","status-publish","hentry"],"_links":{"self":[{"href":"https:\/\/benerly.com.tr\/index.php?rest_route=\/wp\/v2\/pages\/122855","targetHints":{"allow":["GET"]}}],"collection":[{"href":"https:\/\/benerly.com.tr\/index.php?rest_route=\/wp\/v2\/pages"}],"about":[{"href":"https:\/\/benerly.com.tr\/index.php?rest_route=\/wp\/v2\/types\/page"}],"replies":[{"embeddable":true,"href":"https:\/\/benerly.com.tr\/index.php?rest_route=%2Fwp%2Fv2%2Fcomments&post=122855"}],"version-history":[{"count":0,"href":"https:\/\/benerly.com.tr\/index.php?rest_route=\/wp\/v2\/pages\/122855\/revisions"}],"wp:attachment":[{"href":"https:\/\/benerly.com.tr\/index.php?rest_route=%2Fwp%2Fv2%2Fmedia&parent=122855"}],"curies":[{"name":"wp","href":"https:\/\/api.w.org\/{rel}","templated":true}]}}